{"id":95,"date":"2023-01-02T15:45:16","date_gmt":"2023-01-02T15:45:16","guid":{"rendered":"https:\/\/www.signalsfence.com\/?post_type=product&#038;p=95"},"modified":"2023-01-02T15:53:51","modified_gmt":"2023-01-02T15:53:51","slug":"tri-band-portable-handheld-cell-phone-2g-3g-signal-jammer","status":"publish","type":"product","link":"https:\/\/www.signalsfence.com\/pl\/produkt\/tri-band-portable-handheld-cell-phone-2g-3g-signal-jammer\/","title":{"rendered":"Tr\u00f3jzakresowy przeno\u015bny zag\u0142uszacz sygna\u0142u telefonu kom\u00f3rkowego 2G 3G"},"content":{"rendered":"<p>Antenna: 3pcs omnidirectional antennas<br \/>\nSingle Output Power(each band): 30dBm\/1W<br \/>\nBattery Type: Built-in 7.4V 1500mAh Li-ion battery, can continuously<br \/>\npraca przez 2-3 godziny na pe\u0142nym na\u0142adowaniu<br \/>\nZasilanie (\u0141adowarka): AC Charger (wej\u015bcie: AC100-240V) &amp; Car<br \/>\n\u0141adowarka (DC12V zapalniczka samochodowa)<br \/>\nSize: 100*57*22 mm<br \/>\nWeight: 180g<br \/>\nPakowanie: neutralne opakowanie, OEM jest dost\u0119pny<\/p>","protected":false},"excerpt":{"rendered":"<p>Promie\u0144 zag\u0142uszania: \u2264 15 m (@-75 dBm, nadal zale\u017cy od sygna\u0142u)<br \/>\nsi\u0142a w danym obszarze)<\/p>\n<p>Pasma cz\u0119stotliwo\u015bci (mo\u017cna dostosowa\u0107):<br \/>\n1. GSM \/ CDMA: 850-960 MHz<br \/>\n2. DCS \/ PCS: 1805-1990 MHz<br \/>\n3. 3G: 2110-2170 MHz<\/p>","protected":false},"featured_media":96,"comment_status":"open","ping_status":"closed","template":"","meta":[],"product_brand":[],"product_cat":[23],"product_tag":[],"class_list":{"0":"post-95","1":"product","2":"type-product","3":"status-publish","4":"has-post-thumbnail","6":"product_cat-cell-phone-jammer","8":"first","9":"outofstock","10":"sale","11":"shipping-taxable","12":"purchasable","13":"product-type-simple"},"_links":{"self":[{"href":"https:\/\/www.signalsfence.com\/pl\/wp-json\/wp\/v2\/product\/95","targetHints":{"allow":["GET"]}}],"collection":[{"href":"https:\/\/www.signalsfence.com\/pl\/wp-json\/wp\/v2\/product"}],"about":[{"href":"https:\/\/www.signalsfence.com\/pl\/wp-json\/wp\/v2\/types\/product"}],"replies":[{"embeddable":true,"href":"https:\/\/www.signalsfence.com\/pl\/wp-json\/wp\/v2\/comments?post=95"}],"wp:featuredmedia":[{"embeddable":true,"href":"https:\/\/www.signalsfence.com\/pl\/wp-json\/wp\/v2\/media\/96"}],"wp:attachment":[{"href":"https:\/\/www.signalsfence.com\/pl\/wp-json\/wp\/v2\/media?parent=95"}],"wp:term":[{"taxonomy":"product_brand","embeddable":true,"href":"https:\/\/www.signalsfence.com\/pl\/wp-json\/wp\/v2\/product_brand?post=95"},{"taxonomy":"product_cat","embeddable":true,"href":"https:\/\/www.signalsfence.com\/pl\/wp-json\/wp\/v2\/product_cat?post=95"},{"taxonomy":"product_tag","embeddable":true,"href":"https:\/\/www.signalsfence.com\/pl\/wp-json\/wp\/v2\/product_tag?post=95"}],"curies":[{"name":"wp","href":"https:\/\/api.w.org\/{rel}","templated":true}]}}