{"id":90,"date":"2023-01-01T14:04:04","date_gmt":"2023-01-01T14:04:04","guid":{"rendered":"https:\/\/www.signalsfence.com\/?post_type=product&#038;p=90"},"modified":"2023-01-01T14:04:42","modified_gmt":"2023-01-01T14:04:42","slug":"4-bands-portable-handheld-cell-phone-2g-3g-wifi-bluetooth-signal-jammer","status":"publish","type":"product","link":"https:\/\/www.signalsfence.com\/pl\/produkt\/4-bands-portable-handheld-cell-phone-2g-3g-wifi-bluetooth-signal-jammer\/","title":{"rendered":"4 Bands Portable Handheld Cell Phone 2G 3G &amp; WiFi \/ Bluetooth Signal Jammer"},"content":{"rendered":"<p>Antena: 4 sztuki anten dook\u00f3lnych<br \/>\nSingle Output Power(each band): 30dBm\/1W<br \/>\nTyp akumulatora: Wbudowana bateria litowo-jonowa 7,2 V 3000 mAh, mo\u017ce nieprzerwanie<br \/>\nPraca przez 2-3 godziny na pe\u0142nym na\u0142adowaniu. Zasilanie (\u0142adowarka): \u0141adowarka sieciowa (wej\u015bcie: AC100-240V) i samochodowa<br \/>\n\u0141adowarka (zapalniczka samochodowa DC12-24V)<br \/>\nRozmiar: 110*62*30 mm (bez anten)<br \/>\nWaga: 300g<br \/>\nPakowanie: neutralne opakowanie, OEM jest dost\u0119pny<\/p>","protected":false},"excerpt":{"rendered":"<p>Promie\u0144 zag\u0142uszania: \u2264 15 m (@-75 dBm, nadal zale\u017cy od sygna\u0142u)<br \/>\nsi\u0142a w danym obszarze)<br \/>\nPasma cz\u0119stotliwo\u015bci (mo\u017cna dostosowa\u0107):<br \/>\n1. GSM \/ CDMA: 850-960 MHz<br \/>\n2. DCS \/ PCS: 1805-1990 MHz<br \/>\n3. 3G: 2110-2170 MHz<br \/>\n4. 2.4G WiFi \/ Bluetooth: 2400-2500MHz<\/p>","protected":false},"featured_media":87,"comment_status":"open","ping_status":"closed","template":"","meta":[],"product_brand":[],"product_cat":[20,15],"product_tag":[],"class_list":{"0":"post-90","1":"product","2":"type-product","3":"status-publish","4":"has-post-thumbnail","6":"product_cat-bluetooth-jammer","7":"product_cat-wifi-jammer","9":"first","10":"instock","11":"sale","12":"shipping-taxable","13":"purchasable","14":"product-type-simple"},"_links":{"self":[{"href":"https:\/\/www.signalsfence.com\/pl\/wp-json\/wp\/v2\/product\/90","targetHints":{"allow":["GET"]}}],"collection":[{"href":"https:\/\/www.signalsfence.com\/pl\/wp-json\/wp\/v2\/product"}],"about":[{"href":"https:\/\/www.signalsfence.com\/pl\/wp-json\/wp\/v2\/types\/product"}],"replies":[{"embeddable":true,"href":"https:\/\/www.signalsfence.com\/pl\/wp-json\/wp\/v2\/comments?post=90"}],"wp:featuredmedia":[{"embeddable":true,"href":"https:\/\/www.signalsfence.com\/pl\/wp-json\/wp\/v2\/media\/87"}],"wp:attachment":[{"href":"https:\/\/www.signalsfence.com\/pl\/wp-json\/wp\/v2\/media?parent=90"}],"wp:term":[{"taxonomy":"product_brand","embeddable":true,"href":"https:\/\/www.signalsfence.com\/pl\/wp-json\/wp\/v2\/product_brand?post=90"},{"taxonomy":"product_cat","embeddable":true,"href":"https:\/\/www.signalsfence.com\/pl\/wp-json\/wp\/v2\/product_cat?post=90"},{"taxonomy":"product_tag","embeddable":true,"href":"https:\/\/www.signalsfence.com\/pl\/wp-json\/wp\/v2\/product_tag?post=90"}],"curies":[{"name":"wp","href":"https:\/\/api.w.org\/{rel}","templated":true}]}}