{"id":81,"date":"2023-01-01T12:26:06","date_gmt":"2023-01-01T12:26:06","guid":{"rendered":"https:\/\/www.signalsfence.com\/?post_type=product&#038;p=81"},"modified":"2024-09-02T13:48:20","modified_gmt":"2024-09-02T13:48:20","slug":"6-bands-portable-handheld-all-wifi-bluetooth-gps-signal-jammer","status":"publish","type":"product","link":"https:\/\/www.signalsfence.com\/pl\/produkt\/6-bands-portable-handheld-all-wifi-bluetooth-gps-signal-jammer\/","title":{"rendered":"6 Bands Portable Handheld All WiFi \/ Bluetooth &amp; GPS Signal Jammer"},"content":{"rendered":"<p>Antena: 6 sztuk anten dook\u00f3lnych<br \/>\nPojedyncza moc wyj\u015bciowa (ka\u017cde pasmo): 30dBm \/ 1W<br \/>\nTyp akumulatora: Wbudowany akumulator litowo-jonowy 7,4 V 3600 mAh, mo\u017ce stale<br \/>\npraca przez 2-3 godziny na pe\u0142nym na\u0142adowaniu<br \/>\nZasilanie (\u0141adowarka): AC Charger (wej\u015bcie: AC100-240V) &amp; Car<br \/>\n\u0141adowarka (zapalniczka samochodowa DC12-24V)<br \/>\nWymiar: 140*75*35 mm (bez anten)<br \/>\nWaga: 500g<br \/>\nPakowanie: neutralne opakowanie, OEM jest dost\u0119pny<\/p>","protected":false},"excerpt":{"rendered":"<p>Promie\u0144 zag\u0142uszania: \u2264 15 m (@-75 dBm, nadal zale\u017cy od sygna\u0142u)<br \/>\nsi\u0142a w danym obszarze)<br \/>\nPasma cz\u0119stotliwo\u015bci (mo\u017cna dostosowa\u0107):<br \/>\n1. 2.4G WiFi \/ Bluetooth: 2400-2500 MHz<br \/>\n2. 5.2G WiFi: 5150-5350MHz<br \/>\n3. 5.8G WiFi: 5470-5725MHz (standard UE) \/ 5.8G WiFi: 5715-5860MHz (standard USA)<br \/>\n4. GPS L1 \/ Galileo E1 \/ Glonass L1 \/ BeiDou B1: 1520-1620 MHz<br \/>\n5. GPS L2+L5 \/Galileo E5a+E5b+E6 \/Glonass L2+L3 \/BeiDou B2+B3:<br \/>\n1160-1300MHz<br \/>\n6. GPS L3+L4: 1300-1400 MHz<\/p>","protected":false},"featured_media":78,"comment_status":"open","ping_status":"closed","template":"","meta":[],"product_brand":[],"product_cat":[15],"product_tag":[],"class_list":{"0":"post-81","1":"product","2":"type-product","3":"status-publish","4":"has-post-thumbnail","6":"product_cat-wifi-jammer","8":"first","9":"instock","10":"sale","11":"shipping-taxable","12":"purchasable","13":"product-type-simple"},"_links":{"self":[{"href":"https:\/\/www.signalsfence.com\/pl\/wp-json\/wp\/v2\/product\/81","targetHints":{"allow":["GET"]}}],"collection":[{"href":"https:\/\/www.signalsfence.com\/pl\/wp-json\/wp\/v2\/product"}],"about":[{"href":"https:\/\/www.signalsfence.com\/pl\/wp-json\/wp\/v2\/types\/product"}],"replies":[{"embeddable":true,"href":"https:\/\/www.signalsfence.com\/pl\/wp-json\/wp\/v2\/comments?post=81"}],"wp:featuredmedia":[{"embeddable":true,"href":"https:\/\/www.signalsfence.com\/pl\/wp-json\/wp\/v2\/media\/78"}],"wp:attachment":[{"href":"https:\/\/www.signalsfence.com\/pl\/wp-json\/wp\/v2\/media?parent=81"}],"wp:term":[{"taxonomy":"product_brand","embeddable":true,"href":"https:\/\/www.signalsfence.com\/pl\/wp-json\/wp\/v2\/product_brand?post=81"},{"taxonomy":"product_cat","embeddable":true,"href":"https:\/\/www.signalsfence.com\/pl\/wp-json\/wp\/v2\/product_cat?post=81"},{"taxonomy":"product_tag","embeddable":true,"href":"https:\/\/www.signalsfence.com\/pl\/wp-json\/wp\/v2\/product_tag?post=81"}],"curies":[{"name":"wp","href":"https:\/\/api.w.org\/{rel}","templated":true}]}}