{"id":72,"date":"2023-01-01T09:56:32","date_gmt":"2023-01-01T09:56:32","guid":{"rendered":"https:\/\/www.signalsfence.com\/?post_type=product&#038;p=72"},"modified":"2024-07-01T12:41:35","modified_gmt":"2024-07-01T12:41:35","slug":"custom-10-bands-portable-handheld-wireless-microphone-vhf-uhf-band-signal-jammer","status":"publish","type":"product","link":"https:\/\/www.signalsfence.com\/pl\/produkt\/custom-10-bands-portable-handheld-wireless-microphone-vhf-uhf-band-signal-jammer\/","title":{"rendered":"Custom 10 Bands Portable Handheld Wireless Microphone (VHF &amp; UHF band) Signal Jammer"},"content":{"rendered":"<p>Antena: 10 sztuk anten dook\u00f3lnych<br \/>\nPojedyncza moc wyj\u015bciowa (ka\u017cde pasmo): 30dBm \/ 1W<br \/>\nTyp akumulatora: Wbudowany akumulator litowo-jonowy 7,4 V 4500 mAh, mo\u017ce stale<br \/>\npraca przez 2-3 godziny na pe\u0142nym na\u0142adowaniu<br \/>\nZasilacz (\u0142adowarka): AC100-240V lub DC12-36V, mo\u017ce by\u0107 \u0142adowany przez<br \/>\nZapalniczka samochodowa DC12V<br \/>\nWymiar: 170*100*50 mm bez anten (z antenami o wysoko\u015bci<br \/>\nw 300 mm)<br \/>\nWaga: 800g<\/p>","protected":false},"excerpt":{"rendered":"<p>Promie\u0144 zag\u0142uszania: \u2264 15m (zale\u017cy jeszcze od si\u0142y sygna\u0142u w danym<br \/>\nobszar)<br \/>\nPasma cz\u0119stotliwo\u015bci (mo\u017cna dostosowa\u0107):<br \/>\n1. wireless microphone 1 (VHF band): 135-175MHz<br \/>\n2. wireless microphone 2 (VHF band): 175-230MHz<br \/>\n3. wireless microphone 3 (VHF band): 230-280MHz<br \/>\n4. wireless microphone 4 (UHF band): 400-470MHz<br \/>\n5. wireless microphone 5 (UHF band): 470-520MHz<br \/>\n6. wireless microphone 6 (UHF band): 520-570MHz<br \/>\n7. wireless microphone 7 (UHF band): 570-620MHz<br \/>\n8. wireless microphone 8 (UHF band): 620-700MHz<br \/>\n9. wireless microphone 9 (UHF band): 700-800MHz<br \/>\n10. wireless microphone 10 (UHF band): 800-900MHz<\/p>","protected":false},"featured_media":67,"comment_status":"open","ping_status":"closed","template":"","meta":[],"product_brand":[],"product_cat":[15],"product_tag":[],"class_list":{"0":"post-72","1":"product","2":"type-product","3":"status-publish","4":"has-post-thumbnail","6":"product_cat-wifi-jammer","8":"first","9":"instock","10":"sale","11":"shipping-taxable","12":"purchasable","13":"product-type-simple"},"_links":{"self":[{"href":"https:\/\/www.signalsfence.com\/pl\/wp-json\/wp\/v2\/product\/72","targetHints":{"allow":["GET"]}}],"collection":[{"href":"https:\/\/www.signalsfence.com\/pl\/wp-json\/wp\/v2\/product"}],"about":[{"href":"https:\/\/www.signalsfence.com\/pl\/wp-json\/wp\/v2\/types\/product"}],"replies":[{"embeddable":true,"href":"https:\/\/www.signalsfence.com\/pl\/wp-json\/wp\/v2\/comments?post=72"}],"wp:featuredmedia":[{"embeddable":true,"href":"https:\/\/www.signalsfence.com\/pl\/wp-json\/wp\/v2\/media\/67"}],"wp:attachment":[{"href":"https:\/\/www.signalsfence.com\/pl\/wp-json\/wp\/v2\/media?parent=72"}],"wp:term":[{"taxonomy":"product_brand","embeddable":true,"href":"https:\/\/www.signalsfence.com\/pl\/wp-json\/wp\/v2\/product_brand?post=72"},{"taxonomy":"product_cat","embeddable":true,"href":"https:\/\/www.signalsfence.com\/pl\/wp-json\/wp\/v2\/product_cat?post=72"},{"taxonomy":"product_tag","embeddable":true,"href":"https:\/\/www.signalsfence.com\/pl\/wp-json\/wp\/v2\/product_tag?post=72"}],"curies":[{"name":"wp","href":"https:\/\/api.w.org\/{rel}","templated":true}]}}