{"id":220,"date":"2023-05-18T23:38:44","date_gmt":"2023-05-18T23:38:44","guid":{"rendered":"https:\/\/www.signalsfence.com\/?post_type=product&#038;p=220"},"modified":"2025-11-14T19:13:03","modified_gmt":"2025-11-14T19:13:03","slug":"6-bands-portable-handheld-cell-phone-2g-3g-4g-wifi-car-gps-tracker-signal-jammer","status":"publish","type":"product","link":"https:\/\/www.signalsfence.com\/pl\/produkt\/6-bands-portable-handheld-cell-phone-2g-3g-4g-wifi-car-gps-tracker-signal-jammer\/","title":{"rendered":"6-pasmowy przeno\u015bny r\u0119czny zag\u0142uszacz sygna\u0142u telefonu kom\u00f3rkowego 2G 3G 4G i WiFi \/ samochodowy lokalizator GPS"},"content":{"rendered":"<p>Antena: 6 sztuk anten dook\u00f3lnych<br \/>\nPojedyncza moc wyj\u015bciowa (ka\u017cde pasmo): 30dBm \/ 1W<br \/>\nTyp akumulatora: Wbudowany akumulator litowo-jonowy 7,4 V 3600 mAh, mo\u017ce stale<br \/>\npraca przez 2-3 godziny na pe\u0142nym na\u0142adowaniu<br \/>\nZasilanie (\u0141adowarka): AC Charger (wej\u015bcie: AC100-240V) &amp; Car<br \/>\n\u0141adowarka (zapalniczka samochodowa DC12-24V)<br \/>\nWymiar: 140*75*35 mm (bez anten)<br \/>\nWaga: 500g<\/p>","protected":false},"excerpt":{"rendered":"<p>Promie\u0144 zag\u0142uszania: \u2264 15 m (@-75 dBm, nadal zale\u017cy od sygna\u0142u)<br \/>\nsi\u0142a w danym obszarze)<br \/>\nPasma cz\u0119stotliwo\u015bci:<br \/>\n1. GSM 900 \/ CDMA 850 \/ RC868 \/ RC915 \/ LoRa: 850-960MHz<br \/>\n2. GSM 1800 \/ DCS \/ 4G FDD-LTE 1800: 1805-1880MHz<br \/>\n3. 3G \/ WCDMA \/ UMTS 2100: 2110-2170MHz<br \/>\n4. 4G FDD&amp;TD-LTE 2600: 2570-2690MHz<br \/>\n5. 4G FDD-LTE 800: 758-821MHz<br \/>\n6. GPS L1 \/ Galileo E1 \/ Glonass L1 \/ BeiDou B1: 1520-1620 MHz<\/p>","protected":false},"featured_media":78,"comment_status":"open","ping_status":"closed","template":"","meta":[],"product_brand":[],"product_cat":[15],"product_tag":[],"class_list":{"0":"post-220","1":"product","2":"type-product","3":"status-publish","4":"has-post-thumbnail","6":"product_cat-wifi-jammer","8":"first","9":"instock","10":"sale","11":"shipping-taxable","12":"purchasable","13":"product-type-simple"},"_links":{"self":[{"href":"https:\/\/www.signalsfence.com\/pl\/wp-json\/wp\/v2\/product\/220","targetHints":{"allow":["GET"]}}],"collection":[{"href":"https:\/\/www.signalsfence.com\/pl\/wp-json\/wp\/v2\/product"}],"about":[{"href":"https:\/\/www.signalsfence.com\/pl\/wp-json\/wp\/v2\/types\/product"}],"replies":[{"embeddable":true,"href":"https:\/\/www.signalsfence.com\/pl\/wp-json\/wp\/v2\/comments?post=220"}],"wp:featuredmedia":[{"embeddable":true,"href":"https:\/\/www.signalsfence.com\/pl\/wp-json\/wp\/v2\/media\/78"}],"wp:attachment":[{"href":"https:\/\/www.signalsfence.com\/pl\/wp-json\/wp\/v2\/media?parent=220"}],"wp:term":[{"taxonomy":"product_brand","embeddable":true,"href":"https:\/\/www.signalsfence.com\/pl\/wp-json\/wp\/v2\/product_brand?post=220"},{"taxonomy":"product_cat","embeddable":true,"href":"https:\/\/www.signalsfence.com\/pl\/wp-json\/wp\/v2\/product_cat?post=220"},{"taxonomy":"product_tag","embeddable":true,"href":"https:\/\/www.signalsfence.com\/pl\/wp-json\/wp\/v2\/product_tag?post=220"}],"curies":[{"name":"wp","href":"https:\/\/api.w.org\/{rel}","templated":true}]}}