{"id":212,"date":"2023-04-26T11:44:20","date_gmt":"2023-04-26T11:44:20","guid":{"rendered":"https:\/\/www.signalsfence.com\/?post_type=product&#038;p=212"},"modified":"2025-05-29T15:07:18","modified_gmt":"2025-05-29T15:07:18","slug":"5g-gsm-jammer-wifi-5ghz-bluetooth-2-4g-gps-jammer-with-10-antennas","status":"publish","type":"product","link":"https:\/\/www.signalsfence.com\/pl\/produkt\/5g-gsm-jammer-wifi-5ghz-bluetooth-2-4g-gps-jammer-with-10-antennas\/","title":{"rendered":"5G GSM Jammer WiFI 5Ghz Bluetooth 2.4G GPS Jammer z 10 antenami"},"content":{"rendered":"<p>Bateria: Akumulator Ni-Mh: 4500MAh Czas pracy 1,0 godziny +.<br \/>\nDobry system ch\u0142odzenia z radiatorem i wentylatorem wewn\u0105trz, tem ni\u017csze ni\u017c 45 \u2103<br \/>\nMo\u017cliwo\u015b\u0107 u\u017cywania podczas \u0142adowania baterii<br \/>\nWsparcie Zasilany przez \u0142adowark\u0119 samochodow\u0105<br \/>\nWszystkie cz\u0119stotliwo\u015bci TX pokrywaj\u0105 tylko \u0142\u0105cze w d\u00f3\u0142<br \/>\nZasilanie\uff1a50\/60Hz\/AC 100 ~ 240V do DC 12V<br \/>\nWymiar: 145 x 95 x 45mm nie zawiera anten<br \/>\nWaga 1,0 Kg<\/p>\n<p>Zawarto\u015b\u0107 opakowania:<br \/>\n1pc Portable Signal Jammer<br \/>\n1szt \u0141adowarka AC<br \/>\n1szt \u0141adowarka samochodowa<br \/>\n10szt Antena<\/p>","protected":false},"excerpt":{"rendered":"<p>Mo\u017cliwo\u015bci 2G: GSM 900, GSM 1800<br \/>\nMo\u017cliwo\u015bci 3G: UMTS 900, UMTS 2100<br \/>\nMo\u017cliwo\u015bci 4G: LTE 700 (B28), LTE 800 (B20), LTE 900 (B8 - Telekom i Vodafone), LTE 1800 (B3), LTE 2100 (B1), LTE 2600 (B7, B38 - Vodafone)<br \/>\nMo\u017cliwo\u015bci 5G: 5G 3500<br \/>\nGPS L1 + Glonass L1: 1560-1620MHz<br \/>\nWFi 2,4GHz: 2400-2500MHz<br \/>\nWiFi 5.8G 11.a: 5,7-,5,9GHz<br \/>\nGPS L2 + Glonass L2: 1220-1280MHz<\/p>\n<p>Zasi\u0119g zag\u0142uszania: Promie\u0144 1m do 10 Metr\u00f3w ( Dla UAV Drones 20m do 100m )<br \/>\nOdleg\u0142o\u015b\u0107 zag\u0142uszania zawsze zmienia si\u0119 w zale\u017cno\u015bci od si\u0142y sygna\u0142u i lokalizacji<br \/>\nKa\u017cde pasmo mo\u017ce by\u0107 w\u0142\u0105czone\/wy\u0142\u0105czone bez wp\u0142ywu na dzia\u0142anie innych pasm.<\/p>","protected":false},"featured_media":213,"comment_status":"open","ping_status":"closed","template":"","meta":[],"product_brand":[],"product_cat":[23,15,20,25,19],"product_tag":[],"class_list":{"0":"post-212","1":"product","2":"type-product","3":"status-publish","4":"has-post-thumbnail","6":"product_cat-cell-phone-jammer","7":"product_cat-wifi-jammer","8":"product_cat-bluetooth-jammer","9":"product_cat-camera-jammer","10":"product_cat-gps-jammer","12":"first","13":"instock","14":"sale","15":"shipping-taxable","16":"purchasable","17":"product-type-simple"},"_links":{"self":[{"href":"https:\/\/www.signalsfence.com\/pl\/wp-json\/wp\/v2\/product\/212","targetHints":{"allow":["GET"]}}],"collection":[{"href":"https:\/\/www.signalsfence.com\/pl\/wp-json\/wp\/v2\/product"}],"about":[{"href":"https:\/\/www.signalsfence.com\/pl\/wp-json\/wp\/v2\/types\/product"}],"replies":[{"embeddable":true,"href":"https:\/\/www.signalsfence.com\/pl\/wp-json\/wp\/v2\/comments?post=212"}],"wp:featuredmedia":[{"embeddable":true,"href":"https:\/\/www.signalsfence.com\/pl\/wp-json\/wp\/v2\/media\/213"}],"wp:attachment":[{"href":"https:\/\/www.signalsfence.com\/pl\/wp-json\/wp\/v2\/media?parent=212"}],"wp:term":[{"taxonomy":"product_brand","embeddable":true,"href":"https:\/\/www.signalsfence.com\/pl\/wp-json\/wp\/v2\/product_brand?post=212"},{"taxonomy":"product_cat","embeddable":true,"href":"https:\/\/www.signalsfence.com\/pl\/wp-json\/wp\/v2\/product_cat?post=212"},{"taxonomy":"product_tag","embeddable":true,"href":"https:\/\/www.signalsfence.com\/pl\/wp-json\/wp\/v2\/product_tag?post=212"}],"curies":[{"name":"wp","href":"https:\/\/api.w.org\/{rel}","templated":true}]}}