{"id":195,"date":"2023-04-06T15:24:45","date_gmt":"2023-04-06T15:24:45","guid":{"rendered":"https:\/\/www.signalsfence.com\/?post_type=product&#038;p=195"},"modified":"2025-04-27T09:01:34","modified_gmt":"2025-04-27T09:01:34","slug":"11-bands-portable-suitcase-type-0-60m-adjustable-cell-phone-2g-3g-4g-wifi-bluetooth-gps-lojack-walkie-talkie-remote-control-signal-jammer-with-built-in-battery","status":"publish","type":"product","link":"https:\/\/www.signalsfence.com\/pl\/produkt\/11-bands-portable-suitcase-type-0-60m-adjustable-cell-phone-2g-3g-4g-wifi-bluetooth-gps-lojack-walkie-talkie-remote-control-signal-jammer-with-built-in-battery\/","title":{"rendered":"11 pasm Przeno\u015bna walizka Typ 0-60m Regulowany telefon kom\u00f3rkowy 2G 3G 4G &amp; WiFi \/ Bluetooth &amp; GPS &amp; LoJack &amp; Walkie-Talkie &amp; Remote Control Signal Jammer z wbudowanym akumulatorem"},"content":{"rendered":"<p>Moc wyj\u015bciowa pojedyncza (ka\u017cde pasmo): \u2264 37dBm \/ 5W (regulowana za pomoc\u0105<br \/>\npokr\u0119t\u0142o regulacji mocy)<br \/>\nFunkcja: przeno\u015bna konstrukcja walizki, wbudowany akumulator, doskona\u0142y system ch\u0142odzenia, wy\u015bwietlacz napi\u0119cia baterii w czasie rzeczywistym, niski alarm baterii, ochrona VSWR, niezale\u017cny projekt modu\u0142u dla ka\u017cdego kana\u0142u, wojskowy<br \/>\njako\u015b\u0107, Obs\u0142uga trzech niezale\u017cnych tryb\u00f3w zasilania (z prze\u0142\u0105cznikiem 4C, bardziej elastyczny, odpowiedni dla r\u00f3\u017cnych miejsc):<br \/>\n1. Zasilacz AC (AC \/ DC adapter(Input: AC100V-240V; Wyj\u015bcie:<br \/>\nDC27V\/6,2A))<br \/>\n2. Wbudowany w zasilaczu baterii (opcja): wbudowany DC24V 20AH wysokiej pojemno\u015bci Li-ion baterii, mo\u017ce stale pracowa\u0107<br \/>\nprzez 1,5-2 godziny przy pe\u0142nym na\u0142adowaniu<br \/>\n3. Zewn\u0119trzne zasilanie awaryjne: dowolny zewn\u0119trzny zasilacz lub<br \/>\nakumulator pod DC24V 15A<br \/>\nJednostka g\u0142\u00f3wna Waga: 13.2kg Wymiar: 517*433*200mm<br \/>\nWaga opakowania(N.W.): 16kg<br \/>\nPakowanie: neutralne opakowanie, OEM jest dost\u0119pny<\/p>","protected":false},"excerpt":{"rendered":"<p>Antena: 11szt anten dook\u00f3lnych<br \/>\nPromie\u0144 zag\u0142uszania: 0-60m regulowany (@-75dBm, nadal zale\u017cy od<br \/>\nsi\u0142a sygna\u0142u na danym obszarze)<\/p>\n<p>Frequency Bands(dla Europy &amp; UK &amp; Bliskiego Wschodu &amp; Afryki, mog\u0105 by\u0107 dostosowane):<br \/>\n1. GSM 900 \/ CDMA 850 \/ RC868 \/ RC915 \/ LoRa: 850-960MHz<br \/>\n2. GSM 1800 \/ DCS \/ 4G FDD-LTE 1800: 1805-1880MHz<br \/>\n3. 3G \/ WCDMA \/ UMTS 2100: 2110-2170MHz<br \/>\n4. 4G FDD&amp;TD-LTE 2600: 2570-2690MHz<br \/>\n5. 4G FDD-LTE 800: 758-821MHz<br \/>\n6. 2.4G WiFi \/ Bluetooth: 2400-2500MHz<br \/>\n7. GPS L1 \/ Galileo E1 \/ Glonass L1 \/ BeiDou B1: 1520-1620MHz<br \/>\n8. GPS L2+L5 \/Galileo E5a+E5b+E6 \/Glonass L2+L3 \/BeiDou B2+B3:<br \/>\n1160-1300MHz<br \/>\n9. LoJack \/ Radio VHF: 135-175MHz<br \/>\n10. Radio UHF \/ RC433: 400-470MHz<br \/>\n11. RC315: 315MHz<\/p>","protected":false},"featured_media":200,"comment_status":"open","ping_status":"closed","template":"","meta":[],"product_brand":[],"product_cat":[23,15,20,25,19,26],"product_tag":[28],"class_list":{"0":"post-195","1":"product","2":"type-product","3":"status-publish","4":"has-post-thumbnail","6":"product_cat-cell-phone-jammer","7":"product_cat-wifi-jammer","8":"product_cat-bluetooth-jammer","9":"product_cat-camera-jammer","10":"product_cat-gps-jammer","11":"product_cat-uhf-vhf-jammer","12":"product_tag-suitcase-jammer","14":"first","15":"instock","16":"sale","17":"shipping-taxable","18":"purchasable","19":"product-type-simple"},"_links":{"self":[{"href":"https:\/\/www.signalsfence.com\/pl\/wp-json\/wp\/v2\/product\/195","targetHints":{"allow":["GET"]}}],"collection":[{"href":"https:\/\/www.signalsfence.com\/pl\/wp-json\/wp\/v2\/product"}],"about":[{"href":"https:\/\/www.signalsfence.com\/pl\/wp-json\/wp\/v2\/types\/product"}],"replies":[{"embeddable":true,"href":"https:\/\/www.signalsfence.com\/pl\/wp-json\/wp\/v2\/comments?post=195"}],"wp:featuredmedia":[{"embeddable":true,"href":"https:\/\/www.signalsfence.com\/pl\/wp-json\/wp\/v2\/media\/200"}],"wp:attachment":[{"href":"https:\/\/www.signalsfence.com\/pl\/wp-json\/wp\/v2\/media?parent=195"}],"wp:term":[{"taxonomy":"product_brand","embeddable":true,"href":"https:\/\/www.signalsfence.com\/pl\/wp-json\/wp\/v2\/product_brand?post=195"},{"taxonomy":"product_cat","embeddable":true,"href":"https:\/\/www.signalsfence.com\/pl\/wp-json\/wp\/v2\/product_cat?post=195"},{"taxonomy":"product_tag","embeddable":true,"href":"https:\/\/www.signalsfence.com\/pl\/wp-json\/wp\/v2\/product_tag?post=195"}],"curies":[{"name":"wp","href":"https:\/\/api.w.org\/{rel}","templated":true}]}}