{"id":175,"date":"2023-03-22T09:31:09","date_gmt":"2023-03-22T09:31:09","guid":{"rendered":"https:\/\/www.signalsfence.com\/?post_type=product&#038;p=175"},"modified":"2026-01-19T08:48:12","modified_gmt":"2026-01-19T08:48:12","slug":"2-antennas-lighter-gps-l1-l2-jammer-for-car","status":"publish","type":"product","link":"https:\/\/www.signalsfence.com\/pl\/produkt\/2-antennas-lighter-gps-l1-l2-jammer-for-car\/","title":{"rendered":"2 Anteny Zapalniczka GPS L1 L2 Jammer Dla Samochodu"},"content":{"rendered":"<p class=\"translation-block\">Moc ca\u0142kowita: 0,8 W<br>\r\nTemperatura pracy: - 30 ~ 60 \u2103<br>\r\nWilgotno\u015b\u0107 wzgl\u0119dna: 5 ~ 95%<br>\r\nTemperatura przechowywania: - 50 ~ 60 \u2103<br>\r\n\u0179r\u00f3d\u0142o zasilania: \u0142adowarka samochodowa<br>\r\nWaga: 100g<\/p>\n<p class=\"translation-block\">Instrukcja u\u017cytkowania:<br>.\r\n1. Wyjmij urz\u0105dzenie GPS i zainstaluj anten\u0119.<br>.\r\n2. W\u0142\u00f3\u017c odpowiedni interfejs zapalniczki samochodowej.<br>\r\n3. Po w\u0142\u0105czeniu urz\u0105dzenia, lampka kontrolna jest w\u0142\u0105czona i dzia\u0142a normalnie.<br>\r\n4. Usu\u0144 zag\u0142uszacz sygna\u0142u GPS bezpo\u015brednio po u\u017cyciu.<\/p>\n<p>Opakowanie zawiera: 2-pasmowy zag\u0142uszacz GPS z zapalniczk\u0105*1<\/p>","protected":false},"excerpt":{"rendered":"<p>2-pasmowy GPS jammer, kt\u00f3ry mo\u017ce zak\u0142\u00f3ca\u0107 zwyk\u0142e cywilne globalne sygna\u0142y satelitarne L1 i L2 w jednym czasie. Jest ma\u0142y i ukryty. Mo\u017ce by\u0107 zasilany z zapalniczki samochodowej. Cz\u0119sto stosowany jest w samochodach. Maksymalny promie\u0144 zak\u0142\u00f3ce\u0144 wynosi 10 metr\u00f3w (w zale\u017cno\u015bci od sygna\u0142u na danym terenie.) si\u0142a).<\/p>\n<p>Cz\u0119stotliwo\u015b\u0107 zak\u0142\u00f3ce\u0144:<br \/>\nGPS L1: 1500 - 1600 MHz<br \/>\nGPS L2: 1220 - 1230 MHz<\/p>","protected":false},"featured_media":176,"comment_status":"open","ping_status":"closed","template":"","meta":[],"product_brand":[],"product_cat":[19],"product_tag":[],"class_list":{"0":"post-175","1":"product","2":"type-product","3":"status-publish","4":"has-post-thumbnail","6":"product_cat-gps-jammer","8":"first","9":"instock","10":"sale","11":"shipping-taxable","12":"purchasable","13":"product-type-simple"},"_links":{"self":[{"href":"https:\/\/www.signalsfence.com\/pl\/wp-json\/wp\/v2\/product\/175","targetHints":{"allow":["GET"]}}],"collection":[{"href":"https:\/\/www.signalsfence.com\/pl\/wp-json\/wp\/v2\/product"}],"about":[{"href":"https:\/\/www.signalsfence.com\/pl\/wp-json\/wp\/v2\/types\/product"}],"replies":[{"embeddable":true,"href":"https:\/\/www.signalsfence.com\/pl\/wp-json\/wp\/v2\/comments?post=175"}],"wp:featuredmedia":[{"embeddable":true,"href":"https:\/\/www.signalsfence.com\/pl\/wp-json\/wp\/v2\/media\/176"}],"wp:attachment":[{"href":"https:\/\/www.signalsfence.com\/pl\/wp-json\/wp\/v2\/media?parent=175"}],"wp:term":[{"taxonomy":"product_brand","embeddable":true,"href":"https:\/\/www.signalsfence.com\/pl\/wp-json\/wp\/v2\/product_brand?post=175"},{"taxonomy":"product_cat","embeddable":true,"href":"https:\/\/www.signalsfence.com\/pl\/wp-json\/wp\/v2\/product_cat?post=175"},{"taxonomy":"product_tag","embeddable":true,"href":"https:\/\/www.signalsfence.com\/pl\/wp-json\/wp\/v2\/product_tag?post=175"}],"curies":[{"name":"wp","href":"https:\/\/api.w.org\/{rel}","templated":true}]}}