{"id":163,"date":"2023-03-02T10:41:13","date_gmt":"2023-03-02T10:41:13","guid":{"rendered":"https:\/\/www.signalsfence.com\/?post_type=product&#038;p=163"},"modified":"2025-09-23T23:00:45","modified_gmt":"2025-09-23T23:00:45","slug":"portable-cell-phone-signals-jammer-3g-4g-wifi-gps-l1-lojack-vhf","status":"publish","type":"product","link":"https:\/\/www.signalsfence.com\/pl\/produkt\/portable-cell-phone-signals-jammer-3g-4g-wifi-gps-l1-lojack-vhf\/","title":{"rendered":"Przeno\u015bny telefon kom\u00f3rkowy Sygna\u0142y Jammer 3G 4G WIFI GPS L1 LOJACK VHF"},"content":{"rendered":"<p class=\"translation-block\">You can select the 8 frequency bands(CDMA, GSM, DCS\/PCS, 3G, 4G, GPS, WIFI, LOJACK) you need in one jammer.<br>\r\nJamming range: up to 15m, the jamming radius still depends on the strength signal in given area.<\/p>\n<p class=\"translation-block\"><strong>Blcoking Frequencies:<\/strong><br>\r\n(1)CDMA\/GSM: 850-960MHz<br>\r\n(2)DCS\/PCS: 1805 -1990MHz<br>\r\n(3)3G: 2110-2170MHz<br>\r\n(4)GPS\uff1a1570MHZ-1610MHZ<br>\r\n(5)WIFI: 2400-2485MHZ<br>\r\n(6)LOJACK: 168MHZ-178MHZ<br>\r\n(7)4G(LTE): 725-770 OR 790-862<br>\r\n(8)4G: 2345-2400 OR 2620-2690MHZ<\/p>\n<p class=\"translation-block\">Total output power: 4W.<br>\r\nSmall size design so the temperature is a bit higher.<br>\r\nExternal Omni-directional antennas all the TX frequency covered down link only.<br>\r\nPower supply: 50 to 60Hz, 100 to 240V AC.<br>\r\nWith AC adapter (AC100-240V-DC12V), 4000mA\/H battery.<br>\r\nDimension: 130x80x38mm and not include antennas.<br>\r\nInner box dimension: 230x170x70mm.<br>\r\nFull set weight: 0.8kg.<\/p>\n<p class=\"translation-block\"><strong>Advantages:<\/strong><br>\r\n1. Multiple bands.<br>\r\n2. High output power.<br>\r\n3. Cooling fan inside.<br>\r\n4. Could be used in car directly with the car charger and AC charger.<\/p>\n<p class=\"translation-block\">ATTENTION\uff1aBefore turning on the device, you must install the antennas accordlng to the mark indication on the main unit.<br>\r\nWarranty: One year from delivery date.<\/p>","protected":false},"excerpt":{"rendered":"<p>You can select the 8 frequency bands(CDMA, GSM, DCS\/PCS, 3G, 4G, GPS, WIFI, LOJACK) you need in one jammer. Jamming range: up to 15m, the jamming radius still depends on the strength signal in given area. Blcoking Frequencies: (1)CDMA\/GSM: 850-960MHz (2)DCS\/PCS: 1805 -1990MHz (3)3G: 2110-2170MHz (4)GPS\uff1a1570MHZ-1610MHZ (5)WIFI: 2400-2485MHZ (6)LOJACK: 168MHZ-178MHZ (7)4G(LTE): 725-770 OR 790-862 (8)4G: [&hellip;]<\/p>","protected":false},"featured_media":166,"comment_status":"open","ping_status":"closed","template":"","meta":[],"product_brand":[],"product_cat":[23,15,20,19,26],"product_tag":[],"class_list":{"0":"post-163","1":"product","2":"type-product","3":"status-publish","4":"has-post-thumbnail","6":"product_cat-cell-phone-jammer","7":"product_cat-wifi-jammer","8":"product_cat-bluetooth-jammer","9":"product_cat-gps-jammer","10":"product_cat-uhf-vhf-jammer","12":"first","13":"instock","14":"sale","15":"shipping-taxable","16":"purchasable","17":"product-type-simple"},"_links":{"self":[{"href":"https:\/\/www.signalsfence.com\/pl\/wp-json\/wp\/v2\/product\/163","targetHints":{"allow":["GET"]}}],"collection":[{"href":"https:\/\/www.signalsfence.com\/pl\/wp-json\/wp\/v2\/product"}],"about":[{"href":"https:\/\/www.signalsfence.com\/pl\/wp-json\/wp\/v2\/types\/product"}],"replies":[{"embeddable":true,"href":"https:\/\/www.signalsfence.com\/pl\/wp-json\/wp\/v2\/comments?post=163"}],"wp:featuredmedia":[{"embeddable":true,"href":"https:\/\/www.signalsfence.com\/pl\/wp-json\/wp\/v2\/media\/166"}],"wp:attachment":[{"href":"https:\/\/www.signalsfence.com\/pl\/wp-json\/wp\/v2\/media?parent=163"}],"wp:term":[{"taxonomy":"product_brand","embeddable":true,"href":"https:\/\/www.signalsfence.com\/pl\/wp-json\/wp\/v2\/product_brand?post=163"},{"taxonomy":"product_cat","embeddable":true,"href":"https:\/\/www.signalsfence.com\/pl\/wp-json\/wp\/v2\/product_cat?post=163"},{"taxonomy":"product_tag","embeddable":true,"href":"https:\/\/www.signalsfence.com\/pl\/wp-json\/wp\/v2\/product_tag?post=163"}],"curies":[{"name":"wp","href":"https:\/\/api.w.org\/{rel}","templated":true}]}}