{"id":153,"date":"2023-02-27T10:09:00","date_gmt":"2023-02-27T10:09:00","guid":{"rendered":"https:\/\/www.signalsfence.com\/?post_type=product&#038;p=153"},"modified":"2025-09-23T23:00:29","modified_gmt":"2025-09-23T23:00:29","slug":"2g-3g-4g-gps-wifi-lojack-signal-jammer-with-8-antennas","status":"publish","type":"product","link":"https:\/\/www.signalsfence.com\/pl\/produkt\/2g-3g-4g-gps-wifi-lojack-signal-jammer-with-8-antennas\/","title":{"rendered":"2G 3G 4G GPS WiFi Lojack Signal Jammer z 8 antenami"},"content":{"rendered":"","protected":false},"excerpt":{"rendered":"<p class=\"translation-block\">Cechy:<br>\r\n1) Nie szkoda telefon\u00f3w kom\u00f3rkowych: to jammer tylko zapobiega telefony kom\u00f3rkowe z nadawania lub odbierania sygna\u0142\u00f3w tylko wtedy, gdy s\u0105 one w zakresie jamming.<br>\r\n2) Mo\u017ce dzia\u0142a\u0107 stabilnie i stale w r\u00f3\u017cnych \u015brodowiskach.<br>\r\n3) Green i przyjazne dla \u015brodowiska urz\u0105dzenie, nie szkodzi ludziom i obiekt\u00f3w.<br>\r\n4) Szybkie dostosowanie: w oparciu o status czu\u0142o\u015bci ka\u017cdego telefonu kom\u00f3rkowego, zwykle w ci\u0105gu kilkunastu sekund po w\u0142\u0105czeniu, sygna\u0142y dla wszystkich typ\u00f3w telefon\u00f3w kom\u00f3rkowych b\u0119d\u0105 wy\u0142\u0105czone w zakresie roboczym. I kilka sekund po jego wy\u0142\u0105czeniu, wszystkie telefony kom\u00f3rkowe b\u0119d\u0105 z powrotem do normy ponownie.<\/p>\n<p class=\"translation-block\">Obs\u0142ugiwane cz\u0119stotliwo\u015bci:<br>\r\nGSM: 920-965MHz<br>\r\nDCS: 1800-1880MHz<br>\r\n3G UMTS: 2110-2170MHz<br>\r\n4G Low: 790-880MHz<br>\r\n4G High: 2620-2690MHz<br>\r\nWiFi 11.b &amp; g: 2300-2500MHz<br>\r\nGPS L1: 1575.42MHz \u00b1 10MHz<br>\r\nLojack: 173MHz<\/p>\n<p class=\"translation-block\">Promie\u0144 roboczy: 10-30M, Uwaga: Zakres r\u00f3\u017cni si\u0119 w zale\u017cno\u015bci od operatora odleg\u0142o\u015b\u0107 od BTS kom\u00f3rka jammer.<br>\r\nMoc wyj\u015bciowa: 18W<br>\r\nZasilanie: 220V zasilacz lub 12V gniazdo zapalniczki samochodowej<\/p>","protected":false},"featured_media":154,"comment_status":"open","ping_status":"closed","template":"","meta":[],"product_brand":[],"product_cat":[23,15,19],"product_tag":[],"class_list":{"0":"post-153","1":"product","2":"type-product","3":"status-publish","4":"has-post-thumbnail","6":"product_cat-cell-phone-jammer","7":"product_cat-wifi-jammer","8":"product_cat-gps-jammer","10":"first","11":"instock","12":"sale","13":"shipping-taxable","14":"purchasable","15":"product-type-simple"},"_links":{"self":[{"href":"https:\/\/www.signalsfence.com\/pl\/wp-json\/wp\/v2\/product\/153","targetHints":{"allow":["GET"]}}],"collection":[{"href":"https:\/\/www.signalsfence.com\/pl\/wp-json\/wp\/v2\/product"}],"about":[{"href":"https:\/\/www.signalsfence.com\/pl\/wp-json\/wp\/v2\/types\/product"}],"replies":[{"embeddable":true,"href":"https:\/\/www.signalsfence.com\/pl\/wp-json\/wp\/v2\/comments?post=153"}],"wp:featuredmedia":[{"embeddable":true,"href":"https:\/\/www.signalsfence.com\/pl\/wp-json\/wp\/v2\/media\/154"}],"wp:attachment":[{"href":"https:\/\/www.signalsfence.com\/pl\/wp-json\/wp\/v2\/media?parent=153"}],"wp:term":[{"taxonomy":"product_brand","embeddable":true,"href":"https:\/\/www.signalsfence.com\/pl\/wp-json\/wp\/v2\/product_brand?post=153"},{"taxonomy":"product_cat","embeddable":true,"href":"https:\/\/www.signalsfence.com\/pl\/wp-json\/wp\/v2\/product_cat?post=153"},{"taxonomy":"product_tag","embeddable":true,"href":"https:\/\/www.signalsfence.com\/pl\/wp-json\/wp\/v2\/product_tag?post=153"}],"curies":[{"name":"wp","href":"https:\/\/api.w.org\/{rel}","templated":true}]}}