{"id":124,"date":"2023-01-03T15:54:16","date_gmt":"2023-01-03T15:54:16","guid":{"rendered":"https:\/\/www.signalsfence.com\/?post_type=product&#038;p=124"},"modified":"2025-11-14T19:12:26","modified_gmt":"2025-11-14T19:12:26","slug":"10-bands-indoor-desktop-wall-mounted-cell-phone-2g-3g-4g-wifi-bluetooth-walkie-talkie-remote-control-signal-jammer","status":"publish","type":"product","link":"https:\/\/www.signalsfence.com\/pl\/produkt\/10-bands-indoor-desktop-wall-mounted-cell-phone-2g-3g-4g-wifi-bluetooth-walkie-talkie-remote-control-signal-jammer\/","title":{"rendered":"10 Bands Indoor Desktop \/ Wall-mounted Cell Phone 2G 3G 4G &amp; WiFi \/ Bluetooth &amp; Walkie-Talkie &amp; Remote Control Signal Jammer"},"content":{"rendered":"<p class=\"translation-block\">Antena: 10szt anten dook\u00f3lnych<br>\r\nSingle Output Power(each band): 33dBm\/2W<br>\r\nZasilanie: AC \/ DC adapter(Input: AC100-240V; Wyj\u015bcie: DC5V<br>\r\n12A)<br>\r\nFunkcja: ekonomiczny model, z lampkami kontrolnymi, mo\u017ce pracowa\u0107 stabilnie i<br>\r\nniezawodnie przez 2-3 godziny w spos\u00f3b ci\u0105g\u0142y<br>\r\nWymiar: 420*140*40mm (bez anten)<br>.\r\nWaga: 2kg<br>\r\nPakowanie: neutralne opakowanie, OEM dost\u0119pne<\/p>","protected":false},"excerpt":{"rendered":"<p class=\"translation-block\">Promie\u0144 zag\u0142uszania: \u2264 25m (@-75dBm, nadal zale\u017cy od si\u0142y sygna\u0142u<br>\r\nna danym obszarze)<\/p>\n<p class=\"translation-block\">Zakresy cz\u0119stotliwo\u015bci:<br>.\r\n1. GSM 900 \/ CDMA 850 \/ RC868 \/ RC915 \/ LoRa: 850-960MHz<br>\r\n2. GSM 1800 \/ DCS \/ 4G FDD-LTE 1800: 1805-1880MHz<br>\r\n3. 3G \/ WCDMA \/ UMTS 2100: 2110-2170MHz<br>\r\n4. 4. 4G FDD&amp;TD-LTE 2600: 2570-2690MHz<br> 3.\r\n5. 4G FDD-LTE 800: 758-821MHz<br>\r\n6. 2.4G WiFi \/ Bluetooth: 2400-2500MHz<br>\r\n7. Radio UHF: 400-470MHz<br>\r\n8. Radio VHF: 135-175MHz<br>\r\n9. RC315: 315MHz<br>\r\n10. RC433: 433MHz<\/p>","protected":false},"featured_media":131,"comment_status":"open","ping_status":"closed","template":"","meta":[],"product_brand":[],"product_cat":[23,15,20,21,26],"product_tag":[],"class_list":{"0":"post-124","1":"product","2":"type-product","3":"status-publish","4":"has-post-thumbnail","6":"product_cat-cell-phone-jammer","7":"product_cat-wifi-jammer","8":"product_cat-bluetooth-jammer","9":"product_cat-rf-jammers","10":"product_cat-uhf-vhf-jammer","12":"first","13":"instock","14":"sale","15":"shipping-taxable","16":"purchasable","17":"product-type-simple"},"_links":{"self":[{"href":"https:\/\/www.signalsfence.com\/pl\/wp-json\/wp\/v2\/product\/124","targetHints":{"allow":["GET"]}}],"collection":[{"href":"https:\/\/www.signalsfence.com\/pl\/wp-json\/wp\/v2\/product"}],"about":[{"href":"https:\/\/www.signalsfence.com\/pl\/wp-json\/wp\/v2\/types\/product"}],"replies":[{"embeddable":true,"href":"https:\/\/www.signalsfence.com\/pl\/wp-json\/wp\/v2\/comments?post=124"}],"wp:featuredmedia":[{"embeddable":true,"href":"https:\/\/www.signalsfence.com\/pl\/wp-json\/wp\/v2\/media\/131"}],"wp:attachment":[{"href":"https:\/\/www.signalsfence.com\/pl\/wp-json\/wp\/v2\/media?parent=124"}],"wp:term":[{"taxonomy":"product_brand","embeddable":true,"href":"https:\/\/www.signalsfence.com\/pl\/wp-json\/wp\/v2\/product_brand?post=124"},{"taxonomy":"product_cat","embeddable":true,"href":"https:\/\/www.signalsfence.com\/pl\/wp-json\/wp\/v2\/product_cat?post=124"},{"taxonomy":"product_tag","embeddable":true,"href":"https:\/\/www.signalsfence.com\/pl\/wp-json\/wp\/v2\/product_tag?post=124"}],"curies":[{"name":"wp","href":"https:\/\/api.w.org\/{rel}","templated":true}]}}