{"id":117,"date":"2023-01-03T15:28:24","date_gmt":"2023-01-03T15:28:24","guid":{"rendered":"https:\/\/www.signalsfence.com\/?post_type=product&#038;p=117"},"modified":"2026-01-19T08:48:28","modified_gmt":"2026-01-19T08:48:28","slug":"6-bands-indoor-desktop-wall-mounted-cell-phone-2g-3g-4g-wifi-bluetooth-signal-jammer","status":"publish","type":"product","link":"https:\/\/www.signalsfence.com\/pl\/produkt\/6-bands-indoor-desktop-wall-mounted-cell-phone-2g-3g-4g-wifi-bluetooth-signal-jammer\/","title":{"rendered":"6 Bands Indoor Desktop \/ Wall-mounted Cell Phone 2G 3G 4G &amp; WiFi \/ Bluetooth Signal Jammer"},"content":{"rendered":"<p class=\"translation-block\">Antena: 6szt anten dook\u00f3lnych<br>\r\nSingle Output Power(each band): 33dBm\/2W<br>\r\nCa\u0142kowita moc wyj\u015bciowa: 12W<br>\r\nZasilanie: AC \/ DC adapter(Input: AC100-240V; Wyj\u015bcie: DC5V<br>\r\n12A)<br>\r\nFunkcja: kompaktowa konstrukcja, mo\u017ce pracowa\u0107 stabilnie i niezawodnie przez 2-3 godziny<br>\r\nstale<br>\r\nWymiar: 300*110*37mm (bez anten)<br>\r\nAntena(L): 210mm (Gain: 2-3dBi)<br>\r\nWaga: 2kg<br>\r\nPakowanie: neutralne opakowanie, OEM dost\u0119pne<\/p>","protected":false},"excerpt":{"rendered":"<p class=\"translation-block\">Promie\u0144 zag\u0142uszania: \u2264 25m (@-75dBm, nadal zale\u017cy od si\u0142y sygna\u0142u<br>\r\nna danym obszarze)<\/p>\n<p>Pasma cz\u0119stotliwo\u015bci:<\/p>\n<p>1. GSM 900 \/ CDMA 850 \/ RC868 \/ RC915 \/ LoRa: 850-960MHz<br \/>\n2. GSM 1800 \/ DCS \/ 4G FDD-LTE 1800: 1805-1880MHz<br \/>\n3. 3G \/ WCDMA \/ UMTS 2100: 2110-2170MHz<br \/>\n4. 4G FDD&amp;TD-LTE 2600: 2570-2690MHz<br \/>\n5. 4G FDD-LTE 800: 758-821MHz<br \/>\n6. 2.4G WiFi \/ Bluetooth: 2400-2500MHz<\/p>","protected":false},"featured_media":118,"comment_status":"open","ping_status":"closed","template":"","meta":[],"product_brand":[],"product_cat":[23,15,20],"product_tag":[],"class_list":{"0":"post-117","1":"product","2":"type-product","3":"status-publish","4":"has-post-thumbnail","6":"product_cat-cell-phone-jammer","7":"product_cat-wifi-jammer","8":"product_cat-bluetooth-jammer","10":"first","11":"instock","12":"sale","13":"shipping-taxable","14":"purchasable","15":"product-type-simple"},"_links":{"self":[{"href":"https:\/\/www.signalsfence.com\/pl\/wp-json\/wp\/v2\/product\/117","targetHints":{"allow":["GET"]}}],"collection":[{"href":"https:\/\/www.signalsfence.com\/pl\/wp-json\/wp\/v2\/product"}],"about":[{"href":"https:\/\/www.signalsfence.com\/pl\/wp-json\/wp\/v2\/types\/product"}],"replies":[{"embeddable":true,"href":"https:\/\/www.signalsfence.com\/pl\/wp-json\/wp\/v2\/comments?post=117"}],"wp:featuredmedia":[{"embeddable":true,"href":"https:\/\/www.signalsfence.com\/pl\/wp-json\/wp\/v2\/media\/118"}],"wp:attachment":[{"href":"https:\/\/www.signalsfence.com\/pl\/wp-json\/wp\/v2\/media?parent=117"}],"wp:term":[{"taxonomy":"product_brand","embeddable":true,"href":"https:\/\/www.signalsfence.com\/pl\/wp-json\/wp\/v2\/product_brand?post=117"},{"taxonomy":"product_cat","embeddable":true,"href":"https:\/\/www.signalsfence.com\/pl\/wp-json\/wp\/v2\/product_cat?post=117"},{"taxonomy":"product_tag","embeddable":true,"href":"https:\/\/www.signalsfence.com\/pl\/wp-json\/wp\/v2\/product_tag?post=117"}],"curies":[{"name":"wp","href":"https:\/\/api.w.org\/{rel}","templated":true}]}}