{"id":116,"date":"2023-01-03T14:57:13","date_gmt":"2023-01-03T14:57:13","guid":{"rendered":"https:\/\/www.signalsfence.com\/?post_type=product&#038;p=116"},"modified":"2025-11-14T19:12:41","modified_gmt":"2025-11-14T19:12:41","slug":"5-bands-portable-hidden-all-gps-wifi-bluetoothor-lojack-signal-jammer-with-built-in-omni-antennas-without-battery","status":"publish","type":"product","link":"https:\/\/www.signalsfence.com\/pl\/produkt\/5-bands-portable-hidden-all-gps-wifi-bluetoothor-lojack-signal-jammer-with-built-in-omni-antennas-without-battery\/","title":{"rendered":"5 Pasma Przeno\u015bny ukryty Wszystkie GPS &amp; WiFi \/ Bluetooth (lub LoJack) Signal Jammer z wbudowanymi antenami omni (bez baterii)"},"content":{"rendered":"<p class=\"translation-block\">Antena: 5szt wbudowanych anten dook\u00f3lnych<br>\r\nZag\u0142uszanie obiekt\u00f3w: GNSS, nawigacja satelitarna, \u015bledzenie lokalizacji, WiFi \/<br>\r\nBluetooth &amp; WLAN pozycjonowanie (lub LoJack), itp. Cechy: Ma\u0142y &amp; lekki, przeno\u015bny design, wygodny do przenoszenia i u\u017cytkowania;<br>.\r\nZ wbudowanymi antenami omni, ukryte i tajne zag\u0142uszanie. Moc pojedynczego wyj\u015bcia: 30dBm \/ 1W<br>\r\nZasilanie: DC12-24V zapalniczka samochodowa \/ DC5-36V power bank<br>\r\nRozmiar: 160*100*30 mm Waga: 200g<br>\r\nPakowanie: neutralne opakowanie, OEM jest dost\u0119pny<\/p>","protected":false},"excerpt":{"rendered":"<p>Typ: Przeno\u015bny zag\u0142uszacz sygna\u0142u GPS<\/p>\n<p class=\"translation-block\">Promie\u0144 Jamming: oko\u0142o 15m (nadal zale\u017cy od si\u0142y sygna\u0142u gps)<br>\r\nFrequency Bands(mo\u017cna dostosowa\u0107):<\/p>\n<p>1. GPS L1 \/ Galileo E1 \/ Glonass L1 \/ BeiDou B1: 1520-1620MHz<br \/>\n2. GPS L2 \/ Galileo E6 \/ Glonass L2 \/ BeiDou B3: 1215-1300 MHz<br \/>\n3. GPS L3+L4: 1300-1400 MHz<br \/>\n4. GPS L5 \/ Galileo E5a+E5b \/ Glonass L3 \/ BeiDou B2: 1160-1215 MHz<br \/>\n5. 2.4G WiFi \/ Bluetooth: 2400-2500MHz (lub LoJack: 167-175MHz, opcjonalnie)<\/p>","protected":false},"featured_media":110,"comment_status":"open","ping_status":"closed","template":"","meta":[],"product_brand":[],"product_cat":[19,15],"product_tag":[],"class_list":{"0":"post-116","1":"product","2":"type-product","3":"status-publish","4":"has-post-thumbnail","6":"product_cat-gps-jammer","7":"product_cat-wifi-jammer","9":"first","10":"instock","11":"sale","12":"shipping-taxable","13":"purchasable","14":"product-type-simple"},"_links":{"self":[{"href":"https:\/\/www.signalsfence.com\/pl\/wp-json\/wp\/v2\/product\/116","targetHints":{"allow":["GET"]}}],"collection":[{"href":"https:\/\/www.signalsfence.com\/pl\/wp-json\/wp\/v2\/product"}],"about":[{"href":"https:\/\/www.signalsfence.com\/pl\/wp-json\/wp\/v2\/types\/product"}],"replies":[{"embeddable":true,"href":"https:\/\/www.signalsfence.com\/pl\/wp-json\/wp\/v2\/comments?post=116"}],"wp:featuredmedia":[{"embeddable":true,"href":"https:\/\/www.signalsfence.com\/pl\/wp-json\/wp\/v2\/media\/110"}],"wp:attachment":[{"href":"https:\/\/www.signalsfence.com\/pl\/wp-json\/wp\/v2\/media?parent=116"}],"wp:term":[{"taxonomy":"product_brand","embeddable":true,"href":"https:\/\/www.signalsfence.com\/pl\/wp-json\/wp\/v2\/product_brand?post=116"},{"taxonomy":"product_cat","embeddable":true,"href":"https:\/\/www.signalsfence.com\/pl\/wp-json\/wp\/v2\/product_cat?post=116"},{"taxonomy":"product_tag","embeddable":true,"href":"https:\/\/www.signalsfence.com\/pl\/wp-json\/wp\/v2\/product_tag?post=116"}],"curies":[{"name":"wp","href":"https:\/\/api.w.org\/{rel}","templated":true}]}}