{"id":115,"date":"2023-01-03T14:55:38","date_gmt":"2023-01-03T14:55:38","guid":{"rendered":"https:\/\/www.signalsfence.com\/?post_type=product&#038;p=115"},"modified":"2025-05-29T15:06:57","modified_gmt":"2025-05-29T15:06:57","slug":"5-bands-portable-hidden-cell-phone-2g-3g-gps-signal-jammer-with-built-in-omni-antennas-without-battery","status":"publish","type":"product","link":"https:\/\/www.signalsfence.com\/pl\/produkt\/5-bands-portable-hidden-cell-phone-2g-3g-gps-signal-jammer-with-built-in-omni-antennas-without-battery\/","title":{"rendered":"5 Bands Portable Hidden Cell Phone 2G 3G &amp; GPS Signal Jammer z wbudowanymi antenami omni (bez baterii)"},"content":{"rendered":"<p class=\"translation-block\">Antenna: 5pcs built-in omnidirectional antennas<br>\r\nJamming Objects: Worldwide 2G\/3G mobile network, GNSS, satellite<br>\r\nnavigation(all Galileo bands), location tracking\u2026 Feature: Small &amp; light, portable design, convenient to carry and use;<br>\r\nWith built-in omni antennas, hidden &amp; secret jamming. Single Output Power: 30dBm \/ 1W<br>\r\nPower Supply: DC12-24V car cigarette lighter \/ DC5-36V power bank<br>\r\nSize: 160*100*30 mm Weight: 200g<br>\r\nPacking: neutral packing, OEM is available<\/p>","protected":false},"excerpt":{"rendered":"<p>Typ: Przeno\u015bny zag\u0142uszacz sygna\u0142u GPS<\/p>\n<p>Jamming Radius: about 15m (still depends on the gps signal strength)<\/p>\n<p>Pasma cz\u0119stotliwo\u015bci (mo\u017cna dostosowa\u0107):<br \/>\n1. GSM \/ CDMA: 850-960 MHz<br \/>\n2. DCS \/ PCS: 1805-1990 MHz<br \/>\n3. 3G \/ WCDMA \/ UMTS 2100: 2110-2170MHz<br \/>\n4. GPS L1 \/ Galileo E1 \/ Glonass L1 \/ BeiDou B1: 1520-1620 MHz<br \/>\n5. GPS L2+L5 \/Galileo E5a+E5b+E6 \/Glonass L2+L3 \/BeiDou B2+B3:<br \/>\n1160-1300MHz<\/p>","protected":false},"featured_media":110,"comment_status":"open","ping_status":"closed","template":"","meta":[],"product_brand":[],"product_cat":[19],"product_tag":[],"class_list":{"0":"post-115","1":"product","2":"type-product","3":"status-publish","4":"has-post-thumbnail","6":"product_cat-gps-jammer","8":"first","9":"instock","10":"sale","11":"shipping-taxable","12":"purchasable","13":"product-type-simple"},"_links":{"self":[{"href":"https:\/\/www.signalsfence.com\/pl\/wp-json\/wp\/v2\/product\/115","targetHints":{"allow":["GET"]}}],"collection":[{"href":"https:\/\/www.signalsfence.com\/pl\/wp-json\/wp\/v2\/product"}],"about":[{"href":"https:\/\/www.signalsfence.com\/pl\/wp-json\/wp\/v2\/types\/product"}],"replies":[{"embeddable":true,"href":"https:\/\/www.signalsfence.com\/pl\/wp-json\/wp\/v2\/comments?post=115"}],"wp:featuredmedia":[{"embeddable":true,"href":"https:\/\/www.signalsfence.com\/pl\/wp-json\/wp\/v2\/media\/110"}],"wp:attachment":[{"href":"https:\/\/www.signalsfence.com\/pl\/wp-json\/wp\/v2\/media?parent=115"}],"wp:term":[{"taxonomy":"product_brand","embeddable":true,"href":"https:\/\/www.signalsfence.com\/pl\/wp-json\/wp\/v2\/product_brand?post=115"},{"taxonomy":"product_cat","embeddable":true,"href":"https:\/\/www.signalsfence.com\/pl\/wp-json\/wp\/v2\/product_cat?post=115"},{"taxonomy":"product_tag","embeddable":true,"href":"https:\/\/www.signalsfence.com\/pl\/wp-json\/wp\/v2\/product_tag?post=115"}],"curies":[{"name":"wp","href":"https:\/\/api.w.org\/{rel}","templated":true}]}}