{"id":113,"date":"2023-01-03T14:38:44","date_gmt":"2023-01-03T14:38:44","guid":{"rendered":"https:\/\/www.signalsfence.com\/?post_type=product&#038;p=113"},"modified":"2023-01-03T14:46:46","modified_gmt":"2023-01-03T14:46:46","slug":"5-bands-portable-hidden-cell-phone-2g-3g-wifi-bluetooth-lbs-gps-signal-jammer-with-built-in-omni-antennas-without-battery","status":"publish","type":"product","link":"https:\/\/www.signalsfence.com\/pl\/produkt\/5-bands-portable-hidden-cell-phone-2g-3g-wifi-bluetooth-lbs-gps-signal-jammer-with-built-in-omni-antennas-without-battery\/","title":{"rendered":"5 Bands Portable Hidden Cell Phone 2G 3G &amp; WiFi \/ Bluetooth (LBS) &amp; GPS Signal Jammer z wbudowanymi antenami omni (bez baterii)"},"content":{"rendered":"<p>Antenna: 5pcs built-in omnidirectional antennas<br \/>\nJamming Objects: Worldwide 2G\/3G mobile &amp; WiFi \/ Bluetooth network<br \/>\n(LBS), WLAN positioning, GNSS, satellite navigation, location<br \/>\ntracking&#8230; Feature: Small &amp; light, portable design, convenient to carry and use;<br \/>\nWith built-in omni antennas, hidden &amp; secret jamming. Single Output Power: 30dBm \/ 1W<br \/>\nPower Supply: DC12-24V car cigarette lighter \/ DC5-36V power bank<br \/>\nSize: 160*100*30 mm Weight: 200g<br \/>\nPakowanie: neutralne opakowanie, OEM jest dost\u0119pny<\/p>","protected":false},"excerpt":{"rendered":"<p>Typ: Przeno\u015bny zag\u0142uszacz sygna\u0142u GPS<\/p>\n<p>Jamming Radius: about 15m (still depends on the gps signal strength)<\/p>\n<p>Pasma cz\u0119stotliwo\u015bci (mo\u017cna dostosowa\u0107):<\/p>\n<p>1. GSM \/ CDMA: 850-960 MHz<br \/>\n2. DCS \/ PCS: 1805-1990 MHz<br \/>\n3. 3G \/ WCDMA \/ UMTS 2100: 2110-2170MHz<br \/>\n4. 2.4G WiFi \/ Bluetooth: 2400-2500MHz<br \/>\n5. GPS L1 \/ Galileo E1 \/ Glonass L1 \/ BeiDou B1: 1520-1620MHz<\/p>","protected":false},"featured_media":110,"comment_status":"open","ping_status":"closed","template":"","meta":[],"product_brand":[],"product_cat":[19],"product_tag":[],"class_list":{"0":"post-113","1":"product","2":"type-product","3":"status-publish","4":"has-post-thumbnail","6":"product_cat-gps-jammer","8":"first","9":"instock","10":"sale","11":"shipping-taxable","12":"purchasable","13":"product-type-simple"},"_links":{"self":[{"href":"https:\/\/www.signalsfence.com\/pl\/wp-json\/wp\/v2\/product\/113","targetHints":{"allow":["GET"]}}],"collection":[{"href":"https:\/\/www.signalsfence.com\/pl\/wp-json\/wp\/v2\/product"}],"about":[{"href":"https:\/\/www.signalsfence.com\/pl\/wp-json\/wp\/v2\/types\/product"}],"replies":[{"embeddable":true,"href":"https:\/\/www.signalsfence.com\/pl\/wp-json\/wp\/v2\/comments?post=113"}],"wp:featuredmedia":[{"embeddable":true,"href":"https:\/\/www.signalsfence.com\/pl\/wp-json\/wp\/v2\/media\/110"}],"wp:attachment":[{"href":"https:\/\/www.signalsfence.com\/pl\/wp-json\/wp\/v2\/media?parent=113"}],"wp:term":[{"taxonomy":"product_brand","embeddable":true,"href":"https:\/\/www.signalsfence.com\/pl\/wp-json\/wp\/v2\/product_brand?post=113"},{"taxonomy":"product_cat","embeddable":true,"href":"https:\/\/www.signalsfence.com\/pl\/wp-json\/wp\/v2\/product_cat?post=113"},{"taxonomy":"product_tag","embeddable":true,"href":"https:\/\/www.signalsfence.com\/pl\/wp-json\/wp\/v2\/product_tag?post=113"}],"curies":[{"name":"wp","href":"https:\/\/api.w.org\/{rel}","templated":true}]}}