{"id":109,"date":"2023-01-03T09:30:45","date_gmt":"2023-01-03T09:30:45","guid":{"rendered":"https:\/\/www.signalsfence.com\/?post_type=product&#038;p=109"},"modified":"2023-01-03T09:31:21","modified_gmt":"2023-01-03T09:31:21","slug":"5-bands-portable-hidden-jammer-common-wireless-hidden-microphone-gps-or-wifi-bluetooth-signal-jammer-with-built-in-omni-antennas-without-battery","status":"publish","type":"product","link":"https:\/\/www.signalsfence.com\/pl\/produkt\/5-bands-portable-hidden-jammer-common-wireless-hidden-microphone-gps-or-wifi-bluetooth-signal-jammer-with-built-in-omni-antennas-without-battery\/","title":{"rendered":"5 Bands Portable Hidden Jammer Common Wireless Hidden Microphone &amp; GPS (lub WiFi \/ Bluetooth) Signal Jammer z wbudowanymi antenami omni (bez baterii)"},"content":{"rendered":"<p>Antenna: 5pcs built-in omnidirectional antennas<br \/>\nSingle Output Power: 30dBm \/ 1W<br \/>\nPower Supply: DC12-24V car cigarette lighter \/ DC5-36V power bank<br \/>\nSize: 160*100*30 mm<br \/>\nWeight: 200g<br \/>\nPackge Weight: about 1kg<br \/>\nPakowanie: neutralne opakowanie, OEM jest dost\u0119pny<\/p>","protected":false},"excerpt":{"rendered":"<p>Jamming Radius: about 15m (still depends on the signal strength)<\/p>\n<p>Size: 160*100*30 mm<\/p>\n<p>Pasma cz\u0119stotliwo\u015bci (mo\u017cna dostosowa\u0107):<\/p>\n<p>1. wireless hidden microphone 1 (common, UHF band): 500-600MHz<br \/>\n2. wireless hidden microphone 2 (common, UHF band): 600-700MHz<br \/>\n3. wireless hidden microphone 3 (common, UHF band): 700-800MHz<br \/>\n4. wireless hidden microphone 4 (common, UHF band): 800-900MHz<br \/>\n5. GPS L1 \/ Galileo E1 \/ Glonass L1 \/ BeiDou B1: 1520-1620MHz (or<br \/>\n2.4G WiFi \/ Bluetooth: 2400-2500MHz, optional )<\/p>","protected":false},"featured_media":110,"comment_status":"open","ping_status":"closed","template":"","meta":[],"product_brand":[],"product_cat":[15,19,22],"product_tag":[],"class_list":{"0":"post-109","1":"product","2":"type-product","3":"status-publish","4":"has-post-thumbnail","6":"product_cat-wifi-jammer","7":"product_cat-gps-jammer","8":"product_cat-wireless-microphone-jammer","10":"first","11":"instock","12":"sale","13":"shipping-taxable","14":"purchasable","15":"product-type-simple"},"_links":{"self":[{"href":"https:\/\/www.signalsfence.com\/pl\/wp-json\/wp\/v2\/product\/109","targetHints":{"allow":["GET"]}}],"collection":[{"href":"https:\/\/www.signalsfence.com\/pl\/wp-json\/wp\/v2\/product"}],"about":[{"href":"https:\/\/www.signalsfence.com\/pl\/wp-json\/wp\/v2\/types\/product"}],"replies":[{"embeddable":true,"href":"https:\/\/www.signalsfence.com\/pl\/wp-json\/wp\/v2\/comments?post=109"}],"wp:featuredmedia":[{"embeddable":true,"href":"https:\/\/www.signalsfence.com\/pl\/wp-json\/wp\/v2\/media\/110"}],"wp:attachment":[{"href":"https:\/\/www.signalsfence.com\/pl\/wp-json\/wp\/v2\/media?parent=109"}],"wp:term":[{"taxonomy":"product_brand","embeddable":true,"href":"https:\/\/www.signalsfence.com\/pl\/wp-json\/wp\/v2\/product_brand?post=109"},{"taxonomy":"product_cat","embeddable":true,"href":"https:\/\/www.signalsfence.com\/pl\/wp-json\/wp\/v2\/product_cat?post=109"},{"taxonomy":"product_tag","embeddable":true,"href":"https:\/\/www.signalsfence.com\/pl\/wp-json\/wp\/v2\/product_tag?post=109"}],"curies":[{"name":"wp","href":"https:\/\/api.w.org\/{rel}","templated":true}]}}