{"id":103,"date":"2023-01-03T08:46:56","date_gmt":"2023-01-03T08:46:56","guid":{"rendered":"https:\/\/www.signalsfence.com\/?post_type=product&#038;p=103"},"modified":"2026-04-28T13:34:53","modified_gmt":"2026-04-28T13:34:53","slug":"portable-handheld-2-4g-wifi-bluetooth-signal-jammer","status":"publish","type":"product","link":"https:\/\/www.signalsfence.com\/pl\/produkt\/portable-handheld-2-4g-wifi-bluetooth-signal-jammer\/","title":{"rendered":"Przeno\u015bny r\u0119czny 2.4G WiFi \/ Bluetooth Signal Jammer"},"content":{"rendered":"<p>Antena: dook\u00f3lna<br \/>\nSingle Output Power(each band): 30dBm\/1W<br \/>\nTyp baterii: Wbudowany 3.7V 1500mAh Li-ion akumulator, mo\u017ce stale<br \/>\npraca przez 2-3 godziny na pe\u0142nym na\u0142adowaniu<br \/>\nZasilanie (\u0141adowarka): AC Charger (wej\u015bcie: AC100-240V) &amp; Car<br \/>\n\u0141adowarka (DC12V zapalniczka samochodowa)<br \/>\nRozmiar: 95*45*18 mm<br \/>\nWaga: 150g<br \/>\nPakowanie: neutralne opakowanie, OEM jest dost\u0119pny<\/p>","protected":false},"excerpt":{"rendered":"<p>Pocket Wifi \/ Blue Tooth \/ Wireless Video Jammer \/ Blocker<\/p>\n<p>Promie\u0144 zag\u0142uszania: \u2264 15m (zale\u017cy jeszcze od si\u0142y sygna\u0142u w danym<br \/>\nobszar)<\/p>\n<p>Frequency Bands(mo\u017cna dostosowa\u0107): 2.4G WiFi \/ Bluetooth: 2400-2500MHz<\/p>","protected":false},"featured_media":104,"comment_status":"open","ping_status":"closed","template":"","meta":[],"product_brand":[],"product_cat":[15],"product_tag":[],"class_list":{"0":"post-103","1":"product","2":"type-product","3":"status-publish","4":"has-post-thumbnail","6":"product_cat-wifi-jammer","8":"first","9":"instock","10":"sale","11":"shipping-taxable","12":"purchasable","13":"product-type-simple"},"_links":{"self":[{"href":"https:\/\/www.signalsfence.com\/pl\/wp-json\/wp\/v2\/product\/103","targetHints":{"allow":["GET"]}}],"collection":[{"href":"https:\/\/www.signalsfence.com\/pl\/wp-json\/wp\/v2\/product"}],"about":[{"href":"https:\/\/www.signalsfence.com\/pl\/wp-json\/wp\/v2\/types\/product"}],"replies":[{"embeddable":true,"href":"https:\/\/www.signalsfence.com\/pl\/wp-json\/wp\/v2\/comments?post=103"}],"wp:featuredmedia":[{"embeddable":true,"href":"https:\/\/www.signalsfence.com\/pl\/wp-json\/wp\/v2\/media\/104"}],"wp:attachment":[{"href":"https:\/\/www.signalsfence.com\/pl\/wp-json\/wp\/v2\/media?parent=103"}],"wp:term":[{"taxonomy":"product_brand","embeddable":true,"href":"https:\/\/www.signalsfence.com\/pl\/wp-json\/wp\/v2\/product_brand?post=103"},{"taxonomy":"product_cat","embeddable":true,"href":"https:\/\/www.signalsfence.com\/pl\/wp-json\/wp\/v2\/product_cat?post=103"},{"taxonomy":"product_tag","embeddable":true,"href":"https:\/\/www.signalsfence.com\/pl\/wp-json\/wp\/v2\/product_tag?post=103"}],"curies":[{"name":"wp","href":"https:\/\/api.w.org\/{rel}","templated":true}]}}