{"id":195,"date":"2023-04-06T15:24:45","date_gmt":"2023-04-06T15:24:45","guid":{"rendered":"https:\/\/www.signalsfence.com\/?post_type=product&#038;p=195"},"modified":"2025-04-27T09:01:34","modified_gmt":"2025-04-27T09:01:34","slug":"11-bands-portable-suitcase-type-0-60m-adjustable-cell-phone-2g-3g-4g-wifi-bluetooth-gps-lojack-walkie-talkie-remote-control-signal-jammer-with-built-in-battery","status":"publish","type":"product","link":"https:\/\/www.signalsfence.com\/it\/prodotto\/11-bands-portable-suitcase-type-0-60m-adjustable-cell-phone-2g-3g-4g-wifi-bluetooth-gps-lojack-walkie-talkie-remote-control-signal-jammer-with-built-in-battery\/","title":{"rendered":"11 Bande Tipo valigia portatile 0-60m regolabile Telefono cellulare 2G 3G 4G &amp; WiFi \/ Bluetooth &amp; GPS &amp; LoJack &amp; Walkie-Talkie &amp; Remote Control Signal Jammer con batteria incorporata"},"content":{"rendered":"<p>Potenza di uscita singola (per ogni banda): \u2264 37dBm \/ 5W (regolabile con<br \/>\nmanopola di regolazione della potenza)<br \/>\nCaratteristiche: design portatile a valigetta, batteria integrata, eccellente sistema di raffreddamento, visualizzazione della tensione della batteria in tempo reale, allarme di batteria scarica, protezione VSWR, progettazione di moduli indipendenti per ciascun canale, sistema militare.<br \/>\nqualit\u00e0, supporto di tre modalit\u00e0 di alimentazione indipendenti (con interruttore 4C, pi\u00f9 flessibile, adatto a vari luoghi):<br \/>\n1. Alimentazione AC (adattatore AC \/ DC) (Ingresso: AC100V-240V; Uscita:<br \/>\nDC27V\/6.2A))<br \/>\n2. Alimentazione a batteria incorporata (opzionale): batteria incorporata agli ioni di litio ad alta capacit\u00e0 DC24V 20AH, in grado di funzionare continuamente.<br \/>\nper 1,5-2 ore con una ricarica completa<br \/>\n3. Alimentazione esterna di emergenza: qualsiasi adattatore di alimentazione esterno o<br \/>\nbatteria sotto DC24V 15A<br \/>\nPeso dell'unit\u00e0 principale: 13,2 kg Dimensioni: 517*433*200 mm<br \/>\nPeso della confezione (N.W.): 16 kg<br \/>\nImballaggio: imballaggio neutro, OEM \u00e8 disponibile<\/p>","protected":false},"excerpt":{"rendered":"<p>Antenna: 11pcs antenne omnidirezionali<br \/>\nRaggio di disturbo: 0-60m regolabile (@-75dBm, dipende ancora dalla<br \/>\npotenza del segnale in una determinata area)<\/p>\n<p>Bande di frequenza (per Europa, Regno Unito, Medio Oriente e Africa, personalizzabili):<br \/>\n1. GSM 900 \/ CDMA 850 \/ RC868 \/ RC915 \/ LoRa: 850-960MHz<br \/>\n2. GSM 1800 \/ DCS \/ 4G FDD-LTE 1800: 1805-1880MHz<br \/>\n3. 3G \/ WCDMA \/ UMTS 2100: 2110-2170MHz<br \/>\n4. 4G FDD&amp;TD-LTE 2600: 2570-2690MHz<br \/>\n5. 4G FDD-LTE 800: 758-821MHz<br \/>\n6. 2.4G WiFi \/ Bluetooth: 2400-2500MHz<br \/>\n7. GPS L1 \/ Galileo E1 \/ Glonass L1 \/ BeiDou B1: 1520-1620MHz<br \/>\n8. GPS L2+L5 \/Galileo E5a+E5b+E6 \/Glonass L2+L3 \/BeiDou B2+B3:<br \/>\n1160-1300MHz<br \/>\n9. Radio LoJack \/ VHF: 135-175MHz<br \/>\n10. Radio UHF \/ RC433: 400-470MHz<br \/>\n11. RC315: 315 MHz<\/p>","protected":false},"featured_media":200,"comment_status":"open","ping_status":"closed","template":"","meta":[],"product_brand":[],"product_cat":[23,15,20,25,19,26],"product_tag":[28],"class_list":{"0":"post-195","1":"product","2":"type-product","3":"status-publish","4":"has-post-thumbnail","6":"product_cat-cell-phone-jammer","7":"product_cat-wifi-jammer","8":"product_cat-bluetooth-jammer","9":"product_cat-camera-jammer","10":"product_cat-gps-jammer","11":"product_cat-uhf-vhf-jammer","12":"product_tag-suitcase-jammer","14":"first","15":"instock","16":"sale","17":"shipping-taxable","18":"purchasable","19":"product-type-simple"},"_links":{"self":[{"href":"https:\/\/www.signalsfence.com\/it\/wp-json\/wp\/v2\/product\/195","targetHints":{"allow":["GET"]}}],"collection":[{"href":"https:\/\/www.signalsfence.com\/it\/wp-json\/wp\/v2\/product"}],"about":[{"href":"https:\/\/www.signalsfence.com\/it\/wp-json\/wp\/v2\/types\/product"}],"replies":[{"embeddable":true,"href":"https:\/\/www.signalsfence.com\/it\/wp-json\/wp\/v2\/comments?post=195"}],"wp:featuredmedia":[{"embeddable":true,"href":"https:\/\/www.signalsfence.com\/it\/wp-json\/wp\/v2\/media\/200"}],"wp:attachment":[{"href":"https:\/\/www.signalsfence.com\/it\/wp-json\/wp\/v2\/media?parent=195"}],"wp:term":[{"taxonomy":"product_brand","embeddable":true,"href":"https:\/\/www.signalsfence.com\/it\/wp-json\/wp\/v2\/product_brand?post=195"},{"taxonomy":"product_cat","embeddable":true,"href":"https:\/\/www.signalsfence.com\/it\/wp-json\/wp\/v2\/product_cat?post=195"},{"taxonomy":"product_tag","embeddable":true,"href":"https:\/\/www.signalsfence.com\/it\/wp-json\/wp\/v2\/product_tag?post=195"}],"curies":[{"name":"wp","href":"https:\/\/api.w.org\/{rel}","templated":true}]}}