{"id":175,"date":"2023-03-22T09:31:09","date_gmt":"2023-03-22T09:31:09","guid":{"rendered":"https:\/\/www.signalsfence.com\/?post_type=product&#038;p=175"},"modified":"2026-01-19T08:48:12","modified_gmt":"2026-01-19T08:48:12","slug":"2-antennas-lighter-gps-l1-l2-jammer-for-car","status":"publish","type":"product","link":"https:\/\/www.signalsfence.com\/it\/prodotto\/2-antennas-lighter-gps-l1-l2-jammer-for-car\/","title":{"rendered":"2 antenne accendino GPS L1 L2 Jammer per auto"},"content":{"rendered":"<p class=\"translation-block\">Potenza totale: 0,8 watt<br>\r\nTemperatura di lavoro: - 30 ~ 60 \u2103<br>\r\nUmidit\u00e0 relativa: 5 ~ 95%<br>\r\nTemperatura di conservazione: - 50 ~ 60 \u2103<br>\r\nAlimentazione: caricabatterie da auto<br>\r\nPeso: 100g<\/p>\n<p class=\"translation-block\">Istruzioni per l'uso:<br>\r\n1. Estrarre il dispositivo GPS e installare l'antenna.\r\n2. Inserire l'interfaccia corrispondente dell'accendisigari dell'auto.<br>\r\n3. Dopo l'accensione del dispositivo, la spia \u00e8 accesa e il dispositivo funziona normalmente.<br>\r\n4. Rimuovere il disturbatore di segnale GPS direttamente dopo l'uso.<\/p>\n<p>Il pacchetto include: Disturbatore GPS a 2 bande per accendisigari*1<\/p>","protected":false},"excerpt":{"rendered":"<p>Disturbatore GPS a 2 bande, in grado di interferire con i normali segnali satellitari civili L1 e L2 contemporaneamente. \u00c8 piccolo e nascosto. Pu\u00f2 essere alimentato da un accendisigari. Viene spesso utilizzato nelle automobili. Il raggio massimo di interferenza \u00e8 di 10 metri (a seconda della potenza del segnale in una determinata area).<\/p>\n<p>Frequenza di interferenza:<br \/>\nGPS L1: 1500 - 1600 MHz<br \/>\nGPS L2: 1220 - 1230 MHz<\/p>","protected":false},"featured_media":176,"comment_status":"open","ping_status":"closed","template":"","meta":[],"product_brand":[],"product_cat":[19],"product_tag":[],"class_list":{"0":"post-175","1":"product","2":"type-product","3":"status-publish","4":"has-post-thumbnail","6":"product_cat-gps-jammer","8":"first","9":"instock","10":"sale","11":"shipping-taxable","12":"purchasable","13":"product-type-simple"},"_links":{"self":[{"href":"https:\/\/www.signalsfence.com\/it\/wp-json\/wp\/v2\/product\/175","targetHints":{"allow":["GET"]}}],"collection":[{"href":"https:\/\/www.signalsfence.com\/it\/wp-json\/wp\/v2\/product"}],"about":[{"href":"https:\/\/www.signalsfence.com\/it\/wp-json\/wp\/v2\/types\/product"}],"replies":[{"embeddable":true,"href":"https:\/\/www.signalsfence.com\/it\/wp-json\/wp\/v2\/comments?post=175"}],"wp:featuredmedia":[{"embeddable":true,"href":"https:\/\/www.signalsfence.com\/it\/wp-json\/wp\/v2\/media\/176"}],"wp:attachment":[{"href":"https:\/\/www.signalsfence.com\/it\/wp-json\/wp\/v2\/media?parent=175"}],"wp:term":[{"taxonomy":"product_brand","embeddable":true,"href":"https:\/\/www.signalsfence.com\/it\/wp-json\/wp\/v2\/product_brand?post=175"},{"taxonomy":"product_cat","embeddable":true,"href":"https:\/\/www.signalsfence.com\/it\/wp-json\/wp\/v2\/product_cat?post=175"},{"taxonomy":"product_tag","embeddable":true,"href":"https:\/\/www.signalsfence.com\/it\/wp-json\/wp\/v2\/product_tag?post=175"}],"curies":[{"name":"wp","href":"https:\/\/api.w.org\/{rel}","templated":true}]}}