{"id":95,"date":"2023-01-02T15:45:16","date_gmt":"2023-01-02T15:45:16","guid":{"rendered":"https:\/\/www.signalsfence.com\/?post_type=product&#038;p=95"},"modified":"2023-01-02T15:53:51","modified_gmt":"2023-01-02T15:53:51","slug":"tri-band-portable-handheld-cell-phone-2g-3g-signal-jammer","status":"publish","type":"product","link":"https:\/\/www.signalsfence.com\/fr\/produit\/tri-band-portable-handheld-cell-phone-2g-3g-signal-jammer\/","title":{"rendered":"Brouilleur de signal portable tri-bande pour t\u00e9l\u00e9phone portable 2G 3G"},"content":{"rendered":"<p>Antenne : 3 antennes omnidirectionnelles<br \/>\nPuissance de sortie unique (chaque bande) : 30dBm\/1W<br \/>\nType de batterie : Batterie Li-ion int\u00e9gr\u00e9e de 7,4V 1500mAh, pouvant fonctionner en continu.<br \/>\nfonctionne pendant 2 \u00e0 3 heures avec une charge compl\u00e8te<br \/>\nAlimentation (chargeur) : Chargeur AC (entr\u00e9e : AC100-240V) &amp; voiture<br \/>\nChargeur (DC12V allume-cigare)<br \/>\nTaille : 100*57*22 mm<br \/>\nPoids : 180g<br \/>\nEmballage : emballage neutre, OEM disponible<\/p>","protected":false},"excerpt":{"rendered":"<p>Rayon de brouillage : \u2264 15m (@-75dBm, d\u00e9pend toujours du signal)<br \/>\ndans une zone donn\u00e9e)<\/p>\n<p>Bandes de fr\u00e9quences (peuvent \u00eatre personnalis\u00e9es)\u00a0:<br \/>\n1. GSM \/ CDMA : 850-960 MHz<br \/>\n2. DCS \/ PCS : 1805-1990 MHz<br \/>\n3. 3G : 2110-2170 MHz<\/p>","protected":false},"featured_media":96,"comment_status":"open","ping_status":"closed","template":"","meta":[],"product_brand":[],"product_cat":[23],"product_tag":[],"class_list":{"0":"post-95","1":"product","2":"type-product","3":"status-publish","4":"has-post-thumbnail","6":"product_cat-cell-phone-jammer","8":"first","9":"outofstock","10":"sale","11":"shipping-taxable","12":"purchasable","13":"product-type-simple"},"_links":{"self":[{"href":"https:\/\/www.signalsfence.com\/fr\/wp-json\/wp\/v2\/product\/95","targetHints":{"allow":["GET"]}}],"collection":[{"href":"https:\/\/www.signalsfence.com\/fr\/wp-json\/wp\/v2\/product"}],"about":[{"href":"https:\/\/www.signalsfence.com\/fr\/wp-json\/wp\/v2\/types\/product"}],"replies":[{"embeddable":true,"href":"https:\/\/www.signalsfence.com\/fr\/wp-json\/wp\/v2\/comments?post=95"}],"wp:featuredmedia":[{"embeddable":true,"href":"https:\/\/www.signalsfence.com\/fr\/wp-json\/wp\/v2\/media\/96"}],"wp:attachment":[{"href":"https:\/\/www.signalsfence.com\/fr\/wp-json\/wp\/v2\/media?parent=95"}],"wp:term":[{"taxonomy":"product_brand","embeddable":true,"href":"https:\/\/www.signalsfence.com\/fr\/wp-json\/wp\/v2\/product_brand?post=95"},{"taxonomy":"product_cat","embeddable":true,"href":"https:\/\/www.signalsfence.com\/fr\/wp-json\/wp\/v2\/product_cat?post=95"},{"taxonomy":"product_tag","embeddable":true,"href":"https:\/\/www.signalsfence.com\/fr\/wp-json\/wp\/v2\/product_tag?post=95"}],"curies":[{"name":"wp","href":"https:\/\/api.w.org\/{rel}","templated":true}]}}