{"id":82,"date":"2023-01-01T13:59:44","date_gmt":"2023-01-01T13:59:44","guid":{"rendered":"https:\/\/www.signalsfence.com\/?post_type=product&#038;p=82"},"modified":"2023-01-01T13:59:44","modified_gmt":"2023-01-01T13:59:44","slug":"4-bands-portable-handheld-2g-3g-gps-tracker-signal-jammer","status":"publish","type":"product","link":"https:\/\/www.signalsfence.com\/fr\/produit\/4-bands-portable-handheld-2g-3g-gps-tracker-signal-jammer\/","title":{"rendered":"Brouilleur de signal portable \u00e0 4 bandes 2G 3G &amp; GPS Tracker"},"content":{"rendered":"<p>Antenne : 4 antennes omnidirectionnelles<br \/>\nPuissance de sortie unique (chaque bande) : 30dBm\/1W<br \/>\nType de batterie : Batterie Li-ion int\u00e9gr\u00e9e de 7,2V 3000mAh, pouvant fonctionner en continu.<br \/>\nfonctionne pendant 2 \u00e0 3 heures avec une charge compl\u00e8te. Alimentation (chargeur) : Chargeur AC (entr\u00e9e : AC100-240V) et voiture<br \/>\nChargeur (DC12-24V allume-cigare)<br \/>\nTaille : 110*62*30 mm (sans les antennes)<br \/>\nPoids : 300g<br \/>\nEmballage : emballage neutre, OEM disponible<\/p>","protected":false},"excerpt":{"rendered":"<p>Rayon de brouillage : \u2264 15m (@-75dBm, d\u00e9pend toujours du signal)<br \/>\ndans une zone donn\u00e9e)<br \/>\nBandes de fr\u00e9quences (peuvent \u00eatre personnalis\u00e9es)\u00a0:<br \/>\n1. GSM \/ CDMA : 850-960 MHz<br \/>\n2. DCS \/ PCS : 1805-1990 MHz<br \/>\n3. 3G : 2110-2170 MHz<br \/>\n4. GPS L1 \/ Galileo E1 \/ Glonass L1 \/ BeiDou B1 : 1520-1620 MHz<\/p>","protected":false},"featured_media":87,"comment_status":"open","ping_status":"closed","template":"","meta":[],"product_brand":[],"product_cat":[19],"product_tag":[],"class_list":{"0":"post-82","1":"product","2":"type-product","3":"status-publish","4":"has-post-thumbnail","6":"product_cat-gps-jammer","8":"first","9":"instock","10":"sale","11":"shipping-taxable","12":"purchasable","13":"product-type-simple"},"_links":{"self":[{"href":"https:\/\/www.signalsfence.com\/fr\/wp-json\/wp\/v2\/product\/82","targetHints":{"allow":["GET"]}}],"collection":[{"href":"https:\/\/www.signalsfence.com\/fr\/wp-json\/wp\/v2\/product"}],"about":[{"href":"https:\/\/www.signalsfence.com\/fr\/wp-json\/wp\/v2\/types\/product"}],"replies":[{"embeddable":true,"href":"https:\/\/www.signalsfence.com\/fr\/wp-json\/wp\/v2\/comments?post=82"}],"wp:featuredmedia":[{"embeddable":true,"href":"https:\/\/www.signalsfence.com\/fr\/wp-json\/wp\/v2\/media\/87"}],"wp:attachment":[{"href":"https:\/\/www.signalsfence.com\/fr\/wp-json\/wp\/v2\/media?parent=82"}],"wp:term":[{"taxonomy":"product_brand","embeddable":true,"href":"https:\/\/www.signalsfence.com\/fr\/wp-json\/wp\/v2\/product_brand?post=82"},{"taxonomy":"product_cat","embeddable":true,"href":"https:\/\/www.signalsfence.com\/fr\/wp-json\/wp\/v2\/product_cat?post=82"},{"taxonomy":"product_tag","embeddable":true,"href":"https:\/\/www.signalsfence.com\/fr\/wp-json\/wp\/v2\/product_tag?post=82"}],"curies":[{"name":"wp","href":"https:\/\/api.w.org\/{rel}","templated":true}]}}