{"id":81,"date":"2023-01-01T12:26:06","date_gmt":"2023-01-01T12:26:06","guid":{"rendered":"https:\/\/www.signalsfence.com\/?post_type=product&#038;p=81"},"modified":"2024-09-02T13:48:20","modified_gmt":"2024-09-02T13:48:20","slug":"6-bands-portable-handheld-all-wifi-bluetooth-gps-signal-jammer","status":"publish","type":"product","link":"https:\/\/www.signalsfence.com\/fr\/produit\/6-bands-portable-handheld-all-wifi-bluetooth-gps-signal-jammer\/","title":{"rendered":"Brouilleur de signaux WiFi \/ Bluetooth &amp; GPS \u00e0 6 bandes, portatif"},"content":{"rendered":"<p>Antenne : 6 antennes omnidirectionnelles<br \/>\nPuissance de sortie unique (chaque bande) : 30dBm \/ 1W<br \/>\nType de batterie : Batterie Li-ion int\u00e9gr\u00e9e de 7,4 V et 3600 mAh, pouvant fonctionner en continu.<br \/>\nfonctionne pendant 2 \u00e0 3 heures avec une charge compl\u00e8te<br \/>\nAlimentation (chargeur) : Chargeur AC (entr\u00e9e : AC100-240V) &amp; voiture<br \/>\nChargeur (DC12-24V allume-cigare)<br \/>\nDimension : 140*75*35 mm (sans les antennes)<br \/>\nPoids : 500g<br \/>\nEmballage : emballage neutre, OEM disponible<\/p>","protected":false},"excerpt":{"rendered":"<p>Rayon de brouillage : \u2264 15m (@-75dBm, d\u00e9pend toujours du signal)<br \/>\ndans une zone donn\u00e9e)<br \/>\nBandes de fr\u00e9quences (peuvent \u00eatre personnalis\u00e9es)\u00a0:<br \/>\n1. 2.4G WiFi \/ Bluetooth : 2400-2500MHz<br \/>\n2. 5.2G WiFi : 5150-5350MHz<br \/>\n3. WiFi 5.8G : 5470-5725MHz (norme UE) \/ WiFi 5.8G : 5715- 5860MHz (norme US)<br \/>\n4. GPS L1 \/ Galileo E1 \/ Glonass L1 \/ BeiDou B1 : 1520-1620 MHz<br \/>\n5. GPS L2+L5 \/Galileo E5a+E5b+E6 \/Glonass L2+L3 \/BeiDou B2+B3 :<br \/>\n1160-1300MHz<br \/>\n6. GPS L3+L4 : 1300-1400MHz<\/p>","protected":false},"featured_media":78,"comment_status":"open","ping_status":"closed","template":"","meta":[],"product_brand":[],"product_cat":[15],"product_tag":[],"class_list":{"0":"post-81","1":"product","2":"type-product","3":"status-publish","4":"has-post-thumbnail","6":"product_cat-wifi-jammer","8":"first","9":"instock","10":"sale","11":"shipping-taxable","12":"purchasable","13":"product-type-simple"},"_links":{"self":[{"href":"https:\/\/www.signalsfence.com\/fr\/wp-json\/wp\/v2\/product\/81","targetHints":{"allow":["GET"]}}],"collection":[{"href":"https:\/\/www.signalsfence.com\/fr\/wp-json\/wp\/v2\/product"}],"about":[{"href":"https:\/\/www.signalsfence.com\/fr\/wp-json\/wp\/v2\/types\/product"}],"replies":[{"embeddable":true,"href":"https:\/\/www.signalsfence.com\/fr\/wp-json\/wp\/v2\/comments?post=81"}],"wp:featuredmedia":[{"embeddable":true,"href":"https:\/\/www.signalsfence.com\/fr\/wp-json\/wp\/v2\/media\/78"}],"wp:attachment":[{"href":"https:\/\/www.signalsfence.com\/fr\/wp-json\/wp\/v2\/media?parent=81"}],"wp:term":[{"taxonomy":"product_brand","embeddable":true,"href":"https:\/\/www.signalsfence.com\/fr\/wp-json\/wp\/v2\/product_brand?post=81"},{"taxonomy":"product_cat","embeddable":true,"href":"https:\/\/www.signalsfence.com\/fr\/wp-json\/wp\/v2\/product_cat?post=81"},{"taxonomy":"product_tag","embeddable":true,"href":"https:\/\/www.signalsfence.com\/fr\/wp-json\/wp\/v2\/product_tag?post=81"}],"curies":[{"name":"wp","href":"https:\/\/api.w.org\/{rel}","templated":true}]}}