{"id":72,"date":"2023-01-01T09:56:32","date_gmt":"2023-01-01T09:56:32","guid":{"rendered":"https:\/\/www.signalsfence.com\/?post_type=product&#038;p=72"},"modified":"2024-07-01T12:41:35","modified_gmt":"2024-07-01T12:41:35","slug":"custom-10-bands-portable-handheld-wireless-microphone-vhf-uhf-band-signal-jammer","status":"publish","type":"product","link":"https:\/\/www.signalsfence.com\/fr\/produit\/custom-10-bands-portable-handheld-wireless-microphone-vhf-uhf-band-signal-jammer\/","title":{"rendered":"Brouilleur de signaux 10 bandes pour microphone portable sans fil (VHF &amp; UHF)"},"content":{"rendered":"<p>Antenne : 10 antennes omnidirectionnelles<br \/>\nPuissance de sortie unique (chaque bande) : 30dBm \/ 1W<br \/>\nType de batterie : Batterie Li-ion int\u00e9gr\u00e9e de 7,4V 4500mAh, pouvant fonctionner en continu.<br \/>\nfonctionne pendant 2 \u00e0 3 heures avec une charge compl\u00e8te<br \/>\nAlimentation (chargeur) : AC100-240V ou DC12-36V, peut \u00eatre charg\u00e9 par<br \/>\nAllume-cigare DC12V<br \/>\nDimension : 170*100*50 mm sans les antennes (avec antennes hauteur<br \/>\nen 300 mm)<br \/>\nPoids : 800g<\/p>","protected":false},"excerpt":{"rendered":"<p>Rayon de brouillage : \u2264 15m (d\u00e9pend toujours de la force du signal dans une zone donn\u00e9e).<br \/>\nzone)<br \/>\nBandes de fr\u00e9quences (peuvent \u00eatre personnalis\u00e9es)\u00a0:<br \/>\n1. microphone sans fil 1 (bande VHF) : 135-175MHz<br \/>\n2. microphone sans fil 2 (bande VHF) : 175-230 MHz<br \/>\n3. microphone sans fil 3 (bande VHF) : 230-280 MHz<br \/>\n4. Microphone sans fil 4 (bande UHF) : 400-470 MHz<br \/>\n5. microphone sans fil 5 (bande UHF) : 470-520 MHz<br \/>\n6. Microphone sans fil 6 (bande UHF) : 520-570 MHz<br \/>\n7. microphone sans fil 7 (bande UHF) : 570-620 MHz<br \/>\n8. Microphone sans fil 8 (bande UHF) : 620-700MHz<br \/>\n9. Microphone sans fil 9 (bande UHF) : 700-800MHz<br \/>\n10. Microphone sans fil 10 (bande UHF) : 800-900MHz<\/p>","protected":false},"featured_media":67,"comment_status":"open","ping_status":"closed","template":"","meta":[],"product_brand":[],"product_cat":[15],"product_tag":[],"class_list":{"0":"post-72","1":"product","2":"type-product","3":"status-publish","4":"has-post-thumbnail","6":"product_cat-wifi-jammer","8":"first","9":"instock","10":"sale","11":"shipping-taxable","12":"purchasable","13":"product-type-simple"},"_links":{"self":[{"href":"https:\/\/www.signalsfence.com\/fr\/wp-json\/wp\/v2\/product\/72","targetHints":{"allow":["GET"]}}],"collection":[{"href":"https:\/\/www.signalsfence.com\/fr\/wp-json\/wp\/v2\/product"}],"about":[{"href":"https:\/\/www.signalsfence.com\/fr\/wp-json\/wp\/v2\/types\/product"}],"replies":[{"embeddable":true,"href":"https:\/\/www.signalsfence.com\/fr\/wp-json\/wp\/v2\/comments?post=72"}],"wp:featuredmedia":[{"embeddable":true,"href":"https:\/\/www.signalsfence.com\/fr\/wp-json\/wp\/v2\/media\/67"}],"wp:attachment":[{"href":"https:\/\/www.signalsfence.com\/fr\/wp-json\/wp\/v2\/media?parent=72"}],"wp:term":[{"taxonomy":"product_brand","embeddable":true,"href":"https:\/\/www.signalsfence.com\/fr\/wp-json\/wp\/v2\/product_brand?post=72"},{"taxonomy":"product_cat","embeddable":true,"href":"https:\/\/www.signalsfence.com\/fr\/wp-json\/wp\/v2\/product_cat?post=72"},{"taxonomy":"product_tag","embeddable":true,"href":"https:\/\/www.signalsfence.com\/fr\/wp-json\/wp\/v2\/product_tag?post=72"}],"curies":[{"name":"wp","href":"https:\/\/api.w.org\/{rel}","templated":true}]}}