{"id":52,"date":"2023-01-01T06:13:53","date_gmt":"2023-01-01T06:13:53","guid":{"rendered":"https:\/\/www.signalsfence.com\/?post_type=product&#038;p=52"},"modified":"2023-01-01T07:06:53","modified_gmt":"2023-01-01T07:06:53","slug":"18-bands-real-full-band-rf-signal-jammer-portable-handheld-cell-phone-2g-3g-4g-5g-wifi-bluetooth-gps-lojack-walkie-talkie-remote-control-signal-jammer-with-arm-bag","status":"publish","type":"product","link":"https:\/\/www.signalsfence.com\/fr\/produit\/18-bands-real-full-band-rf-signal-jammer-portable-handheld-cell-phone-2g-3g-4g-5g-wifi-bluetooth-gps-lojack-walkie-talkie-remote-control-signal-jammer-with-arm-bag\/","title":{"rendered":"18 bandes V\u00e9ritable Brouilleur de signal RF pleine bande T\u00e9l\u00e9phone portable portable 2G 3G 4G 5G et WiFi \/ Bluetooth et GPS et LoJack et Talkie-Walkie et brouilleur de signal de contr\u00f4le \u00e0 distance (avec sac de bras)"},"content":{"rendered":"<p class=\"translation-block\">Antenne: antennes omnidirectionnelles 18pcs<br>\nPuissance de sortie unique: +30dBm \/ 1W<br>\nType de batterie: Batterie Li-ion int\u00e9gr\u00e9e de 7,8 V 12500 mAh, peut fonctionner en continu\ntravaillez pendant 2 heures sur une charge compl\u00e8te<br>\nAlimentation(chargeur): Chargeur secteur (Entr\u00e9e: AC100-240V) et voiture\nChargeur(allume-cigare de voiture DC 12V)<br>\nTaille: 195*130*48 mm (\u00e0 l'exclusion des antennes) Antenne (L): 166mm \/<br>\nGain \u00e9lev\u00e9: 2dBi<br>\nPoids du produit: 2,3 kg<\/p>","protected":false},"excerpt":{"rendered":"<p>2022 Dernier mod\u00e8le! Vente chaude!<br \/>\nBloquant le rayon: \u2264 25m (@- 75dBm, d\u00e9pend toujours de la force du signal dans une zone donn\u00e9e)<br \/>\nBandes de fr\u00e9quence(pour tous les pays europ\u00e9ens et Royaume-Uni et Moyen-Orient et Afrique, peuvent \u00eatre personnalis\u00e9s):<br \/>\n1. GSM 900 \/ CDMA 850 \/ RC868 \/ RC915 \/ LoRa : 850-960MHz<br \/>\n2. GSM 1800 \/ DCS \/ PCS \/ 4G FDD-LTE 1800 : 1805-1990MHz<br \/>\n3. 3G \/ WCDMA \/ UMTS 2100 : 2110-2170MHz<br \/>\n4. 2.4G WiFi \/ Bluetooth : 2400-2500MHz<br \/>\n5. GPS L1 \/ Galileo E1 \/ Glonass L1 \/ BeiDou B1 : 1520-1620 MHz<br \/>\n6. 4G FDD-LTE 800 : 758-826 MHz (5G 700 inclus)<br \/>\n7. 4G FDD&amp;TD-LTE 2600 : 2570-2690MHz<br \/>\n8. RC315 : 315MHz<br \/>\n9. RC433 : 433MHz<br \/>\n10. RC868 : 868MHz<br \/>\n11. GPS L2+L5 \/Galileo E5a+E5b+E6 \/Glonass L2+L3 \/BeiDou B2+B3 :<br \/>\n1160-1300MHz<br \/>\n12. LoJack \/ radio VHF : 135-175MHz<br \/>\n13. 5.2G WiFi : 5100-5680MHz<br \/>\n14. WiFi 5.8G : 5680-5900MHz<br \/>\n15. 5G 3500 : 3400-3600MHz<br \/>\n16. 5G 3700 : 3600-3800MHz<br \/>\n17. GPS L3+L4 : 1300-1400MHz<br \/>\n18. Radio UHF \/ RC433 : 400-470MHz<\/p>","protected":false},"featured_media":62,"comment_status":"open","ping_status":"closed","template":"","meta":[],"product_brand":[],"product_cat":[15],"product_tag":[],"class_list":{"0":"post-52","1":"product","2":"type-product","3":"status-publish","4":"has-post-thumbnail","6":"product_cat-wifi-jammer","8":"first","9":"instock","10":"sale","11":"shipping-taxable","12":"purchasable","13":"product-type-simple"},"_links":{"self":[{"href":"https:\/\/www.signalsfence.com\/fr\/wp-json\/wp\/v2\/product\/52","targetHints":{"allow":["GET"]}}],"collection":[{"href":"https:\/\/www.signalsfence.com\/fr\/wp-json\/wp\/v2\/product"}],"about":[{"href":"https:\/\/www.signalsfence.com\/fr\/wp-json\/wp\/v2\/types\/product"}],"replies":[{"embeddable":true,"href":"https:\/\/www.signalsfence.com\/fr\/wp-json\/wp\/v2\/comments?post=52"}],"wp:featuredmedia":[{"embeddable":true,"href":"https:\/\/www.signalsfence.com\/fr\/wp-json\/wp\/v2\/media\/62"}],"wp:attachment":[{"href":"https:\/\/www.signalsfence.com\/fr\/wp-json\/wp\/v2\/media?parent=52"}],"wp:term":[{"taxonomy":"product_brand","embeddable":true,"href":"https:\/\/www.signalsfence.com\/fr\/wp-json\/wp\/v2\/product_brand?post=52"},{"taxonomy":"product_cat","embeddable":true,"href":"https:\/\/www.signalsfence.com\/fr\/wp-json\/wp\/v2\/product_cat?post=52"},{"taxonomy":"product_tag","embeddable":true,"href":"https:\/\/www.signalsfence.com\/fr\/wp-json\/wp\/v2\/product_tag?post=52"}],"curies":[{"name":"wp","href":"https:\/\/api.w.org\/{rel}","templated":true}]}}