{"id":212,"date":"2023-04-26T11:44:20","date_gmt":"2023-04-26T11:44:20","guid":{"rendered":"https:\/\/www.signalsfence.com\/?post_type=product&#038;p=212"},"modified":"2025-05-29T15:07:18","modified_gmt":"2025-05-29T15:07:18","slug":"5g-gsm-jammer-wifi-5ghz-bluetooth-2-4g-gps-jammer-with-10-antennas","status":"publish","type":"product","link":"https:\/\/www.signalsfence.com\/fr\/produit\/5g-gsm-jammer-wifi-5ghz-bluetooth-2-4g-gps-jammer-with-10-antennas\/","title":{"rendered":"Brouilleur GSM 5G Brouilleur WiFI 5Ghz Bluetooth 2.4G Brouilleur GPS avec 10 antennes"},"content":{"rendered":"<p>Batterie : Batterie Ni-Mh : 4500MAh Dur\u00e9e de fonctionnement 1.0 heures +<br \/>\nBon syst\u00e8me de refroidissement avec dissipateur thermique et ventilateur \u00e0 l'int\u00e9rieur, temp\u00e9rature inf\u00e9rieure \u00e0 45\u2103<br \/>\nPeut \u00eatre utilis\u00e9 pendant le chargement de la batterie<br \/>\nAlimentation par chargeur de voiture<br \/>\nToutes les fr\u00e9quences TX sont couvertes par la liaison descendante uniquement<br \/>\nAlimentation\uff1a50\/60Hz\/AC 100 ~ 240V \u00e0 DC 12V<br \/>\nDimension : 145 x 95 x 45mm, antennes non incluses<br \/>\nPoids 1.0 Kg<\/p>\n<p>Contenu de l'emballage :<br \/>\n1pc Brouilleur de signal portable<br \/>\n1pc Chargeur AC<br \/>\n1pc Chargeur de voiture<br \/>\nAntenne 10pc<\/p>","protected":false},"excerpt":{"rendered":"<p>Capacit\u00e9s 2G : GSM 900, GSM 1800<br \/>\nCapacit\u00e9s 3G : UMTS 900, UMTS 2100<br \/>\nCapacit\u00e9s 4G : LTE 700 (B28), LTE 800 (B20), LTE 900 (B8 - Telekom et Vodafone), LTE 1800 (B3), LTE 2100 (B1), LTE 2600 (B7, B38 - Vodafone).<br \/>\nCapacit\u00e9s 5G : 5G 3500<br \/>\nGPS L1 + Glonass L1 : 1560-1620 MHz<br \/>\nWFi 2.4GHz : 2400-2500MHz<br \/>\nWiFi 5.8G 11.a : 5.7-.5.9GHz<br \/>\nGPS L2 + Glonass L2 : 1220-1280MHz<\/p>\n<p>Port\u00e9e de brouillage : Rayon de 1m \u00e0 10 m\u00e8tres (pour les drones de 20m \u00e0 100m)<br \/>\nLa distance de brouillage varie toujours en fonction de la force du signal et de l'emplacement.<br \/>\nChaque bande peut \u00eatre activ\u00e9e\/d\u00e9sactiv\u00e9e sans influencer le fonctionnement des autres bandes.<\/p>","protected":false},"featured_media":213,"comment_status":"open","ping_status":"closed","template":"","meta":[],"product_brand":[],"product_cat":[23,15,20,25,19],"product_tag":[],"class_list":{"0":"post-212","1":"product","2":"type-product","3":"status-publish","4":"has-post-thumbnail","6":"product_cat-cell-phone-jammer","7":"product_cat-wifi-jammer","8":"product_cat-bluetooth-jammer","9":"product_cat-camera-jammer","10":"product_cat-gps-jammer","12":"first","13":"instock","14":"sale","15":"shipping-taxable","16":"purchasable","17":"product-type-simple"},"_links":{"self":[{"href":"https:\/\/www.signalsfence.com\/fr\/wp-json\/wp\/v2\/product\/212","targetHints":{"allow":["GET"]}}],"collection":[{"href":"https:\/\/www.signalsfence.com\/fr\/wp-json\/wp\/v2\/product"}],"about":[{"href":"https:\/\/www.signalsfence.com\/fr\/wp-json\/wp\/v2\/types\/product"}],"replies":[{"embeddable":true,"href":"https:\/\/www.signalsfence.com\/fr\/wp-json\/wp\/v2\/comments?post=212"}],"wp:featuredmedia":[{"embeddable":true,"href":"https:\/\/www.signalsfence.com\/fr\/wp-json\/wp\/v2\/media\/213"}],"wp:attachment":[{"href":"https:\/\/www.signalsfence.com\/fr\/wp-json\/wp\/v2\/media?parent=212"}],"wp:term":[{"taxonomy":"product_brand","embeddable":true,"href":"https:\/\/www.signalsfence.com\/fr\/wp-json\/wp\/v2\/product_brand?post=212"},{"taxonomy":"product_cat","embeddable":true,"href":"https:\/\/www.signalsfence.com\/fr\/wp-json\/wp\/v2\/product_cat?post=212"},{"taxonomy":"product_tag","embeddable":true,"href":"https:\/\/www.signalsfence.com\/fr\/wp-json\/wp\/v2\/product_tag?post=212"}],"curies":[{"name":"wp","href":"https:\/\/api.w.org\/{rel}","templated":true}]}}