{"id":195,"date":"2023-04-06T15:24:45","date_gmt":"2023-04-06T15:24:45","guid":{"rendered":"https:\/\/www.signalsfence.com\/?post_type=product&#038;p=195"},"modified":"2025-04-27T09:01:34","modified_gmt":"2025-04-27T09:01:34","slug":"11-bands-portable-suitcase-type-0-60m-adjustable-cell-phone-2g-3g-4g-wifi-bluetooth-gps-lojack-walkie-talkie-remote-control-signal-jammer-with-built-in-battery","status":"publish","type":"product","link":"https:\/\/www.signalsfence.com\/fr\/produit\/11-bands-portable-suitcase-type-0-60m-adjustable-cell-phone-2g-3g-4g-wifi-bluetooth-gps-lojack-walkie-talkie-remote-control-signal-jammer-with-built-in-battery\/","title":{"rendered":"Brouilleur portable 11 bandes type valise 0-60m r\u00e9glable T\u00e9l\u00e9phone portable 2G 3G 4G &amp; WiFi \/ Bluetooth &amp; GPS &amp; LoJack &amp; Walkie-Talkie &amp; T\u00e9l\u00e9commande avec batterie int\u00e9gr\u00e9e"},"content":{"rendered":"<p>Puissance de sortie unique (chaque bande) : \u2264 37dBm \/ 5W (r\u00e9glable avec<br \/>\nbouton de r\u00e9glage de la puissance)<br \/>\nCaract\u00e9ristiques : conception de valise portable, batterie int\u00e9gr\u00e9e, excellent syst\u00e8me de refroidissement, affichage de la tension de la batterie en temps r\u00e9el, alarme de batterie faible, protection VSWR, conception de modules ind\u00e9pendants pour chaque canal, militaire, etc.<br \/>\nQualit\u00e9, prise en charge de trois modes d'alimentation ind\u00e9pendants (avec commutateur 4C, plus flexible, adapt\u00e9 \u00e0 divers endroits) :<br \/>\n1. Bloc d'alimentation CA (adaptateur CA\/CC) (Entr\u00e9e : AC100V-240V ; Sortie :<br \/>\nDC27V\/6.2A))<br \/>\n2. Alimentation par batterie int\u00e9gr\u00e9e (en option) : batterie Li-ion haute capacit\u00e9 DC24V 20AH int\u00e9gr\u00e9e, pouvant fonctionner en continu.<br \/>\npendant 1,5 \u00e0 2 heures avec une charge compl\u00e8te<br \/>\n3. Alimentation \u00e9lectrique d'urgence externe : tout adaptateur \u00e9lectrique externe ou tout autre dispositif d'alimentation \u00e9lectrique d'urgence.<br \/>\nbatterie sous DC24V 15A<br \/>\nPoids de l'unit\u00e9 principale : 13,2 kg Dimension : 517*433*200 mm<br \/>\nPoids de l'emballage (N.W.) : 16kg<br \/>\nEmballage : emballage neutre, OEM disponible<\/p>","protected":false},"excerpt":{"rendered":"<p>Antenne : 11 antennes omnidirectionnelles<br \/>\nRayon de brouillage : 0-60m r\u00e9glable (@-75dBm, d\u00e9pend toujours de l'intensit\u00e9 du brouillage).<br \/>\nl'intensit\u00e9 du signal dans une zone donn\u00e9e)<\/p>\n<p>Bandes de fr\u00e9quences (pour l'Europe, le Royaume-Uni, le Moyen-Orient et l'Afrique, elles peuvent \u00eatre personnalis\u00e9es) :<br \/>\n1. GSM 900 \/ CDMA 850 \/ RC868 \/ RC915 \/ LoRa : 850-960MHz<br \/>\n2. GSM 1800 \/ DCS \/ 4G FDD-LTE 1800 : 1805-1880MHz<br \/>\n3. 3G \/ WCDMA \/ UMTS 2100 : 2110-2170MHz<br \/>\n4. 4G FDD&amp;TD-LTE 2600 : 2570-2690MHz<br \/>\n5. 4G FDD-LTE 800 : 758-821MHz<br \/>\n6. 2.4G WiFi \/ Bluetooth : 2400-2500MHz<br \/>\n7. GPS L1 \/ Galileo E1 \/ Glonass L1 \/ BeiDou B1 : 1520-1620 MHz<br \/>\n8. GPS L2+L5 \/Galileo E5a+E5b+E6 \/Glonass L2+L3 \/BeiDou B2+B3 :<br \/>\n1160-1300MHz<br \/>\n9. LoJack \/ radio VHF : 135-175MHz<br \/>\n10. Radio UHF \/ RC433 : 400-470MHz<br \/>\n11. RC315 : 315MHz<\/p>","protected":false},"featured_media":200,"comment_status":"open","ping_status":"closed","template":"","meta":[],"product_brand":[],"product_cat":[23,15,20,25,19,26],"product_tag":[28],"class_list":{"0":"post-195","1":"product","2":"type-product","3":"status-publish","4":"has-post-thumbnail","6":"product_cat-cell-phone-jammer","7":"product_cat-wifi-jammer","8":"product_cat-bluetooth-jammer","9":"product_cat-camera-jammer","10":"product_cat-gps-jammer","11":"product_cat-uhf-vhf-jammer","12":"product_tag-suitcase-jammer","14":"first","15":"instock","16":"sale","17":"shipping-taxable","18":"purchasable","19":"product-type-simple"},"_links":{"self":[{"href":"https:\/\/www.signalsfence.com\/fr\/wp-json\/wp\/v2\/product\/195","targetHints":{"allow":["GET"]}}],"collection":[{"href":"https:\/\/www.signalsfence.com\/fr\/wp-json\/wp\/v2\/product"}],"about":[{"href":"https:\/\/www.signalsfence.com\/fr\/wp-json\/wp\/v2\/types\/product"}],"replies":[{"embeddable":true,"href":"https:\/\/www.signalsfence.com\/fr\/wp-json\/wp\/v2\/comments?post=195"}],"wp:featuredmedia":[{"embeddable":true,"href":"https:\/\/www.signalsfence.com\/fr\/wp-json\/wp\/v2\/media\/200"}],"wp:attachment":[{"href":"https:\/\/www.signalsfence.com\/fr\/wp-json\/wp\/v2\/media?parent=195"}],"wp:term":[{"taxonomy":"product_brand","embeddable":true,"href":"https:\/\/www.signalsfence.com\/fr\/wp-json\/wp\/v2\/product_brand?post=195"},{"taxonomy":"product_cat","embeddable":true,"href":"https:\/\/www.signalsfence.com\/fr\/wp-json\/wp\/v2\/product_cat?post=195"},{"taxonomy":"product_tag","embeddable":true,"href":"https:\/\/www.signalsfence.com\/fr\/wp-json\/wp\/v2\/product_tag?post=195"}],"curies":[{"name":"wp","href":"https:\/\/api.w.org\/{rel}","templated":true}]}}