{"id":175,"date":"2023-03-22T09:31:09","date_gmt":"2023-03-22T09:31:09","guid":{"rendered":"https:\/\/www.signalsfence.com\/?post_type=product&#038;p=175"},"modified":"2026-01-19T08:48:12","modified_gmt":"2026-01-19T08:48:12","slug":"2-antennas-lighter-gps-l1-l2-jammer-for-car","status":"publish","type":"product","link":"https:\/\/www.signalsfence.com\/fr\/produit\/2-antennas-lighter-gps-l1-l2-jammer-for-car\/","title":{"rendered":"2 Antennes Briquet GPS L1 L2 Brouilleur Pour Voiture"},"content":{"rendered":"<p class=\"translation-block\">Puissance totale\u00a0: 0,8\u00a0watt<br>\nTemp\u00e9rature de fonctionnement : \u2013 30 ~ 60 \u2103<br>\nHumidit\u00e9 relative : 5 ~ 95 %<br>\nTemp\u00e9rature de stockage : \u2013 50 ~ 60 \u2103<br>\nSource d'alimentation\u00a0: chargeur de voiture<br>\nPoids : 100g<\/p>\n<p class=\"translation-block\">Mode d'emploi\u00a0:<br>\n1. Retirez l'appareil GPS et installez l'antenne.<br>\n2. Ins\u00e9rez l'interface allume-cigare correspondante de la voiture.<br>\n3. Une fois l'appareil allum\u00e9, le voyant est allum\u00e9 et il fonctionne normalement.<br>\n4. Retirez le brouilleur de signal GPS directement apr\u00e8s utilisation.<\/p>\n<p>Le forfait comprend: brouilleur GPS allume-cigare 2 bandes * 1<\/p>","protected":false},"excerpt":{"rendered":"<p>Brouilleur GPS \u00e0 2 bandes, qui peut interf\u00e9rer avec les signaux satellites mondiaux civils ordinaires L1 et L2 en m\u00eame temps. Il est petit et cach\u00e9. Il peut \u00eatre aliment\u00e9 par un allume-cigare. Il est souvent utilis\u00e9 dans les voitures. Le rayon d'interf\u00e9rence maximal est de 10 m\u00e8tres (selon le signal dans une zone donn\u00e9e.) force).<\/p>\n<p>Fr\u00e9quence d'interf\u00e9rence:<br \/>\nGPS L1 : 1500 - 1600 MHz<br \/>\nGPS L2 : 1220 - 1230 MHz<\/p>","protected":false},"featured_media":176,"comment_status":"open","ping_status":"closed","template":"","meta":[],"product_brand":[],"product_cat":[19],"product_tag":[],"class_list":{"0":"post-175","1":"product","2":"type-product","3":"status-publish","4":"has-post-thumbnail","6":"product_cat-gps-jammer","8":"first","9":"instock","10":"sale","11":"shipping-taxable","12":"purchasable","13":"product-type-simple"},"_links":{"self":[{"href":"https:\/\/www.signalsfence.com\/fr\/wp-json\/wp\/v2\/product\/175","targetHints":{"allow":["GET"]}}],"collection":[{"href":"https:\/\/www.signalsfence.com\/fr\/wp-json\/wp\/v2\/product"}],"about":[{"href":"https:\/\/www.signalsfence.com\/fr\/wp-json\/wp\/v2\/types\/product"}],"replies":[{"embeddable":true,"href":"https:\/\/www.signalsfence.com\/fr\/wp-json\/wp\/v2\/comments?post=175"}],"wp:featuredmedia":[{"embeddable":true,"href":"https:\/\/www.signalsfence.com\/fr\/wp-json\/wp\/v2\/media\/176"}],"wp:attachment":[{"href":"https:\/\/www.signalsfence.com\/fr\/wp-json\/wp\/v2\/media?parent=175"}],"wp:term":[{"taxonomy":"product_brand","embeddable":true,"href":"https:\/\/www.signalsfence.com\/fr\/wp-json\/wp\/v2\/product_brand?post=175"},{"taxonomy":"product_cat","embeddable":true,"href":"https:\/\/www.signalsfence.com\/fr\/wp-json\/wp\/v2\/product_cat?post=175"},{"taxonomy":"product_tag","embeddable":true,"href":"https:\/\/www.signalsfence.com\/fr\/wp-json\/wp\/v2\/product_tag?post=175"}],"curies":[{"name":"wp","href":"https:\/\/api.w.org\/{rel}","templated":true}]}}