{"id":163,"date":"2023-03-02T10:41:13","date_gmt":"2023-03-02T10:41:13","guid":{"rendered":"https:\/\/www.signalsfence.com\/?post_type=product&#038;p=163"},"modified":"2025-09-23T23:00:45","modified_gmt":"2025-09-23T23:00:45","slug":"portable-cell-phone-signals-jammer-3g-4g-wifi-gps-l1-lojack-vhf","status":"publish","type":"product","link":"https:\/\/www.signalsfence.com\/fr\/produit\/portable-cell-phone-signals-jammer-3g-4g-wifi-gps-l1-lojack-vhf\/","title":{"rendered":"Brouilleur portatif de signaux de t\u00e9l\u00e9phone portable 3G 4G WIFI GPS L1 LOJACK VHF"},"content":{"rendered":"<p class=\"translation-block\">Vous pouvez s\u00e9lectionner les 8 bandes de fr\u00e9quences (CDMA, GSM, DCS\/PCS, 3G, 4G, GPS, WIFI, LOJACK) dont vous avez besoin dans un seul brouilleur.<br>\nPort\u00e9e de brouillage\u00a0: jusqu'\u00e0 15\u00a0m, le rayon de brouillage d\u00e9pend toujours de la force du signal dans une zone donn\u00e9e.<\/p>\n<p class=\"translation-block\"><strong>Fr\u00e9quences de blocage\u00a0:<\/strong><br>\n(1)CDMA\/GSM\u00a0:\u00a0850-960\u00a0MHz<br>\n(2) DCS\/PCS\u00a0: 1805 -1990\u00a0MHz<br>\n(3)\u00a03G\u00a0: 2110-2170\u00a0MHz<br>\n(4)GPS\uff1a1570MHZ-1610MHZ<br>\n(5)\u00a0WIFI\u00a0:\u00a02400-2485\u00a0MHZ<br>\n(6) LOJACK\u00a0: 168\u00a0MHZ-178\u00a0MHZ<br>\n(7)4G(LTE)\u00a0: 725-770 OU 790-862<br>\n(8)4G : 2345-2400 OU 2620-2690MHZ<\/p>\n<p class=\"translation-block\">Puissance de sortie totale\u00a0: 4\u00a0W.<br>\nConception de petite taille pour que la temp\u00e9rature soit un peu plus \u00e9lev\u00e9e.<br>\nAntennes omnidirectionnelles externes toutes les fr\u00e9quences TX couvertes uniquement en liaison descendante.<br>\nAlimentation\u00a0: 50 \u00e0 60\u00a0Hz, 100 \u00e0 240\u00a0V CA.<br>\nAvec adaptateur secteur (AC100-240V-DC12V), batterie 4000mA\/H.<br>\nDimension\u00a0: 130\u00a0x\u00a080\u00a0x\u00a038\u00a0mm et ne comprend pas les antennes.<br>\nDimensions int\u00e9rieures de la bo\u00eete\u00a0: 230\u00a0x\u00a0170\u00a0x\u00a070\u00a0mm.<br>\nPoids de l'ensemble complet : 0,8 kg.<\/p>\n<p class=\"translation-block\"><strong>Avantages\u00a0:<\/strong><br>\n1. Plusieurs bandes.<br>\n2. Puissance de sortie \u00e9lev\u00e9e.<br>\n3. Ventilateur de refroidissement \u00e0 l'int\u00e9rieur.<br>\n4. Peut \u00eatre utilis\u00e9 directement dans la voiture avec le chargeur de voiture et le chargeur AC.<\/p>\n<p class=\"translation-block\">ATTENTION\uff1aAvant d'allumer l'appareil, vous devez installer les antennes conform\u00e9ment \u00e0 l'indication de la marque sur l'unit\u00e9 principale.<br>\nGarantie : Un an \u00e0 compter de la date de livraison.<\/p>","protected":false},"excerpt":{"rendered":"<p>You can select the 8 frequency bands(CDMA, GSM, DCS\/PCS, 3G, 4G, GPS, WIFI, LOJACK) you need in one jammer. Jamming range: up to 15m, the jamming radius still depends on the strength signal in given area. Blcoking Frequencies: (1)CDMA\/GSM: 850-960MHz (2)DCS\/PCS: 1805 -1990MHz (3)3G: 2110-2170MHz (4)GPS\uff1a1570MHZ-1610MHZ (5)WIFI: 2400-2485MHZ (6)LOJACK: 168MHZ-178MHZ (7)4G(LTE): 725-770 OR 790-862 (8)4G: [&hellip;]<\/p>","protected":false},"featured_media":166,"comment_status":"open","ping_status":"closed","template":"","meta":[],"product_brand":[],"product_cat":[23,15,20,19,26],"product_tag":[],"class_list":{"0":"post-163","1":"product","2":"type-product","3":"status-publish","4":"has-post-thumbnail","6":"product_cat-cell-phone-jammer","7":"product_cat-wifi-jammer","8":"product_cat-bluetooth-jammer","9":"product_cat-gps-jammer","10":"product_cat-uhf-vhf-jammer","12":"first","13":"instock","14":"sale","15":"shipping-taxable","16":"purchasable","17":"product-type-simple"},"_links":{"self":[{"href":"https:\/\/www.signalsfence.com\/fr\/wp-json\/wp\/v2\/product\/163","targetHints":{"allow":["GET"]}}],"collection":[{"href":"https:\/\/www.signalsfence.com\/fr\/wp-json\/wp\/v2\/product"}],"about":[{"href":"https:\/\/www.signalsfence.com\/fr\/wp-json\/wp\/v2\/types\/product"}],"replies":[{"embeddable":true,"href":"https:\/\/www.signalsfence.com\/fr\/wp-json\/wp\/v2\/comments?post=163"}],"wp:featuredmedia":[{"embeddable":true,"href":"https:\/\/www.signalsfence.com\/fr\/wp-json\/wp\/v2\/media\/166"}],"wp:attachment":[{"href":"https:\/\/www.signalsfence.com\/fr\/wp-json\/wp\/v2\/media?parent=163"}],"wp:term":[{"taxonomy":"product_brand","embeddable":true,"href":"https:\/\/www.signalsfence.com\/fr\/wp-json\/wp\/v2\/product_brand?post=163"},{"taxonomy":"product_cat","embeddable":true,"href":"https:\/\/www.signalsfence.com\/fr\/wp-json\/wp\/v2\/product_cat?post=163"},{"taxonomy":"product_tag","embeddable":true,"href":"https:\/\/www.signalsfence.com\/fr\/wp-json\/wp\/v2\/product_tag?post=163"}],"curies":[{"name":"wp","href":"https:\/\/api.w.org\/{rel}","templated":true}]}}