{"id":153,"date":"2023-02-27T10:09:00","date_gmt":"2023-02-27T10:09:00","guid":{"rendered":"https:\/\/www.signalsfence.com\/?post_type=product&#038;p=153"},"modified":"2025-09-23T23:00:29","modified_gmt":"2025-09-23T23:00:29","slug":"2g-3g-4g-gps-wifi-lojack-signal-jammer-with-8-antennas","status":"publish","type":"product","link":"https:\/\/www.signalsfence.com\/fr\/produit\/2g-3g-4g-gps-wifi-lojack-signal-jammer-with-8-antennas\/","title":{"rendered":"Brouilleur de signal Lojack WiFi GPS 2G 3G 4G avec 8 antennes"},"content":{"rendered":"","protected":false},"excerpt":{"rendered":"<p class=\"translation-block\">Caract\u00e9ristiques\u00a0:<br>\n1) Aucun mal aux t\u00e9l\u00e9phones portables\u00a0: ce brouilleur emp\u00eache uniquement les t\u00e9l\u00e9phones portables de transmettre ou de recevoir des signaux uniquement lorsqu'ils se trouvent dans la plage de brouillage.<br>\n2) Peut fonctionner de mani\u00e8re stable et continue dans divers environnements.<br>\n3) Appareil vert et respectueux de l'environnement, sans danger pour l'homme et les objets.<br>\n4) Adaptation rapide\u00a0: en fonction de l'\u00e9tat de sensibilit\u00e9 de chaque t\u00e9l\u00e9phone mobile, normalement dans les dix secondes suivant la mise sous tension, les signaux de tous les types de t\u00e9l\u00e9phones mobiles seront d\u00e9sactiv\u00e9s dans la plage de fonctionnement. Et quelques secondes apr\u00e8s l'avoir \u00e9teint, tous les t\u00e9l\u00e9phones mobiles reviendront \u00e0 la normale.<br><\/p>\n<p class=\"translation-block\">Fr\u00e9quences prises en charge\u00a0:<br>\nGSM\u00a0:\u00a0920-965\u00a0MHz<br>\nDCS\u00a0:\u00a01800-1880\u00a0MHz<br>\nUMTS\u00a03G\u00a0:\u00a02110-2170\u00a0MHz<br>\n4G bas\u00a0: 790-880\u00a0MHz<br>\n4G haut\u00a0: 2\u00a0620-2\u00a0690\u00a0MHz<br>\nWi-Fi\u00a011.b et g\u00a0:\u00a02300-2500\u00a0MHz<br>\nGPS\u00a0L1\u00a0: 1\u00a0575,42\u00a0MHz \u00b1 10\u00a0MHz<br>\nLojack\u00a0: 173\u00a0MHz<\/p>\n<p class=\"translation-block\">Rayon de travail : 10-30M, Remarque : La port\u00e9e varie en fonction de la distance entre l'op\u00e9rateur et le brouilleur de cellules BTS.<br>\nPuissance de sortie\u00a0: 18\u00a0W<br>\nAlimentation : bloc d'alimentation 220V ou prise allume-cigare 12V<\/p>","protected":false},"featured_media":154,"comment_status":"open","ping_status":"closed","template":"","meta":[],"product_brand":[],"product_cat":[23,15,19],"product_tag":[],"class_list":{"0":"post-153","1":"product","2":"type-product","3":"status-publish","4":"has-post-thumbnail","6":"product_cat-cell-phone-jammer","7":"product_cat-wifi-jammer","8":"product_cat-gps-jammer","10":"first","11":"instock","12":"sale","13":"shipping-taxable","14":"purchasable","15":"product-type-simple"},"_links":{"self":[{"href":"https:\/\/www.signalsfence.com\/fr\/wp-json\/wp\/v2\/product\/153","targetHints":{"allow":["GET"]}}],"collection":[{"href":"https:\/\/www.signalsfence.com\/fr\/wp-json\/wp\/v2\/product"}],"about":[{"href":"https:\/\/www.signalsfence.com\/fr\/wp-json\/wp\/v2\/types\/product"}],"replies":[{"embeddable":true,"href":"https:\/\/www.signalsfence.com\/fr\/wp-json\/wp\/v2\/comments?post=153"}],"wp:featuredmedia":[{"embeddable":true,"href":"https:\/\/www.signalsfence.com\/fr\/wp-json\/wp\/v2\/media\/154"}],"wp:attachment":[{"href":"https:\/\/www.signalsfence.com\/fr\/wp-json\/wp\/v2\/media?parent=153"}],"wp:term":[{"taxonomy":"product_brand","embeddable":true,"href":"https:\/\/www.signalsfence.com\/fr\/wp-json\/wp\/v2\/product_brand?post=153"},{"taxonomy":"product_cat","embeddable":true,"href":"https:\/\/www.signalsfence.com\/fr\/wp-json\/wp\/v2\/product_cat?post=153"},{"taxonomy":"product_tag","embeddable":true,"href":"https:\/\/www.signalsfence.com\/fr\/wp-json\/wp\/v2\/product_tag?post=153"}],"curies":[{"name":"wp","href":"https:\/\/api.w.org\/{rel}","templated":true}]}}