{"id":121,"date":"2023-01-03T15:35:25","date_gmt":"2023-01-03T15:35:25","guid":{"rendered":"https:\/\/www.signalsfence.com\/?post_type=product&#038;p=121"},"modified":"2025-05-29T15:07:49","modified_gmt":"2025-05-29T15:07:49","slug":"8-bands-indoor-desktop-wall-mounted-cell-phone-2g-3g-4g-wifi-bluetooth-walkie-talkie-signal-jammer","status":"publish","type":"product","link":"https:\/\/www.signalsfence.com\/fr\/produit\/8-bands-indoor-desktop-wall-mounted-cell-phone-2g-3g-4g-wifi-bluetooth-walkie-talkie-signal-jammer\/","title":{"rendered":"Bureau int\u00e9rieur 8 bandes \/ T\u00e9l\u00e9phone portable mural 2G 3G 4G &amp; WiFi \/ Brouilleur donde de signal Bluetooth et talkie-walkie"},"content":{"rendered":"<p class=\"translation-block\">Antenne\u00a0: 8 antennes omnidirectionnelles<br>\nPuissance de sortie unique (chaque bande)\u00a0: 33\u00a0dBm\/2\u00a0W<br>\nAlimentation : adaptateur AC\/DC (Entr\u00e9e : AC100-240V ; Sortie : DC5V<br>\n12A)<br>\nCaract\u00e9ristique : mod\u00e8le \u00e9conomique, avec voyants lumineux, peut fonctionner de mani\u00e8re stable et<br>\nfiable pendant 2-3 heures en continu<br>\nDimension : 350*140*40mm (hors antennes)<br>\nPoids\u00a0: 1,5\u00a0kg<br>\nEmballage : emballage neutre, OEM disponible<\/p>","protected":false},"excerpt":{"rendered":"<p class=\"translation-block\">Bloquant le rayon: \u2264 25m (@- 75dBm, d\u00e9pend toujours de la force du signal dans une zone donn\u00e9e)<\/p>\n<p class=\"translation-block\">Bandes de fr\u00e9quence\u00a0:<br>\n1. GSM 900 \/ CDMA 850 \/ RC868 \/ RC915 \/ LoRa : 850-960 MHz<br>\n2. GSM 1800 \/ DCS \/ 4G FDD-LTE 1800\u00a0: 1805-1880 MHz<br>\n3. 3G\/WCDMA\/UMTS 2100\u00a0: 2110-2170 MHz<br>\n4. 4G FDD&amp;TD-LTE 2600\u00a0: 2570-2690MHz<br>\n5. 4G FDD-LTE 800\u00a0:\u00a0758-821\u00a0MHz<br>\n6. Wi-Fi 2.4G\/Bluetooth : 2400-2500MHz<br>\n7. Radio UHF \/ RC433\u00a0:\u00a0400-470\u00a0MHz<br>\n8. Radio VHF\u00a0: 135-175\u00a0MHz<\/p>","protected":false},"featured_media":122,"comment_status":"open","ping_status":"closed","template":"","meta":[],"product_brand":[],"product_cat":[23,15,20,26],"product_tag":[],"class_list":{"0":"post-121","1":"product","2":"type-product","3":"status-publish","4":"has-post-thumbnail","6":"product_cat-cell-phone-jammer","7":"product_cat-wifi-jammer","8":"product_cat-bluetooth-jammer","9":"product_cat-uhf-vhf-jammer","11":"first","12":"instock","13":"sale","14":"shipping-taxable","15":"purchasable","16":"product-type-simple"},"_links":{"self":[{"href":"https:\/\/www.signalsfence.com\/fr\/wp-json\/wp\/v2\/product\/121","targetHints":{"allow":["GET"]}}],"collection":[{"href":"https:\/\/www.signalsfence.com\/fr\/wp-json\/wp\/v2\/product"}],"about":[{"href":"https:\/\/www.signalsfence.com\/fr\/wp-json\/wp\/v2\/types\/product"}],"replies":[{"embeddable":true,"href":"https:\/\/www.signalsfence.com\/fr\/wp-json\/wp\/v2\/comments?post=121"}],"wp:featuredmedia":[{"embeddable":true,"href":"https:\/\/www.signalsfence.com\/fr\/wp-json\/wp\/v2\/media\/122"}],"wp:attachment":[{"href":"https:\/\/www.signalsfence.com\/fr\/wp-json\/wp\/v2\/media?parent=121"}],"wp:term":[{"taxonomy":"product_brand","embeddable":true,"href":"https:\/\/www.signalsfence.com\/fr\/wp-json\/wp\/v2\/product_brand?post=121"},{"taxonomy":"product_cat","embeddable":true,"href":"https:\/\/www.signalsfence.com\/fr\/wp-json\/wp\/v2\/product_cat?post=121"},{"taxonomy":"product_tag","embeddable":true,"href":"https:\/\/www.signalsfence.com\/fr\/wp-json\/wp\/v2\/product_tag?post=121"}],"curies":[{"name":"wp","href":"https:\/\/api.w.org\/{rel}","templated":true}]}}