{"id":117,"date":"2023-01-03T15:28:24","date_gmt":"2023-01-03T15:28:24","guid":{"rendered":"https:\/\/www.signalsfence.com\/?post_type=product&#038;p=117"},"modified":"2026-01-19T08:48:28","modified_gmt":"2026-01-19T08:48:28","slug":"6-bands-indoor-desktop-wall-mounted-cell-phone-2g-3g-4g-wifi-bluetooth-signal-jammer","status":"publish","type":"product","link":"https:\/\/www.signalsfence.com\/fr\/produit\/6-bands-indoor-desktop-wall-mounted-cell-phone-2g-3g-4g-wifi-bluetooth-signal-jammer\/","title":{"rendered":"Bureau d'int\u00e9rieur de 6 bandes\/t\u00e9l\u00e9phone portable fix\u00e9 au mur 2G 3G 4G et WiFi\/brouilleur de signal de Bluetooth"},"content":{"rendered":"<p class=\"translation-block\">Antenne\u00a0: 6 antennes omnidirectionnelles<br>\nPuissance de sortie unique (chaque bande)\u00a0: 33\u00a0dBm\/2\u00a0W<br>\nPuissance de sortie totale\u00a0: 12\u00a0W<br>\nAlimentation : adaptateur AC\/DC (Entr\u00e9e : AC100-240V ; Sortie : DC5V<br>\n12A)<br>\nCaract\u00e9ristique\u00a0: conception compacte, peut fonctionner de mani\u00e8re stable et fiable pendant 2-3\u00a0heures<br>\nen continu<br>\nDimension : 300*110*37mm (hors antennes)<br>\nAntenne (L)\u00a0: 210\u00a0mm (Gain\u00a0: 2-3dBi)<br>\nPoids\u00a0: 2\u00a0kg<br>\nEmballage : emballage neutre, OEM disponible<\/p>","protected":false},"excerpt":{"rendered":"<p class=\"translation-block\">Bloquant le rayon: \u2264 25m (@- 75dBm, d\u00e9pend toujours de la force du signal dans une zone donn\u00e9e)<\/p>\n<p>Bandes de fr\u00e9quence:<\/p>\n<p>1. GSM 900 \/ CDMA 850 \/ RC868 \/ RC915 \/ LoRa : 850-960MHz<br \/>\n2. GSM 1800 \/ DCS \/ 4G FDD-LTE 1800 : 1805-1880MHz<br \/>\n3. 3G \/ WCDMA \/ UMTS 2100 : 2110-2170MHz<br \/>\n4. 4G FDD&amp;TD-LTE 2600 : 2570-2690MHz<br \/>\n5. 4G FDD-LTE 800 : 758-821MHz<br \/>\n6. 2.4G WiFi \/ Bluetooth : 2400-2500MHz<\/p>","protected":false},"featured_media":118,"comment_status":"open","ping_status":"closed","template":"","meta":[],"product_brand":[],"product_cat":[23,15,20],"product_tag":[],"class_list":{"0":"post-117","1":"product","2":"type-product","3":"status-publish","4":"has-post-thumbnail","6":"product_cat-cell-phone-jammer","7":"product_cat-wifi-jammer","8":"product_cat-bluetooth-jammer","10":"first","11":"instock","12":"sale","13":"shipping-taxable","14":"purchasable","15":"product-type-simple"},"_links":{"self":[{"href":"https:\/\/www.signalsfence.com\/fr\/wp-json\/wp\/v2\/product\/117","targetHints":{"allow":["GET"]}}],"collection":[{"href":"https:\/\/www.signalsfence.com\/fr\/wp-json\/wp\/v2\/product"}],"about":[{"href":"https:\/\/www.signalsfence.com\/fr\/wp-json\/wp\/v2\/types\/product"}],"replies":[{"embeddable":true,"href":"https:\/\/www.signalsfence.com\/fr\/wp-json\/wp\/v2\/comments?post=117"}],"wp:featuredmedia":[{"embeddable":true,"href":"https:\/\/www.signalsfence.com\/fr\/wp-json\/wp\/v2\/media\/118"}],"wp:attachment":[{"href":"https:\/\/www.signalsfence.com\/fr\/wp-json\/wp\/v2\/media?parent=117"}],"wp:term":[{"taxonomy":"product_brand","embeddable":true,"href":"https:\/\/www.signalsfence.com\/fr\/wp-json\/wp\/v2\/product_brand?post=117"},{"taxonomy":"product_cat","embeddable":true,"href":"https:\/\/www.signalsfence.com\/fr\/wp-json\/wp\/v2\/product_cat?post=117"},{"taxonomy":"product_tag","embeddable":true,"href":"https:\/\/www.signalsfence.com\/fr\/wp-json\/wp\/v2\/product_tag?post=117"}],"curies":[{"name":"wp","href":"https:\/\/api.w.org\/{rel}","templated":true}]}}