{"id":116,"date":"2023-01-03T14:57:13","date_gmt":"2023-01-03T14:57:13","guid":{"rendered":"https:\/\/www.signalsfence.com\/?post_type=product&#038;p=116"},"modified":"2025-11-14T19:12:41","modified_gmt":"2025-11-14T19:12:41","slug":"5-bands-portable-hidden-all-gps-wifi-bluetoothor-lojack-signal-jammer-with-built-in-omni-antennas-without-battery","status":"publish","type":"product","link":"https:\/\/www.signalsfence.com\/fr\/produit\/5-bands-portable-hidden-all-gps-wifi-bluetoothor-lojack-signal-jammer-with-built-in-omni-antennas-without-battery\/","title":{"rendered":"Brouilleur de signal portable cach\u00e9 tout GPS et WiFi \/ Bluetooth (ou LoJack) \u00e0 5 bandes avec antennes omni int\u00e9gr\u00e9es (sans batterie)"},"content":{"rendered":"<p class=\"translation-block\">Antenne\u00a0: 5 antennes omnidirectionnelles int\u00e9gr\u00e9es<br>\nBrouiller les objets\u00a0: GNSS, navigation par satellite, localisation, Wi-Fi \/<br>\nPositionnement Bluetooth et WLAN (ou LoJack), etc. Caract\u00e9ristique\u00a0: petit et l\u00e9ger, design portable, facile \u00e0 transporter et \u00e0 utiliser\u00a0;<br>\nAvec antennes omni int\u00e9gr\u00e9es, brouillage cach\u00e9 et secret. Puissance de sortie unique\u00a0: 30\u00a0dBm \/ 1\u00a0W<br>\nAlimentation\u00a0: allume-cigare DC12-24V \/ banque d'alimentation DC5-36V<br>\nTaille : 160*100*30 mm Poids : 200g<br>\nEmballage : emballage neutre, OEM est disponible<\/p>","protected":false},"excerpt":{"rendered":"<p>Type : brouilleur de signal GPS portable<\/p>\n<p class=\"translation-block\">Rayon de brouillage\u00a0: environ 15\u00a0m (d\u00e9pend toujours de la force du signal GPS)<br>\nBandes de fr\u00e9quences (peuvent \u00eatre personnalis\u00e9es)\u00a0:<\/p>\n<p>1. GPS L1 \/ Galileo E1 \/ Glonass L1 \/ BeiDou B1 : 1520-1620 MHz<br \/>\n2. GPS L2 \/ Galileo E6 \/ Glonass L2 \/ BeiDou B3 : 1215-1300MHz<br \/>\n3. GPS L3+L4 : 1300-1400MHz<br \/>\n4. GPS L5 \/ Galileo E5a+E5b \/ Glonass L3 \/ BeiDou B2 : 1160- 1215MHz<br \/>\n5. WiFi 2.4G \/ Bluetooth : 2400-2500MHz (ou LoJack : 167-175MHz, en option)<\/p>","protected":false},"featured_media":110,"comment_status":"open","ping_status":"closed","template":"","meta":[],"product_brand":[],"product_cat":[19,15],"product_tag":[],"class_list":{"0":"post-116","1":"product","2":"type-product","3":"status-publish","4":"has-post-thumbnail","6":"product_cat-gps-jammer","7":"product_cat-wifi-jammer","9":"first","10":"instock","11":"sale","12":"shipping-taxable","13":"purchasable","14":"product-type-simple"},"_links":{"self":[{"href":"https:\/\/www.signalsfence.com\/fr\/wp-json\/wp\/v2\/product\/116","targetHints":{"allow":["GET"]}}],"collection":[{"href":"https:\/\/www.signalsfence.com\/fr\/wp-json\/wp\/v2\/product"}],"about":[{"href":"https:\/\/www.signalsfence.com\/fr\/wp-json\/wp\/v2\/types\/product"}],"replies":[{"embeddable":true,"href":"https:\/\/www.signalsfence.com\/fr\/wp-json\/wp\/v2\/comments?post=116"}],"wp:featuredmedia":[{"embeddable":true,"href":"https:\/\/www.signalsfence.com\/fr\/wp-json\/wp\/v2\/media\/110"}],"wp:attachment":[{"href":"https:\/\/www.signalsfence.com\/fr\/wp-json\/wp\/v2\/media?parent=116"}],"wp:term":[{"taxonomy":"product_brand","embeddable":true,"href":"https:\/\/www.signalsfence.com\/fr\/wp-json\/wp\/v2\/product_brand?post=116"},{"taxonomy":"product_cat","embeddable":true,"href":"https:\/\/www.signalsfence.com\/fr\/wp-json\/wp\/v2\/product_cat?post=116"},{"taxonomy":"product_tag","embeddable":true,"href":"https:\/\/www.signalsfence.com\/fr\/wp-json\/wp\/v2\/product_tag?post=116"}],"curies":[{"name":"wp","href":"https:\/\/api.w.org\/{rel}","templated":true}]}}