{"id":115,"date":"2023-01-03T14:55:38","date_gmt":"2023-01-03T14:55:38","guid":{"rendered":"https:\/\/www.signalsfence.com\/?post_type=product&#038;p=115"},"modified":"2025-05-29T15:06:57","modified_gmt":"2025-05-29T15:06:57","slug":"5-bands-portable-hidden-cell-phone-2g-3g-gps-signal-jammer-with-built-in-omni-antennas-without-battery","status":"publish","type":"product","link":"https:\/\/www.signalsfence.com\/fr\/produit\/5-bands-portable-hidden-cell-phone-2g-3g-gps-signal-jammer-with-built-in-omni-antennas-without-battery\/","title":{"rendered":"Brouilleur de signal de t\u00e9l\u00e9phone portable cach\u00e9 portable 5 bandes 2G 3G et GPS avec antennes omni int\u00e9gr\u00e9es (sans batterie)"},"content":{"rendered":"<p class=\"translation-block\">Antenne\u00a0: 5 antennes omnidirectionnelles int\u00e9gr\u00e9es<br>\nObjets brouillants\u00a0: r\u00e9seau mobile 2G\/3G mondial, GNSS, satellite<br>\nnavigation (toutes les bandes Galileo), suivi de localisation\u2026 Caract\u00e9ristique\u00a0: petit et l\u00e9ger, design portable, pratique \u00e0 transporter et \u00e0 utiliser\u00a0;<br>\nAvec antennes omni int\u00e9gr\u00e9es, brouillage cach\u00e9 et secret. Puissance de sortie unique\u00a0: 30\u00a0dBm \/ 1\u00a0W<br>\nAlimentation\u00a0: allume-cigare DC12-24V \/ banque d'alimentation DC5-36V<br>\nTaille : 160*100*30 mm Poids : 200g<br>\nEmballage : emballage neutre, OEM est disponible<\/p>","protected":false},"excerpt":{"rendered":"<p>Type : brouilleur de signal GPS portable<\/p>\n<p>Rayon de brouillage\u00a0: environ 15\u00a0m (d\u00e9pend toujours de la force du signal GPS)<\/p>\n<p>Bandes de fr\u00e9quences (peuvent \u00eatre personnalis\u00e9es)\u00a0:<br \/>\n1. GSM \/ CDMA : 850-960 MHz<br \/>\n2. DCS \/ PCS : 1805-1990 MHz<br \/>\n3. 3G \/ WCDMA \/ UMTS 2100 : 2110-2170MHz<br \/>\n4. GPS L1 \/ Galileo E1 \/ Glonass L1 \/ BeiDou B1 : 1520-1620 MHz<br \/>\n5. GPS L2+L5 \/Galileo E5a+E5b+E6 \/Glonass L2+L3 \/BeiDou B2+B3 :<br \/>\n1160-1300MHz<\/p>","protected":false},"featured_media":110,"comment_status":"open","ping_status":"closed","template":"","meta":[],"product_brand":[],"product_cat":[19],"product_tag":[],"class_list":{"0":"post-115","1":"product","2":"type-product","3":"status-publish","4":"has-post-thumbnail","6":"product_cat-gps-jammer","8":"first","9":"instock","10":"sale","11":"shipping-taxable","12":"purchasable","13":"product-type-simple"},"_links":{"self":[{"href":"https:\/\/www.signalsfence.com\/fr\/wp-json\/wp\/v2\/product\/115","targetHints":{"allow":["GET"]}}],"collection":[{"href":"https:\/\/www.signalsfence.com\/fr\/wp-json\/wp\/v2\/product"}],"about":[{"href":"https:\/\/www.signalsfence.com\/fr\/wp-json\/wp\/v2\/types\/product"}],"replies":[{"embeddable":true,"href":"https:\/\/www.signalsfence.com\/fr\/wp-json\/wp\/v2\/comments?post=115"}],"wp:featuredmedia":[{"embeddable":true,"href":"https:\/\/www.signalsfence.com\/fr\/wp-json\/wp\/v2\/media\/110"}],"wp:attachment":[{"href":"https:\/\/www.signalsfence.com\/fr\/wp-json\/wp\/v2\/media?parent=115"}],"wp:term":[{"taxonomy":"product_brand","embeddable":true,"href":"https:\/\/www.signalsfence.com\/fr\/wp-json\/wp\/v2\/product_brand?post=115"},{"taxonomy":"product_cat","embeddable":true,"href":"https:\/\/www.signalsfence.com\/fr\/wp-json\/wp\/v2\/product_cat?post=115"},{"taxonomy":"product_tag","embeddable":true,"href":"https:\/\/www.signalsfence.com\/fr\/wp-json\/wp\/v2\/product_tag?post=115"}],"curies":[{"name":"wp","href":"https:\/\/api.w.org\/{rel}","templated":true}]}}