{"id":113,"date":"2023-01-03T14:38:44","date_gmt":"2023-01-03T14:38:44","guid":{"rendered":"https:\/\/www.signalsfence.com\/?post_type=product&#038;p=113"},"modified":"2023-01-03T14:46:46","modified_gmt":"2023-01-03T14:46:46","slug":"5-bands-portable-hidden-cell-phone-2g-3g-wifi-bluetooth-lbs-gps-signal-jammer-with-built-in-omni-antennas-without-battery","status":"publish","type":"product","link":"https:\/\/www.signalsfence.com\/fr\/produit\/5-bands-portable-hidden-cell-phone-2g-3g-wifi-bluetooth-lbs-gps-signal-jammer-with-built-in-omni-antennas-without-battery\/","title":{"rendered":"Brouilleur de t\u00e9l\u00e9phone portable cach\u00e9 5 bandes 2G 3G &amp; WiFi \/ Bluetooth (LBS) &amp; GPS avec antennes omni int\u00e9gr\u00e9es (sans batterie)"},"content":{"rendered":"<p>Antenne : 5 antennes omnidirectionnelles int\u00e9gr\u00e9es<br \/>\nBrouillage d'objets : R\u00e9seaux mobiles 2G\/3G et WiFi \/ Bluetooth dans le monde entier<br \/>\n(LBS), positionnement WLAN, GNSS, navigation par satellite, localisation<br \/>\nsuivi... Caract\u00e9ristiques : Petit et l\u00e9ger, design portable, pratique \u00e0 transporter et \u00e0 utiliser ;<br \/>\nAvec antennes omni int\u00e9gr\u00e9es, brouillage cach\u00e9 et secret. Puissance de sortie unique : 30dBm \/ 1W<br \/>\nAlimentation : DC12-24V allume-cigare \/ DC5-36V banque d'alimentation<br \/>\nTaille : 160*100*30 mm Poids : 200g<br \/>\nEmballage : emballage neutre, OEM disponible<\/p>","protected":false},"excerpt":{"rendered":"<p>Type : brouilleur de signal GPS portable<\/p>\n<p>Rayon de brouillage\u00a0: environ 15\u00a0m (d\u00e9pend toujours de la force du signal GPS)<\/p>\n<p>Bandes de fr\u00e9quences (peuvent \u00eatre personnalis\u00e9es)\u00a0:<\/p>\n<p>1. GSM \/ CDMA : 850-960 MHz<br \/>\n2. DCS \/ PCS : 1805-1990 MHz<br \/>\n3. 3G \/ WCDMA \/ UMTS 2100 : 2110-2170MHz<br \/>\n4. 2.4G WiFi \/ Bluetooth : 2400-2500MHz<br \/>\n5. GPS L1 \/ Galileo E1 \/ Glonass L1 \/ BeiDou B1 : 1520-1620 MHz<\/p>","protected":false},"featured_media":110,"comment_status":"open","ping_status":"closed","template":"","meta":[],"product_brand":[],"product_cat":[19],"product_tag":[],"class_list":{"0":"post-113","1":"product","2":"type-product","3":"status-publish","4":"has-post-thumbnail","6":"product_cat-gps-jammer","8":"first","9":"instock","10":"sale","11":"shipping-taxable","12":"purchasable","13":"product-type-simple"},"_links":{"self":[{"href":"https:\/\/www.signalsfence.com\/fr\/wp-json\/wp\/v2\/product\/113","targetHints":{"allow":["GET"]}}],"collection":[{"href":"https:\/\/www.signalsfence.com\/fr\/wp-json\/wp\/v2\/product"}],"about":[{"href":"https:\/\/www.signalsfence.com\/fr\/wp-json\/wp\/v2\/types\/product"}],"replies":[{"embeddable":true,"href":"https:\/\/www.signalsfence.com\/fr\/wp-json\/wp\/v2\/comments?post=113"}],"wp:featuredmedia":[{"embeddable":true,"href":"https:\/\/www.signalsfence.com\/fr\/wp-json\/wp\/v2\/media\/110"}],"wp:attachment":[{"href":"https:\/\/www.signalsfence.com\/fr\/wp-json\/wp\/v2\/media?parent=113"}],"wp:term":[{"taxonomy":"product_brand","embeddable":true,"href":"https:\/\/www.signalsfence.com\/fr\/wp-json\/wp\/v2\/product_brand?post=113"},{"taxonomy":"product_cat","embeddable":true,"href":"https:\/\/www.signalsfence.com\/fr\/wp-json\/wp\/v2\/product_cat?post=113"},{"taxonomy":"product_tag","embeddable":true,"href":"https:\/\/www.signalsfence.com\/fr\/wp-json\/wp\/v2\/product_tag?post=113"}],"curies":[{"name":"wp","href":"https:\/\/api.w.org\/{rel}","templated":true}]}}