{"id":109,"date":"2023-01-03T09:30:45","date_gmt":"2023-01-03T09:30:45","guid":{"rendered":"https:\/\/www.signalsfence.com\/?post_type=product&#038;p=109"},"modified":"2023-01-03T09:31:21","modified_gmt":"2023-01-03T09:31:21","slug":"5-bands-portable-hidden-jammer-common-wireless-hidden-microphone-gps-or-wifi-bluetooth-signal-jammer-with-built-in-omni-antennas-without-battery","status":"publish","type":"product","link":"https:\/\/www.signalsfence.com\/fr\/produit\/5-bands-portable-hidden-jammer-common-wireless-hidden-microphone-gps-or-wifi-bluetooth-signal-jammer-with-built-in-omni-antennas-without-battery\/","title":{"rendered":"Brouilleur portable 5 bandes Brouilleur commun sans fil pour microphone cach\u00e9 et signal GPS (ou WiFi \/ Bluetooth) avec antennes omni int\u00e9gr\u00e9es (sans batterie)"},"content":{"rendered":"<p>Antenne : 5 antennes omnidirectionnelles int\u00e9gr\u00e9es<br \/>\nPuissance de sortie unique : 30dBm \/ 1W<br \/>\nAlimentation : DC12-24V allume-cigare \/ DC5-36V banque d'alimentation<br \/>\nTaille : 160*100*30 mm<br \/>\nPoids : 200g<br \/>\nPoids de l'emballage : environ 1kg<br \/>\nEmballage : emballage neutre, OEM disponible<\/p>","protected":false},"excerpt":{"rendered":"<p>Rayon de brouillage : environ 15m (d\u00e9pend toujours de la force du signal)<\/p>\n<p>Taille : 160*100*30 mm<\/p>\n<p>Bandes de fr\u00e9quences (peuvent \u00eatre personnalis\u00e9es)\u00a0:<\/p>\n<p>1. Microphone cach\u00e9 sans fil 1 (commun, bande UHF) : 500-600MHz<br \/>\n2. microphone cach\u00e9 sans fil 2 (commun, bande UHF) : 600-700MHz<br \/>\n3. Microphone cach\u00e9 sans fil 3 (commun, bande UHF) : 700-800MHz<br \/>\n4. Microphone cach\u00e9 sans fil 4 (commun, bande UHF) : 800-900MHz<br \/>\n5. GPS L1 \/ Galileo E1 \/ Glonass L1 \/ BeiDou B1 : 1520-1620MHz (ou<br \/>\n2.4G WiFi \/ Bluetooth : 2400-2500MHz, en option )<\/p>","protected":false},"featured_media":110,"comment_status":"open","ping_status":"closed","template":"","meta":[],"product_brand":[],"product_cat":[15,19,22],"product_tag":[],"class_list":{"0":"post-109","1":"product","2":"type-product","3":"status-publish","4":"has-post-thumbnail","6":"product_cat-wifi-jammer","7":"product_cat-gps-jammer","8":"product_cat-wireless-microphone-jammer","10":"first","11":"instock","12":"sale","13":"shipping-taxable","14":"purchasable","15":"product-type-simple"},"_links":{"self":[{"href":"https:\/\/www.signalsfence.com\/fr\/wp-json\/wp\/v2\/product\/109","targetHints":{"allow":["GET"]}}],"collection":[{"href":"https:\/\/www.signalsfence.com\/fr\/wp-json\/wp\/v2\/product"}],"about":[{"href":"https:\/\/www.signalsfence.com\/fr\/wp-json\/wp\/v2\/types\/product"}],"replies":[{"embeddable":true,"href":"https:\/\/www.signalsfence.com\/fr\/wp-json\/wp\/v2\/comments?post=109"}],"wp:featuredmedia":[{"embeddable":true,"href":"https:\/\/www.signalsfence.com\/fr\/wp-json\/wp\/v2\/media\/110"}],"wp:attachment":[{"href":"https:\/\/www.signalsfence.com\/fr\/wp-json\/wp\/v2\/media?parent=109"}],"wp:term":[{"taxonomy":"product_brand","embeddable":true,"href":"https:\/\/www.signalsfence.com\/fr\/wp-json\/wp\/v2\/product_brand?post=109"},{"taxonomy":"product_cat","embeddable":true,"href":"https:\/\/www.signalsfence.com\/fr\/wp-json\/wp\/v2\/product_cat?post=109"},{"taxonomy":"product_tag","embeddable":true,"href":"https:\/\/www.signalsfence.com\/fr\/wp-json\/wp\/v2\/product_tag?post=109"}],"curies":[{"name":"wp","href":"https:\/\/api.w.org\/{rel}","templated":true}]}}