{"id":95,"date":"2023-01-02T15:45:16","date_gmt":"2023-01-02T15:45:16","guid":{"rendered":"https:\/\/www.signalsfence.com\/?post_type=product&#038;p=95"},"modified":"2023-01-02T15:53:51","modified_gmt":"2023-01-02T15:53:51","slug":"tri-band-portable-handheld-cell-phone-2g-3g-signal-jammer","status":"publish","type":"product","link":"https:\/\/www.signalsfence.com\/es\/producto\/tri-band-portable-handheld-cell-phone-2g-3g-signal-jammer\/","title":{"rendered":"Tri-banda port\u00e1til de mano del tel\u00e9fono celular 2G 3G Jammer de se\u00f1al"},"content":{"rendered":"<p>Antenna: 3pcs omnidirectional antennas<br \/>\nPotencia de salida \u00fanica (cada banda): 30dBm\/1W<br \/>\nBattery Type: Built-in 7.4V 1500mAh Li-ion battery, can continuously<br \/>\nfuncionan durante 2-3 horas con una carga completa<br \/>\nFuente de alimentaci\u00f3n (cargador): Cargador AC(Entrada: AC100-240V) &amp; Coche<br \/>\nCargador (DC12V encendedor de coche)<br \/>\nSize: 100*57*22 mm<br \/>\nWeight: 180g<br \/>\nEmbalaje: embalaje neutro, OEM disponible<\/p>","protected":false},"excerpt":{"rendered":"<p>Radio de interferencia: \u2264 15m (@-75dBm, sigue dependiendo de la se\u00f1al<br \/>\nfuerza en un \u00e1rea determinada)<\/p>\n<p>Bandas de frecuencia (personalizables):<br \/>\n1. GSM \/ CDMA: 850-960MHz<br \/>\n2. DCS \/ PCS: 1805-1990MHz<br \/>\n3. 3G: 2110-2170MHz<\/p>","protected":false},"featured_media":96,"comment_status":"open","ping_status":"closed","template":"","meta":[],"product_brand":[],"product_cat":[23],"product_tag":[],"class_list":{"0":"post-95","1":"product","2":"type-product","3":"status-publish","4":"has-post-thumbnail","6":"product_cat-cell-phone-jammer","8":"first","9":"outofstock","10":"sale","11":"shipping-taxable","12":"purchasable","13":"product-type-simple"},"_links":{"self":[{"href":"https:\/\/www.signalsfence.com\/es\/wp-json\/wp\/v2\/product\/95","targetHints":{"allow":["GET"]}}],"collection":[{"href":"https:\/\/www.signalsfence.com\/es\/wp-json\/wp\/v2\/product"}],"about":[{"href":"https:\/\/www.signalsfence.com\/es\/wp-json\/wp\/v2\/types\/product"}],"replies":[{"embeddable":true,"href":"https:\/\/www.signalsfence.com\/es\/wp-json\/wp\/v2\/comments?post=95"}],"wp:featuredmedia":[{"embeddable":true,"href":"https:\/\/www.signalsfence.com\/es\/wp-json\/wp\/v2\/media\/96"}],"wp:attachment":[{"href":"https:\/\/www.signalsfence.com\/es\/wp-json\/wp\/v2\/media?parent=95"}],"wp:term":[{"taxonomy":"product_brand","embeddable":true,"href":"https:\/\/www.signalsfence.com\/es\/wp-json\/wp\/v2\/product_brand?post=95"},{"taxonomy":"product_cat","embeddable":true,"href":"https:\/\/www.signalsfence.com\/es\/wp-json\/wp\/v2\/product_cat?post=95"},{"taxonomy":"product_tag","embeddable":true,"href":"https:\/\/www.signalsfence.com\/es\/wp-json\/wp\/v2\/product_tag?post=95"}],"curies":[{"name":"wp","href":"https:\/\/api.w.org\/{rel}","templated":true}]}}