{"id":93,"date":"2023-01-01T14:09:08","date_gmt":"2023-01-01T14:09:08","guid":{"rendered":"https:\/\/www.signalsfence.com\/?post_type=product&#038;p=93"},"modified":"2023-01-01T14:34:52","modified_gmt":"2023-01-01T14:34:52","slug":"4-bands-portable-handheld-common-wireless-hidden-microphone-signal-jammer","status":"publish","type":"product","link":"https:\/\/www.signalsfence.com\/es\/producto\/4-bands-portable-handheld-common-wireless-hidden-microphone-signal-jammer\/","title":{"rendered":"4 bandas port\u00e1til de mano com\u00fan micr\u00f3fono inal\u00e1mbrico oculto Jammer de se\u00f1al"},"content":{"rendered":"<p>Antena: 4 antenas omnidireccionales<br \/>\nPotencia de salida \u00fanica (cada banda): 30dBm\/1W<br \/>\nTipo de bater\u00eda: Construido en 7.2V 3000mAh Li-ion bater\u00eda, puede continuamente<br \/>\nFunciona durante 2-3 horas con una carga completa. Fuente de alimentaci\u00f3n (cargador): Cargador AC(Entrada: AC100-240V) &amp; Coche<br \/>\nCargador (DC12-24V encendedor de coche)<br \/>\nTama\u00f1o: 110*62*30 mm (antenas excluidas)<br \/>\nPeso: 300 g<br \/>\nEmbalaje: embalaje neutro, OEM disponible<\/p>","protected":false},"excerpt":{"rendered":"<p>Radio de interferencia: \u2264 15m (@-75dBm, sigue dependiendo de la se\u00f1al<br \/>\nfuerza en un \u00e1rea determinada)<br \/>\nBandas de frecuencia (personalizables):<br \/>\n1. micr\u00f3fono inal\u00e1mbrico oculto 1 (com\u00fan, banda UHF): 500-600MHz<br \/>\n2. micr\u00f3fono inal\u00e1mbrico oculto 2 (com\u00fan, banda UHF): 600-700MHz<br \/>\n3. micr\u00f3fono inal\u00e1mbrico oculto 3 (com\u00fan, banda UHF): 700-800MHz<br \/>\n4. micr\u00f3fono inal\u00e1mbrico oculto 4 (com\u00fan, banda UHF): 800-900MHz<\/p>","protected":false},"featured_media":87,"comment_status":"open","ping_status":"closed","template":"","meta":[],"product_brand":[],"product_cat":[22],"product_tag":[],"class_list":{"0":"post-93","1":"product","2":"type-product","3":"status-publish","4":"has-post-thumbnail","6":"product_cat-wireless-microphone-jammer","8":"first","9":"instock","10":"sale","11":"shipping-taxable","12":"purchasable","13":"product-type-simple"},"_links":{"self":[{"href":"https:\/\/www.signalsfence.com\/es\/wp-json\/wp\/v2\/product\/93","targetHints":{"allow":["GET"]}}],"collection":[{"href":"https:\/\/www.signalsfence.com\/es\/wp-json\/wp\/v2\/product"}],"about":[{"href":"https:\/\/www.signalsfence.com\/es\/wp-json\/wp\/v2\/types\/product"}],"replies":[{"embeddable":true,"href":"https:\/\/www.signalsfence.com\/es\/wp-json\/wp\/v2\/comments?post=93"}],"wp:featuredmedia":[{"embeddable":true,"href":"https:\/\/www.signalsfence.com\/es\/wp-json\/wp\/v2\/media\/87"}],"wp:attachment":[{"href":"https:\/\/www.signalsfence.com\/es\/wp-json\/wp\/v2\/media?parent=93"}],"wp:term":[{"taxonomy":"product_brand","embeddable":true,"href":"https:\/\/www.signalsfence.com\/es\/wp-json\/wp\/v2\/product_brand?post=93"},{"taxonomy":"product_cat","embeddable":true,"href":"https:\/\/www.signalsfence.com\/es\/wp-json\/wp\/v2\/product_cat?post=93"},{"taxonomy":"product_tag","embeddable":true,"href":"https:\/\/www.signalsfence.com\/es\/wp-json\/wp\/v2\/product_tag?post=93"}],"curies":[{"name":"wp","href":"https:\/\/api.w.org\/{rel}","templated":true}]}}