{"id":74,"date":"2023-01-01T10:01:50","date_gmt":"2023-01-01T10:01:50","guid":{"rendered":"https:\/\/www.signalsfence.com\/?post_type=product&#038;p=74"},"modified":"2023-01-01T12:07:57","modified_gmt":"2023-01-01T12:07:57","slug":"8-bands-portable-handheld-cell-phone-2g-3g-4g-wifi-bluetooth-gps-lojack-signal-jammer","status":"publish","type":"product","link":"https:\/\/www.signalsfence.com\/es\/producto\/8-bands-portable-handheld-cell-phone-2g-3g-4g-wifi-bluetooth-gps-lojack-signal-jammer\/","title":{"rendered":"8 bandas port\u00e1til de mano del tel\u00e9fono celular 2G 3G 4G y WiFi \/ Bluetooth y GPS y LoJack Jammer de se\u00f1al"},"content":{"rendered":"<p>Tipo: Bloqueador de se\u00f1al port\u00e1til<br \/>\nAntena: 8 antenas omnidireccionales<br \/>\nPotencia de salida \u00fanica (cada banda): 30dBm \/ 1W<br \/>\nTipo de bater\u00eda: Construido en 7.4V 3600mAh Li-ion de la bater\u00eda, puede continuamente<br \/>\nfuncionan durante 2-3 horas con una carga completa<br \/>\nFuente de alimentaci\u00f3n (cargador): Cargador AC(Entrada: AC100-240V) &amp; Coche<br \/>\nCargador (DC12-24V encendedor de coche)<br \/>\nDimensiones: 140*75*35 mm (antenas excluidas)<br \/>\nPeso: 500 g<\/p>","protected":false},"excerpt":{"rendered":"<p>Radio de interferencia: \u2264 15m (@-75dBm, sigue dependiendo de la se\u00f1al<br \/>\nfuerza en un \u00e1rea determinada)<br \/>\nBandas de frecuencia:<br \/>\n1. GSM 900 \/ CDMA 850 \/ RC868 \/ RC915 \/ LoRa: 850-960MHz<br \/>\n2. GSM 1800 \/ DCS \/ 4G FDD-LTE 1800: 1805-1880MHz<br \/>\n3. 3G \/ WCDMA \/ UMTS 2100: 2110-2170MHz<br \/>\n4. 4G FDD&amp;TD-LTE 2600: 2570-2690MHz<br \/>\n5. 4G FDD-LTE 800: 758-821MHz<br \/>\n6. 2.4G WiFi \/ Bluetooth: 2400-2500MHz<br \/>\n7. GPS L1 \/ Galileo E1 \/ Glonass L1 \/ BeiDou B1: 1520-1620MHz<br \/>\n8. LoJack \/ radio VHF: 135-175MHz<\/p>","protected":false},"featured_media":75,"comment_status":"open","ping_status":"closed","template":"","meta":[],"product_brand":[],"product_cat":[15],"product_tag":[],"class_list":{"0":"post-74","1":"product","2":"type-product","3":"status-publish","4":"has-post-thumbnail","6":"product_cat-wifi-jammer","8":"first","9":"instock","10":"sale","11":"shipping-taxable","12":"purchasable","13":"product-type-simple"},"_links":{"self":[{"href":"https:\/\/www.signalsfence.com\/es\/wp-json\/wp\/v2\/product\/74","targetHints":{"allow":["GET"]}}],"collection":[{"href":"https:\/\/www.signalsfence.com\/es\/wp-json\/wp\/v2\/product"}],"about":[{"href":"https:\/\/www.signalsfence.com\/es\/wp-json\/wp\/v2\/types\/product"}],"replies":[{"embeddable":true,"href":"https:\/\/www.signalsfence.com\/es\/wp-json\/wp\/v2\/comments?post=74"}],"wp:featuredmedia":[{"embeddable":true,"href":"https:\/\/www.signalsfence.com\/es\/wp-json\/wp\/v2\/media\/75"}],"wp:attachment":[{"href":"https:\/\/www.signalsfence.com\/es\/wp-json\/wp\/v2\/media?parent=74"}],"wp:term":[{"taxonomy":"product_brand","embeddable":true,"href":"https:\/\/www.signalsfence.com\/es\/wp-json\/wp\/v2\/product_brand?post=74"},{"taxonomy":"product_cat","embeddable":true,"href":"https:\/\/www.signalsfence.com\/es\/wp-json\/wp\/v2\/product_cat?post=74"},{"taxonomy":"product_tag","embeddable":true,"href":"https:\/\/www.signalsfence.com\/es\/wp-json\/wp\/v2\/product_tag?post=74"}],"curies":[{"name":"wp","href":"https:\/\/api.w.org\/{rel}","templated":true}]}}