{"id":72,"date":"2023-01-01T09:56:32","date_gmt":"2023-01-01T09:56:32","guid":{"rendered":"https:\/\/www.signalsfence.com\/?post_type=product&#038;p=72"},"modified":"2024-07-01T12:41:35","modified_gmt":"2024-07-01T12:41:35","slug":"custom-10-bands-portable-handheld-wireless-microphone-vhf-uhf-band-signal-jammer","status":"publish","type":"product","link":"https:\/\/www.signalsfence.com\/es\/producto\/custom-10-bands-portable-handheld-wireless-microphone-vhf-uhf-band-signal-jammer\/","title":{"rendered":"Custom 10 Bandas Micr\u00f3fono inal\u00e1mbrico port\u00e1til de mano (banda VHF y UHF) Se\u00f1al Jammer"},"content":{"rendered":"<p>Antena: 10 antenas omnidireccionales<br \/>\nPotencia de salida \u00fanica (cada banda): 30dBm \/ 1W<br \/>\nTipo de bater\u00eda: Construido en 7.4V 4500mAh Li-ion bater\u00eda, puede continuamente<br \/>\nfuncionan durante 2-3 horas con una carga completa<br \/>\nFuente de alimentaci\u00f3n (cargador): AC100-240V o DC12-36V, se puede cargar por<br \/>\nEncendedor de coche DC12V<br \/>\nDimensi\u00f3n: 170*100*50 mm sin antenas (con antenas altura<br \/>\nen 300 mm)<br \/>\nPeso: 800 g<\/p>","protected":false},"excerpt":{"rendered":"<p>Radio de interferencia: \u2264 15m (sigue dependiendo de la intensidad de la se\u00f1al en dado<br \/>\n\u00e1rea)<br \/>\nBandas de frecuencia (personalizables):<br \/>\n1. micr\u00f3fono inal\u00e1mbrico 1 (banda VHF): 135-175MHz<br \/>\n2. micr\u00f3fono inal\u00e1mbrico 2 (banda VHF): 175-230MHz<br \/>\n3. micr\u00f3fono inal\u00e1mbrico 3 (banda VHF): 230-280MHz<br \/>\n4. micr\u00f3fono inal\u00e1mbrico 4 (banda UHF): 400-470MHz<br \/>\n5. micr\u00f3fono inal\u00e1mbrico 5 (banda UHF): 470-520MHz<br \/>\n6. micr\u00f3fono inal\u00e1mbrico 6 (banda UHF): 520-570MHz<br \/>\n7. micr\u00f3fono inal\u00e1mbrico 7 (banda UHF): 570-620MHz<br \/>\n8. micr\u00f3fono inal\u00e1mbrico 8 (banda UHF): 620-700MHz<br \/>\n9. micr\u00f3fono inal\u00e1mbrico 9 (banda UHF): 700-800MHz<br \/>\n10. micr\u00f3fono inal\u00e1mbrico 10 (banda UHF): 800-900MHz<\/p>","protected":false},"featured_media":67,"comment_status":"open","ping_status":"closed","template":"","meta":[],"product_brand":[],"product_cat":[15],"product_tag":[],"class_list":{"0":"post-72","1":"product","2":"type-product","3":"status-publish","4":"has-post-thumbnail","6":"product_cat-wifi-jammer","8":"first","9":"instock","10":"sale","11":"shipping-taxable","12":"purchasable","13":"product-type-simple"},"_links":{"self":[{"href":"https:\/\/www.signalsfence.com\/es\/wp-json\/wp\/v2\/product\/72","targetHints":{"allow":["GET"]}}],"collection":[{"href":"https:\/\/www.signalsfence.com\/es\/wp-json\/wp\/v2\/product"}],"about":[{"href":"https:\/\/www.signalsfence.com\/es\/wp-json\/wp\/v2\/types\/product"}],"replies":[{"embeddable":true,"href":"https:\/\/www.signalsfence.com\/es\/wp-json\/wp\/v2\/comments?post=72"}],"wp:featuredmedia":[{"embeddable":true,"href":"https:\/\/www.signalsfence.com\/es\/wp-json\/wp\/v2\/media\/67"}],"wp:attachment":[{"href":"https:\/\/www.signalsfence.com\/es\/wp-json\/wp\/v2\/media?parent=72"}],"wp:term":[{"taxonomy":"product_brand","embeddable":true,"href":"https:\/\/www.signalsfence.com\/es\/wp-json\/wp\/v2\/product_brand?post=72"},{"taxonomy":"product_cat","embeddable":true,"href":"https:\/\/www.signalsfence.com\/es\/wp-json\/wp\/v2\/product_cat?post=72"},{"taxonomy":"product_tag","embeddable":true,"href":"https:\/\/www.signalsfence.com\/es\/wp-json\/wp\/v2\/product_tag?post=72"}],"curies":[{"name":"wp","href":"https:\/\/api.w.org\/{rel}","templated":true}]}}