{"id":212,"date":"2023-04-26T11:44:20","date_gmt":"2023-04-26T11:44:20","guid":{"rendered":"https:\/\/www.signalsfence.com\/?post_type=product&#038;p=212"},"modified":"2025-05-29T15:07:18","modified_gmt":"2025-05-29T15:07:18","slug":"5g-gsm-jammer-wifi-5ghz-bluetooth-2-4g-gps-jammer-with-10-antennas","status":"publish","type":"product","link":"https:\/\/www.signalsfence.com\/es\/producto\/5g-gsm-jammer-wifi-5ghz-bluetooth-2-4g-gps-jammer-with-10-antennas\/","title":{"rendered":"5G GSM Jammer WiFI 5Ghz Bluetooth 2.4G GPS Jammer con 10 antenas"},"content":{"rendered":"<p>Bater\u00eda: Bater\u00eda Ni-Mh: 4500MAh Tiempo de funcionamiento 1,0 horas +<br \/>\nBuen sistema de refrigeraci\u00f3n con disipador de calor y ventilador interior, tem inferior a 45\u2103<br \/>\nPuede utilizarse mientras se carga la bater\u00eda<br \/>\nSoporte Alimentaci\u00f3n mediante cargador de coche<br \/>\nToda la frecuencia de transmisi\u00f3n cubierta s\u00f3lo en el enlace descendente<br \/>\nFuente de alimentaci\u00f3n\uff1a50\/60Hz\/AC 100 ~ 240V a DC 12V<br \/>\nDimensiones: 145 x 95 x 45 mm, sin antenas<br \/>\nPeso 1,0 Kg<\/p>\n<p>Contenido del paquete:<br \/>\n1 bloqueador de se\u00f1al port\u00e1til<br \/>\n1 cargador de CA<br \/>\n1 cargador de coche<br \/>\n10pc Antena<\/p>","protected":false},"excerpt":{"rendered":"<p>Capacidades 2G: GSM 900, GSM 1800<br \/>\nCapacidades 3G: UMTS 900, UMTS 2100<br \/>\nCapacidades 4G: LTE 700 (B28), LTE 800 (B20), LTE 900 (B8 - Telekom y Vodafone), LTE 1800 (B3), LTE 2100 (B1), LTE 2600 (B7, B38 - Vodafone)<br \/>\nCapacidades 5G: 5G 3500<br \/>\nGPS L1 + Glonass L1: 1560-1620MHz<br \/>\nWFi 2.4GHz: 2400-2500MHz<br \/>\nWiFi 5.8G 11.a: 5.7-.5.9GHz<br \/>\nGPS L2 + Glonass L2: 1220-1280MHz<\/p>\n<p>Rango de interferencia: Radio de 1m a 10 Metros ( Para drones UAV 20m a 100m )<br \/>\nLa distancia de interferencia siempre var\u00eda en funci\u00f3n de la intensidad de la se\u00f1al y la ubicaci\u00f3n<br \/>\nCada banda puede encenderse y apagarse sin influir en el funcionamiento de las dem\u00e1s.<\/p>","protected":false},"featured_media":213,"comment_status":"open","ping_status":"closed","template":"","meta":[],"product_brand":[],"product_cat":[23,15,20,25,19],"product_tag":[],"class_list":{"0":"post-212","1":"product","2":"type-product","3":"status-publish","4":"has-post-thumbnail","6":"product_cat-cell-phone-jammer","7":"product_cat-wifi-jammer","8":"product_cat-bluetooth-jammer","9":"product_cat-camera-jammer","10":"product_cat-gps-jammer","12":"first","13":"instock","14":"sale","15":"shipping-taxable","16":"purchasable","17":"product-type-simple"},"_links":{"self":[{"href":"https:\/\/www.signalsfence.com\/es\/wp-json\/wp\/v2\/product\/212","targetHints":{"allow":["GET"]}}],"collection":[{"href":"https:\/\/www.signalsfence.com\/es\/wp-json\/wp\/v2\/product"}],"about":[{"href":"https:\/\/www.signalsfence.com\/es\/wp-json\/wp\/v2\/types\/product"}],"replies":[{"embeddable":true,"href":"https:\/\/www.signalsfence.com\/es\/wp-json\/wp\/v2\/comments?post=212"}],"wp:featuredmedia":[{"embeddable":true,"href":"https:\/\/www.signalsfence.com\/es\/wp-json\/wp\/v2\/media\/213"}],"wp:attachment":[{"href":"https:\/\/www.signalsfence.com\/es\/wp-json\/wp\/v2\/media?parent=212"}],"wp:term":[{"taxonomy":"product_brand","embeddable":true,"href":"https:\/\/www.signalsfence.com\/es\/wp-json\/wp\/v2\/product_brand?post=212"},{"taxonomy":"product_cat","embeddable":true,"href":"https:\/\/www.signalsfence.com\/es\/wp-json\/wp\/v2\/product_cat?post=212"},{"taxonomy":"product_tag","embeddable":true,"href":"https:\/\/www.signalsfence.com\/es\/wp-json\/wp\/v2\/product_tag?post=212"}],"curies":[{"name":"wp","href":"https:\/\/api.w.org\/{rel}","templated":true}]}}