{"id":195,"date":"2023-04-06T15:24:45","date_gmt":"2023-04-06T15:24:45","guid":{"rendered":"https:\/\/www.signalsfence.com\/?post_type=product&#038;p=195"},"modified":"2025-04-27T09:01:34","modified_gmt":"2025-04-27T09:01:34","slug":"11-bands-portable-suitcase-type-0-60m-adjustable-cell-phone-2g-3g-4g-wifi-bluetooth-gps-lojack-walkie-talkie-remote-control-signal-jammer-with-built-in-battery","status":"publish","type":"product","link":"https:\/\/www.signalsfence.com\/es\/producto\/11-bands-portable-suitcase-type-0-60m-adjustable-cell-phone-2g-3g-4g-wifi-bluetooth-gps-lojack-walkie-talkie-remote-control-signal-jammer-with-built-in-battery\/","title":{"rendered":"11 Bandas Port\u00e1til Tipo Maleta 0-60m Ajustable Tel\u00e9fono Celular 2G 3G 4G &amp; WiFi \/ Bluetooth &amp; GPS &amp; LoJack &amp; Walkie-Talkie &amp; Control Remoto Se\u00f1al Jammer con Bater\u00eda Incorporada"},"content":{"rendered":"<p>Potencia de salida \u00fanica(cada banda): \u2264 37dBm \/ 5W (ajustable con<br \/>\nmando de ajuste de potencia)<br \/>\nCaracter\u00edsticas: dise\u00f1o de maleta port\u00e1til, bater\u00eda integrada, excelente sistema de refrigeraci\u00f3n, visualizaci\u00f3n del voltaje de la bater\u00eda en tiempo real, alarma de bater\u00eda baja, protecci\u00f3n VSWR, dise\u00f1o de m\u00f3dulo independiente para cada canal, militar<br \/>\nCalidad, Soporta Tres Modos Independientes de Suministro de Energ\u00eda (con interruptor 4C, m\u00e1s flexible, adecuado para varios lugares):<br \/>\n1. Fuente de alimentaci\u00f3n de CA (AC \/ DC adaptador (Input: AC100V-240V; Salida:<br \/>\nDC27V\/6.2A))<br \/>\n2. Fuente de alimentaci\u00f3n de bater\u00eda incorporada (opcional): bater\u00eda de iones de litio de alta capacidad DC24V 20AH incorporada, puede funcionar continuamente.<br \/>\ndurante 1,5-2 horas con una carga completa<br \/>\n3. Fuente de alimentaci\u00f3n externa de emergencia: cualquier adaptador de alimentaci\u00f3n externo o<br \/>\nbater\u00eda bajo DC24V 15A<br \/>\nPeso de la unidad principal: 13,2 kg Dimensiones: 517*433*200 mm<br \/>\nPeso del paquete (N.W.): 16kg<br \/>\nEmbalaje: embalaje neutro, OEM disponible<\/p>","protected":false},"excerpt":{"rendered":"<p>Antena: 11 antenas omnidireccionales<br \/>\nRadio de interferencia: 0-60m ajustable (@-75dBm, sigue dependiendo del<br \/>\nintensidad de la se\u00f1al en una zona determinada)<\/p>\n<p>Bandas de frecuencia (para Europa, Reino Unido, Oriente Medio y \u00c1frica, personalizables):<br \/>\n1. GSM 900 \/ CDMA 850 \/ RC868 \/ RC915 \/ LoRa: 850-960MHz<br \/>\n2. GSM 1800 \/ DCS \/ 4G FDD-LTE 1800: 1805-1880MHz<br \/>\n3. 3G \/ WCDMA \/ UMTS 2100: 2110-2170MHz<br \/>\n4. 4G FDD&amp;TD-LTE 2600: 2570-2690MHz<br \/>\n5. 4G FDD-LTE 800: 758-821MHz<br \/>\n6. 2.4G WiFi \/ Bluetooth: 2400-2500MHz<br \/>\n7. GPS L1 \/ Galileo E1 \/ Glonass L1 \/ BeiDou B1: 1520-1620MHz<br \/>\n8. GPS L2+L5 \/Galileo E5a+E5b+E6 \/Glonass L2+L3 \/BeiDou B2+B3:<br \/>\n1160-1300 MHz<br \/>\n9. LoJack \/ radio VHF: 135-175MHz<br \/>\n10. Radio UHF \/ RC433: 400-470MHz<br \/>\n11. RC315: 315MHz<\/p>","protected":false},"featured_media":200,"comment_status":"open","ping_status":"closed","template":"","meta":[],"product_brand":[],"product_cat":[23,15,20,25,19,26],"product_tag":[28],"class_list":{"0":"post-195","1":"product","2":"type-product","3":"status-publish","4":"has-post-thumbnail","6":"product_cat-cell-phone-jammer","7":"product_cat-wifi-jammer","8":"product_cat-bluetooth-jammer","9":"product_cat-camera-jammer","10":"product_cat-gps-jammer","11":"product_cat-uhf-vhf-jammer","12":"product_tag-suitcase-jammer","14":"first","15":"instock","16":"sale","17":"shipping-taxable","18":"purchasable","19":"product-type-simple"},"_links":{"self":[{"href":"https:\/\/www.signalsfence.com\/es\/wp-json\/wp\/v2\/product\/195","targetHints":{"allow":["GET"]}}],"collection":[{"href":"https:\/\/www.signalsfence.com\/es\/wp-json\/wp\/v2\/product"}],"about":[{"href":"https:\/\/www.signalsfence.com\/es\/wp-json\/wp\/v2\/types\/product"}],"replies":[{"embeddable":true,"href":"https:\/\/www.signalsfence.com\/es\/wp-json\/wp\/v2\/comments?post=195"}],"wp:featuredmedia":[{"embeddable":true,"href":"https:\/\/www.signalsfence.com\/es\/wp-json\/wp\/v2\/media\/200"}],"wp:attachment":[{"href":"https:\/\/www.signalsfence.com\/es\/wp-json\/wp\/v2\/media?parent=195"}],"wp:term":[{"taxonomy":"product_brand","embeddable":true,"href":"https:\/\/www.signalsfence.com\/es\/wp-json\/wp\/v2\/product_brand?post=195"},{"taxonomy":"product_cat","embeddable":true,"href":"https:\/\/www.signalsfence.com\/es\/wp-json\/wp\/v2\/product_cat?post=195"},{"taxonomy":"product_tag","embeddable":true,"href":"https:\/\/www.signalsfence.com\/es\/wp-json\/wp\/v2\/product_tag?post=195"}],"curies":[{"name":"wp","href":"https:\/\/api.w.org\/{rel}","templated":true}]}}