{"id":175,"date":"2023-03-22T09:31:09","date_gmt":"2023-03-22T09:31:09","guid":{"rendered":"https:\/\/www.signalsfence.com\/?post_type=product&#038;p=175"},"modified":"2026-01-19T08:48:12","modified_gmt":"2026-01-19T08:48:12","slug":"2-antennas-lighter-gps-l1-l2-jammer-for-car","status":"publish","type":"product","link":"https:\/\/www.signalsfence.com\/es\/producto\/2-antennas-lighter-gps-l1-l2-jammer-for-car\/","title":{"rendered":"2 Antenas Encendedor GPS L1 L2 Jammer Para Coche"},"content":{"rendered":"<p class=\"translation-block\">Potencia total: 0,8 vatios<br>\r\nTemperatura de trabajo: - 30 ~ 60 \u2103<br>\r\nHumedad relativa: 5 ~ 95%<br>\r\nTemperatura de almacenamiento: - 50 ~ 60 \u2103<br>\r\nFuente de alimentaci\u00f3n: cargador de coche<br>\r\nPeso: 100g<\/p>\n<p class=\"translation-block\">Instrucciones de uso:<br>\r\n1. Saque el dispositivo GPS e instale la antena.<br>\r\n2. Inserte la interfaz del encendedor correspondiente del coche.<br>\r\n3. Despu\u00e9s de encender el dispositivo, la luz indicadora se enciende y funciona normalmente.<br>\r\n4. Retire el bloqueador de se\u00f1al GPS directamente despu\u00e9s de su uso.<\/p>\n<p>El paquete incluye: Bloqueador GPS de 2 bandas para encendedor*1<\/p>","protected":false},"excerpt":{"rendered":"<p>GPS jammer de 2 bandas, que puede interferir con las se\u00f1ales de sat\u00e9lite globales civiles ordinarias L1 y L2 a la vez. Es peque\u00f1o y oculto. Puede ser alimentado por un encendedor de cigarrillos. Suele utilizarse en autom\u00f3viles. El radio m\u00e1ximo de interferencia es de 10 metros (dependiendo de la intensidad de la se\u00f1al en una zona determinada).<\/p>\n<p>Frecuencia de interferencia:<br \/>\nGPS L1: 1500 - 1600 MHz<br \/>\nGPS L2: 1220 - 1230 MHz<\/p>","protected":false},"featured_media":176,"comment_status":"open","ping_status":"closed","template":"","meta":[],"product_brand":[],"product_cat":[19],"product_tag":[],"class_list":{"0":"post-175","1":"product","2":"type-product","3":"status-publish","4":"has-post-thumbnail","6":"product_cat-gps-jammer","8":"first","9":"instock","10":"sale","11":"shipping-taxable","12":"purchasable","13":"product-type-simple"},"_links":{"self":[{"href":"https:\/\/www.signalsfence.com\/es\/wp-json\/wp\/v2\/product\/175","targetHints":{"allow":["GET"]}}],"collection":[{"href":"https:\/\/www.signalsfence.com\/es\/wp-json\/wp\/v2\/product"}],"about":[{"href":"https:\/\/www.signalsfence.com\/es\/wp-json\/wp\/v2\/types\/product"}],"replies":[{"embeddable":true,"href":"https:\/\/www.signalsfence.com\/es\/wp-json\/wp\/v2\/comments?post=175"}],"wp:featuredmedia":[{"embeddable":true,"href":"https:\/\/www.signalsfence.com\/es\/wp-json\/wp\/v2\/media\/176"}],"wp:attachment":[{"href":"https:\/\/www.signalsfence.com\/es\/wp-json\/wp\/v2\/media?parent=175"}],"wp:term":[{"taxonomy":"product_brand","embeddable":true,"href":"https:\/\/www.signalsfence.com\/es\/wp-json\/wp\/v2\/product_brand?post=175"},{"taxonomy":"product_cat","embeddable":true,"href":"https:\/\/www.signalsfence.com\/es\/wp-json\/wp\/v2\/product_cat?post=175"},{"taxonomy":"product_tag","embeddable":true,"href":"https:\/\/www.signalsfence.com\/es\/wp-json\/wp\/v2\/product_tag?post=175"}],"curies":[{"name":"wp","href":"https:\/\/api.w.org\/{rel}","templated":true}]}}