{"id":163,"date":"2023-03-02T10:41:13","date_gmt":"2023-03-02T10:41:13","guid":{"rendered":"https:\/\/www.signalsfence.com\/?post_type=product&#038;p=163"},"modified":"2025-09-23T23:00:45","modified_gmt":"2025-09-23T23:00:45","slug":"portable-cell-phone-signals-jammer-3g-4g-wifi-gps-l1-lojack-vhf","status":"publish","type":"product","link":"https:\/\/www.signalsfence.com\/es\/producto\/portable-cell-phone-signals-jammer-3g-4g-wifi-gps-l1-lojack-vhf\/","title":{"rendered":"Tel\u00e9fono celular port\u00e1til se\u00f1ales Jammer 3G 4G WIFI GPS L1 LOJACK VHF"},"content":{"rendered":"<p class=\"translation-block\">Puede seleccionar las 8 bandas de frecuencia (CDMA, GSM, DCS\/PCS, 3G, 4G, GPS, WIFI, LOJACK) que necesita en un solo bloqueador.\r\nRango de interferencia: hasta 15m, el radio de interferencia todav\u00eda depende de la fuerza de la se\u00f1al en un \u00e1rea determinada.<\/p>\n<p class=\"translation-block\"><strong>Frecuencias de cobertura:<\/strong><br>\r\n(1)CDMA\/GSM: 850-960MHz<br>\r\n(2)DCS\/PCS: 1805 -1990MHz<br>\r\n(3)3G: 2110-2170MHz<br>\r\n(4)GPS\uff1a1570MHZ-1610MHZ<br>\r\n(5)WIFI: 2400-2485MHZ<br>\r\n(6)LOJACK: 168MHZ-178MHZ<br>\r\n(7)4G(LTE): 725-770 O 790-862<br>\r\n(8)4G: 2345-2400 O 2620-2690MHZ<\/p>\n<p class=\"translation-block\">Potencia de salida total: 4W.<br>\r\nDise\u00f1o de tama\u00f1o peque\u00f1o por lo que la temperatura es un poco higher.<br>\r\nAntenas externas omnidireccionales toda la frecuencia TX cubierto enlace down only.<br>\r\nFuente de alimentaci\u00f3n: 50 a 60Hz, 100 a 240V AC.<br>\r\nCon adaptador AC (AC100-240V-DC12V), bater\u00eda 4000mA\/H.<br>\r\nDimensi\u00f3n: 130x80x38mm y no incluye antenas.<br>\r\nDimensi\u00f3n de la caja interior: 230x170x70mm.<br>\r\nPeso del set completo: 0.8kg.<\/p>\n<p class=\"translation-block\"><strong>Ventajas:<\/strong><br>\r\n1. M\u00faltiples bandas.<br>\r\n2. Alta potencia de salida.<br>\r\n3. Ventilador de refrigeraci\u00f3n interior.<br>\r\n4. Podr\u00eda ser utilizado en coche directamente con el cargador de coche y cargador de CA.<\/p>\n<p class=\"translation-block\">ATENCI\u00d3N\uff1aAntes de encender el dispositivo, debe instalar las antenas de acuerdo con la indicaci\u00f3n de la marca en la unidad principal.<br>\r\nGarant\u00eda: Un a\u00f1o a partir de la fecha de entrega.<\/p>","protected":false},"excerpt":{"rendered":"<p>You can select the 8 frequency bands(CDMA, GSM, DCS\/PCS, 3G, 4G, GPS, WIFI, LOJACK) you need in one jammer. Jamming range: up to 15m, the jamming radius still depends on the strength signal in given area. Blcoking Frequencies: (1)CDMA\/GSM: 850-960MHz (2)DCS\/PCS: 1805 -1990MHz (3)3G: 2110-2170MHz (4)GPS\uff1a1570MHZ-1610MHZ (5)WIFI: 2400-2485MHZ (6)LOJACK: 168MHZ-178MHZ (7)4G(LTE): 725-770 OR 790-862 (8)4G: [&hellip;]<\/p>","protected":false},"featured_media":166,"comment_status":"open","ping_status":"closed","template":"","meta":[],"product_brand":[],"product_cat":[23,15,20,19,26],"product_tag":[],"class_list":{"0":"post-163","1":"product","2":"type-product","3":"status-publish","4":"has-post-thumbnail","6":"product_cat-cell-phone-jammer","7":"product_cat-wifi-jammer","8":"product_cat-bluetooth-jammer","9":"product_cat-gps-jammer","10":"product_cat-uhf-vhf-jammer","12":"first","13":"instock","14":"sale","15":"shipping-taxable","16":"purchasable","17":"product-type-simple"},"_links":{"self":[{"href":"https:\/\/www.signalsfence.com\/es\/wp-json\/wp\/v2\/product\/163","targetHints":{"allow":["GET"]}}],"collection":[{"href":"https:\/\/www.signalsfence.com\/es\/wp-json\/wp\/v2\/product"}],"about":[{"href":"https:\/\/www.signalsfence.com\/es\/wp-json\/wp\/v2\/types\/product"}],"replies":[{"embeddable":true,"href":"https:\/\/www.signalsfence.com\/es\/wp-json\/wp\/v2\/comments?post=163"}],"wp:featuredmedia":[{"embeddable":true,"href":"https:\/\/www.signalsfence.com\/es\/wp-json\/wp\/v2\/media\/166"}],"wp:attachment":[{"href":"https:\/\/www.signalsfence.com\/es\/wp-json\/wp\/v2\/media?parent=163"}],"wp:term":[{"taxonomy":"product_brand","embeddable":true,"href":"https:\/\/www.signalsfence.com\/es\/wp-json\/wp\/v2\/product_brand?post=163"},{"taxonomy":"product_cat","embeddable":true,"href":"https:\/\/www.signalsfence.com\/es\/wp-json\/wp\/v2\/product_cat?post=163"},{"taxonomy":"product_tag","embeddable":true,"href":"https:\/\/www.signalsfence.com\/es\/wp-json\/wp\/v2\/product_tag?post=163"}],"curies":[{"name":"wp","href":"https:\/\/api.w.org\/{rel}","templated":true}]}}