{"id":153,"date":"2023-02-27T10:09:00","date_gmt":"2023-02-27T10:09:00","guid":{"rendered":"https:\/\/www.signalsfence.com\/?post_type=product&#038;p=153"},"modified":"2025-09-23T23:00:29","modified_gmt":"2025-09-23T23:00:29","slug":"2g-3g-4g-gps-wifi-lojack-signal-jammer-with-8-antennas","status":"publish","type":"product","link":"https:\/\/www.signalsfence.com\/es\/producto\/2g-3g-4g-gps-wifi-lojack-signal-jammer-with-8-antennas\/","title":{"rendered":"2G 3G 4G GPS WiFi Lojack Jammer de se\u00f1al con 8 antenas"},"content":{"rendered":"","protected":false},"excerpt":{"rendered":"<p class=\"translation-block\">Caracter\u00edsticas\r\n1) Ning\u00fan da\u00f1o a los tel\u00e9fonos m\u00f3viles: esta emisi\u00f3n s\u00f3lo impide que los tel\u00e9fonos m\u00f3viles de transmisi\u00f3n o recepci\u00f3n de se\u00f1ales s\u00f3lo cuando est\u00e1n en el rango de interferencia.<br>\r\n2) Puede funcionar de forma estable y continua en diversos entornos.\r\n3) Dispositivo ecol\u00f3gico y respetuoso con el medio ambiente, no da\u00f1a a las personas ni a los objetos.\r\n4) Adaptaci\u00f3n r\u00e1pida: basado en el estado de sensibilidad de cada tel\u00e9fono m\u00f3vil, normalmente dentro de m\u00e1s de diez segundos despu\u00e9s de ser encendido, las se\u00f1ales de todos los tipos de tel\u00e9fonos m\u00f3viles se desactivar\u00e1n en el rango de trabajo. Y un par de segundos despu\u00e9s de ser apagado, todos los tel\u00e9fonos m\u00f3viles volver\u00e1n a la normalidad de nuevo.<\/p>\n<p class=\"translation-block\">Frecuencias soportadas:<br>\r\nGSM: 920-965MHz<br>\r\nDCS: 1800-1880MHz<br>\r\n3G UMTS: 2110-2170MHz<br>\r\n4G Baja: 790-880MHz<br>\r\n4G Alta: 2620-2690MHz<br>\r\nWiFi 11.b y g: 2300-2500MHz<br>\r\nGPS L1: 1575.42MHz \u00b1 10MHz<br>\r\nLojack: 173MHz<\/p>\n<p class=\"translation-block\">Radio de trabajo: 10-30M, Nota: El alcance var\u00eda en funci\u00f3n de la distancia del operador de la c\u00e9lula BTS jammer.<br>\r\nPotencia de salida: 18W<br>\r\nFuente de alimentaci\u00f3n: Fuente de alimentaci\u00f3n de 220V o toma de mechero de coche de 12V.<\/p>","protected":false},"featured_media":154,"comment_status":"open","ping_status":"closed","template":"","meta":[],"product_brand":[],"product_cat":[23,15,19],"product_tag":[],"class_list":{"0":"post-153","1":"product","2":"type-product","3":"status-publish","4":"has-post-thumbnail","6":"product_cat-cell-phone-jammer","7":"product_cat-wifi-jammer","8":"product_cat-gps-jammer","10":"first","11":"instock","12":"sale","13":"shipping-taxable","14":"purchasable","15":"product-type-simple"},"_links":{"self":[{"href":"https:\/\/www.signalsfence.com\/es\/wp-json\/wp\/v2\/product\/153","targetHints":{"allow":["GET"]}}],"collection":[{"href":"https:\/\/www.signalsfence.com\/es\/wp-json\/wp\/v2\/product"}],"about":[{"href":"https:\/\/www.signalsfence.com\/es\/wp-json\/wp\/v2\/types\/product"}],"replies":[{"embeddable":true,"href":"https:\/\/www.signalsfence.com\/es\/wp-json\/wp\/v2\/comments?post=153"}],"wp:featuredmedia":[{"embeddable":true,"href":"https:\/\/www.signalsfence.com\/es\/wp-json\/wp\/v2\/media\/154"}],"wp:attachment":[{"href":"https:\/\/www.signalsfence.com\/es\/wp-json\/wp\/v2\/media?parent=153"}],"wp:term":[{"taxonomy":"product_brand","embeddable":true,"href":"https:\/\/www.signalsfence.com\/es\/wp-json\/wp\/v2\/product_brand?post=153"},{"taxonomy":"product_cat","embeddable":true,"href":"https:\/\/www.signalsfence.com\/es\/wp-json\/wp\/v2\/product_cat?post=153"},{"taxonomy":"product_tag","embeddable":true,"href":"https:\/\/www.signalsfence.com\/es\/wp-json\/wp\/v2\/product_tag?post=153"}],"curies":[{"name":"wp","href":"https:\/\/api.w.org\/{rel}","templated":true}]}}