{"id":121,"date":"2023-01-03T15:35:25","date_gmt":"2023-01-03T15:35:25","guid":{"rendered":"https:\/\/www.signalsfence.com\/?post_type=product&#038;p=121"},"modified":"2025-05-29T15:07:49","modified_gmt":"2025-05-29T15:07:49","slug":"8-bands-indoor-desktop-wall-mounted-cell-phone-2g-3g-4g-wifi-bluetooth-walkie-talkie-signal-jammer","status":"publish","type":"product","link":"https:\/\/www.signalsfence.com\/es\/producto\/8-bands-indoor-desktop-wall-mounted-cell-phone-2g-3g-4g-wifi-bluetooth-walkie-talkie-signal-jammer\/","title":{"rendered":"Bloqueador de se\u00f1al de tel\u00e9fono m\u00f3vil 2G 3G 4G y WiFi \/ Bluetooth y Walkie-Talkie de 8 bandas para interiores de sobremesa \/ de pared"},"content":{"rendered":"<p class=\"translation-block\">Antena: 8pcs antenas omnidireccionales<br>\r\nPotencia de salida \u00fanica (cada banda): 33dBm\/2W<br>\r\nFuente de alimentaci\u00f3n: AC \/ DC adaptador (Input: AC100-240V; Salida: DC5V<br>\r\n12A)<br>\r\nCaracter\u00edstica: modelo econ\u00f3mico, con luces indicadoras, puede trabajar estable y<br>\r\nfiable durante 2-3 horas continuas<br>\r\nDimensiones: 350*140*40mm (sin antenas)<br>\r\nPeso: 1.5kg<br>\r\nEmbalaje: embalaje neutro, OEM disponible<\/p>","protected":false},"excerpt":{"rendered":"<p class=\"translation-block\">Radio de interferencia: \u2264 25m (@-75dBm, a\u00fan depende de la se\u00f1al<br>\r\nen una zona determinada)<\/p>\n<p class=\"translation-block\">Bandas de frecuencia:<br>\r\n1. GSM 900 \/ CDMA 850 \/ RC868 \/ RC915 \/ LoRa: 850-960MHz<br>\r\n2. GSM 1800 \/ DCS \/ 4G FDD-LTE 1800: 1805-1880MHz<br>\r\n3. 3G \/ WCDMA \/ UMTS 2100: 2110-2170MHz<br>\r\n4. 4G FDD&amp;TD-LTE 2600: 2570-2690MHz<br>\r\n5. 4G FDD-LTE 800: 758-821MHz<br>\r\n6. 2.4G WiFi \/ Bluetooth: 2400-2500MHz<br>\r\n7. UHF radio \/ RC433: 400-470MHz<br>\r\n8. Radio VHF: 135-175MHz<\/p>","protected":false},"featured_media":122,"comment_status":"open","ping_status":"closed","template":"","meta":[],"product_brand":[],"product_cat":[23,15,20,26],"product_tag":[],"class_list":{"0":"post-121","1":"product","2":"type-product","3":"status-publish","4":"has-post-thumbnail","6":"product_cat-cell-phone-jammer","7":"product_cat-wifi-jammer","8":"product_cat-bluetooth-jammer","9":"product_cat-uhf-vhf-jammer","11":"first","12":"instock","13":"sale","14":"shipping-taxable","15":"purchasable","16":"product-type-simple"},"_links":{"self":[{"href":"https:\/\/www.signalsfence.com\/es\/wp-json\/wp\/v2\/product\/121","targetHints":{"allow":["GET"]}}],"collection":[{"href":"https:\/\/www.signalsfence.com\/es\/wp-json\/wp\/v2\/product"}],"about":[{"href":"https:\/\/www.signalsfence.com\/es\/wp-json\/wp\/v2\/types\/product"}],"replies":[{"embeddable":true,"href":"https:\/\/www.signalsfence.com\/es\/wp-json\/wp\/v2\/comments?post=121"}],"wp:featuredmedia":[{"embeddable":true,"href":"https:\/\/www.signalsfence.com\/es\/wp-json\/wp\/v2\/media\/122"}],"wp:attachment":[{"href":"https:\/\/www.signalsfence.com\/es\/wp-json\/wp\/v2\/media?parent=121"}],"wp:term":[{"taxonomy":"product_brand","embeddable":true,"href":"https:\/\/www.signalsfence.com\/es\/wp-json\/wp\/v2\/product_brand?post=121"},{"taxonomy":"product_cat","embeddable":true,"href":"https:\/\/www.signalsfence.com\/es\/wp-json\/wp\/v2\/product_cat?post=121"},{"taxonomy":"product_tag","embeddable":true,"href":"https:\/\/www.signalsfence.com\/es\/wp-json\/wp\/v2\/product_tag?post=121"}],"curies":[{"name":"wp","href":"https:\/\/api.w.org\/{rel}","templated":true}]}}