{"id":116,"date":"2023-01-03T14:57:13","date_gmt":"2023-01-03T14:57:13","guid":{"rendered":"https:\/\/www.signalsfence.com\/?post_type=product&#038;p=116"},"modified":"2025-11-14T19:12:41","modified_gmt":"2025-11-14T19:12:41","slug":"5-bands-portable-hidden-all-gps-wifi-bluetoothor-lojack-signal-jammer-with-built-in-omni-antennas-without-battery","status":"publish","type":"product","link":"https:\/\/www.signalsfence.com\/es\/producto\/5-bands-portable-hidden-all-gps-wifi-bluetoothor-lojack-signal-jammer-with-built-in-omni-antennas-without-battery\/","title":{"rendered":"5 Bandas Port\u00e1til Oculto Todo GPS y WiFi \/ Bluetooth (o LoJack) Jammer de se\u00f1al con antenas omnidireccionales incorporadas (sin bater\u00eda)"},"content":{"rendered":"<p class=\"translation-block\">Antena: 5pcs antenas omnidireccionales incorporadas<br>\r\nObjetos de interferencia: GNSS, navegaci\u00f3n por sat\u00e9lite, seguimiento de localizaci\u00f3n, WiFi \/<br>\r\nposicionamiento Bluetooth y WLAN (o LoJack), etc. Caracter\u00edsticas: Peque\u00f1o y ligero, dise\u00f1o port\u00e1til, c\u00f3modo de llevar y usar;<br>\r\nCon antenas omnidireccionales incorporadas, interferencia oculta y secreta. Potencia de salida \u00fanica: 30dBm \/ 1W<br>\r\nFuente de alimentaci\u00f3n: DC12-24V encendedor del coche \/ DC5-36V banco de la energ\u00eda<br>\r\nTama\u00f1o: 160*100*30 mm Peso: 200g<br>\r\nEmbalaje: embalaje neutro, OEM est\u00e1 disponible<\/p>","protected":false},"excerpt":{"rendered":"<p>Tipo: Bloqueador de se\u00f1al GPS port\u00e1til<\/p>\n<p class=\"translation-block\">Radio de interferencia: alrededor de 15m (todav\u00eda depende de la intensidad de la se\u00f1al gps)<br>\r\nBandas de frecuencia(se puede personalizar):<\/p>\n<p>1. GPS L1 \/ Galileo E1 \/ Glonass L1 \/ BeiDou B1: 1520-1620MHz<br \/>\n2. GPS L2 \/ Galileo E6 \/ Glonass L2 \/ BeiDou B3: 1215-1300MHz<br \/>\n3. GPS L3+L4: 1300-1400MHz<br \/>\n4. GPS L5 \/ Galileo E5a+E5b \/ Glonass L3 \/ BeiDou B2: 1160- 1215MHz<br \/>\n5. 2.4G WiFi \/ Bluetooth: 2400-2500MHz (o LoJack: 167-175MHz, opcional)<\/p>","protected":false},"featured_media":110,"comment_status":"open","ping_status":"closed","template":"","meta":[],"product_brand":[],"product_cat":[19,15],"product_tag":[],"class_list":{"0":"post-116","1":"product","2":"type-product","3":"status-publish","4":"has-post-thumbnail","6":"product_cat-gps-jammer","7":"product_cat-wifi-jammer","9":"first","10":"instock","11":"sale","12":"shipping-taxable","13":"purchasable","14":"product-type-simple"},"_links":{"self":[{"href":"https:\/\/www.signalsfence.com\/es\/wp-json\/wp\/v2\/product\/116","targetHints":{"allow":["GET"]}}],"collection":[{"href":"https:\/\/www.signalsfence.com\/es\/wp-json\/wp\/v2\/product"}],"about":[{"href":"https:\/\/www.signalsfence.com\/es\/wp-json\/wp\/v2\/types\/product"}],"replies":[{"embeddable":true,"href":"https:\/\/www.signalsfence.com\/es\/wp-json\/wp\/v2\/comments?post=116"}],"wp:featuredmedia":[{"embeddable":true,"href":"https:\/\/www.signalsfence.com\/es\/wp-json\/wp\/v2\/media\/110"}],"wp:attachment":[{"href":"https:\/\/www.signalsfence.com\/es\/wp-json\/wp\/v2\/media?parent=116"}],"wp:term":[{"taxonomy":"product_brand","embeddable":true,"href":"https:\/\/www.signalsfence.com\/es\/wp-json\/wp\/v2\/product_brand?post=116"},{"taxonomy":"product_cat","embeddable":true,"href":"https:\/\/www.signalsfence.com\/es\/wp-json\/wp\/v2\/product_cat?post=116"},{"taxonomy":"product_tag","embeddable":true,"href":"https:\/\/www.signalsfence.com\/es\/wp-json\/wp\/v2\/product_tag?post=116"}],"curies":[{"name":"wp","href":"https:\/\/api.w.org\/{rel}","templated":true}]}}