{"id":113,"date":"2023-01-03T14:38:44","date_gmt":"2023-01-03T14:38:44","guid":{"rendered":"https:\/\/www.signalsfence.com\/?post_type=product&#038;p=113"},"modified":"2023-01-03T14:46:46","modified_gmt":"2023-01-03T14:46:46","slug":"5-bands-portable-hidden-cell-phone-2g-3g-wifi-bluetooth-lbs-gps-signal-jammer-with-built-in-omni-antennas-without-battery","status":"publish","type":"product","link":"https:\/\/www.signalsfence.com\/es\/producto\/5-bands-portable-hidden-cell-phone-2g-3g-wifi-bluetooth-lbs-gps-signal-jammer-with-built-in-omni-antennas-without-battery\/","title":{"rendered":"5 bandas port\u00e1til oculto tel\u00e9fono celular 2G 3G y WiFi \/ Bluetooth (LBS) y GPS Jammer de se\u00f1al con antenas omnidireccionales incorporadas (sin bater\u00eda)"},"content":{"rendered":"<p>Antena: 5 antenas omnidireccionales integradas<br \/>\nObjetos interferentes: Redes m\u00f3viles 2G\/3G y WiFi\/Bluetooth en todo el mundo<br \/>\n(LBS), posicionamiento WLAN, GNSS, navegaci\u00f3n por sat\u00e9lite, localizaci\u00f3n<br \/>\nseguimiento... Caracter\u00edstica: Peque\u00f1o y ligero, dise\u00f1o port\u00e1til, c\u00f3modo de llevar y usar;<br \/>\nCon antenas omni incorporadas, interferencia oculta y secreta. Potencia de salida \u00fanica: 30dBm \/ 1W<br \/>\nFuente de alimentaci\u00f3n: DC12-24V encendedor del coche \/ DC5-36V power bank<br \/>\nTama\u00f1o: 160*100*30 mm Peso: 200 g<br \/>\nEmbalaje: embalaje neutro, OEM disponible<\/p>","protected":false},"excerpt":{"rendered":"<p>Tipo: Bloqueador de se\u00f1al GPS port\u00e1til<\/p>\n<p>Radio de interferencia: unos 15 m (depende de la intensidad de la se\u00f1al GPS)<\/p>\n<p>Bandas de frecuencia (personalizables):<\/p>\n<p>1. GSM \/ CDMA: 850-960MHz<br \/>\n2. DCS \/ PCS: 1805-1990MHz<br \/>\n3. 3G \/ WCDMA \/ UMTS 2100: 2110-2170MHz<br \/>\n4. 2.4G WiFi \/ Bluetooth: 2400-2500MHz<br \/>\n5. GPS L1 \/ Galileo E1 \/ Glonass L1 \/ BeiDou B1: 1520-1620MHz<\/p>","protected":false},"featured_media":110,"comment_status":"open","ping_status":"closed","template":"","meta":[],"product_brand":[],"product_cat":[19],"product_tag":[],"class_list":{"0":"post-113","1":"product","2":"type-product","3":"status-publish","4":"has-post-thumbnail","6":"product_cat-gps-jammer","8":"first","9":"instock","10":"sale","11":"shipping-taxable","12":"purchasable","13":"product-type-simple"},"_links":{"self":[{"href":"https:\/\/www.signalsfence.com\/es\/wp-json\/wp\/v2\/product\/113","targetHints":{"allow":["GET"]}}],"collection":[{"href":"https:\/\/www.signalsfence.com\/es\/wp-json\/wp\/v2\/product"}],"about":[{"href":"https:\/\/www.signalsfence.com\/es\/wp-json\/wp\/v2\/types\/product"}],"replies":[{"embeddable":true,"href":"https:\/\/www.signalsfence.com\/es\/wp-json\/wp\/v2\/comments?post=113"}],"wp:featuredmedia":[{"embeddable":true,"href":"https:\/\/www.signalsfence.com\/es\/wp-json\/wp\/v2\/media\/110"}],"wp:attachment":[{"href":"https:\/\/www.signalsfence.com\/es\/wp-json\/wp\/v2\/media?parent=113"}],"wp:term":[{"taxonomy":"product_brand","embeddable":true,"href":"https:\/\/www.signalsfence.com\/es\/wp-json\/wp\/v2\/product_brand?post=113"},{"taxonomy":"product_cat","embeddable":true,"href":"https:\/\/www.signalsfence.com\/es\/wp-json\/wp\/v2\/product_cat?post=113"},{"taxonomy":"product_tag","embeddable":true,"href":"https:\/\/www.signalsfence.com\/es\/wp-json\/wp\/v2\/product_tag?post=113"}],"curies":[{"name":"wp","href":"https:\/\/api.w.org\/{rel}","templated":true}]}}