{"id":100,"date":"2023-01-03T08:27:39","date_gmt":"2023-01-03T08:27:39","guid":{"rendered":"https:\/\/www.signalsfence.com\/?post_type=product&#038;p=100"},"modified":"2024-07-07T15:52:46","modified_gmt":"2024-07-07T15:52:46","slug":"tri-band-compact-design-portable-handheld-cell-phone-2g-3g-signal-jammer","status":"publish","type":"product","link":"https:\/\/www.signalsfence.com\/es\/producto\/tri-band-compact-design-portable-handheld-cell-phone-2g-3g-signal-jammer\/","title":{"rendered":"Tri-banda de dise\u00f1o compacto port\u00e1til de mano del tel\u00e9fono celular 2G 3G Jammer de se\u00f1al"},"content":{"rendered":"<p>Antenna: 3pcs omnidirectional antennas<br \/>\nTipo de bater\u00eda: Construido en 3.7V 1500mAh Li-ion bater\u00eda, puede continuamente<br \/>\nwork for about 2 hours on a full charge<br \/>\nFuente de alimentaci\u00f3n (cargador): Cargador AC(Entrada: AC100-240V) &amp; Coche<br \/>\nCargador (DC12V encendedor de coche)<br \/>\nTama\u00f1o: 95*45*18 mm<br \/>\nPeso: 150 g<br \/>\nEmbalaje: embalaje neutro, OEM disponible<\/p>","protected":false},"excerpt":{"rendered":"<p>Radio de interferencia: \u2264 15m (@-75dBm, sigue dependiendo de la se\u00f1al<br \/>\nfuerza en un \u00e1rea determinada)<\/p>\n<p>Bandas de frecuencia (personalizables):<br \/>\n1. GSM \/ CDMA: 850-960MHz<br \/>\n2. DCS \/ PCS: 1805-1990MHz<br \/>\n3. 3G: 2110-2170MHz<br \/>\nPotencia de salida \u00fanica (cada banda): 30dBm\/1W<\/p>","protected":false},"featured_media":101,"comment_status":"open","ping_status":"closed","template":"","meta":[],"product_brand":[],"product_cat":[23],"product_tag":[],"class_list":{"0":"post-100","1":"product","2":"type-product","3":"status-publish","4":"has-post-thumbnail","6":"product_cat-cell-phone-jammer","8":"first","9":"outofstock","10":"sale","11":"shipping-taxable","12":"purchasable","13":"product-type-simple"},"_links":{"self":[{"href":"https:\/\/www.signalsfence.com\/es\/wp-json\/wp\/v2\/product\/100","targetHints":{"allow":["GET"]}}],"collection":[{"href":"https:\/\/www.signalsfence.com\/es\/wp-json\/wp\/v2\/product"}],"about":[{"href":"https:\/\/www.signalsfence.com\/es\/wp-json\/wp\/v2\/types\/product"}],"replies":[{"embeddable":true,"href":"https:\/\/www.signalsfence.com\/es\/wp-json\/wp\/v2\/comments?post=100"}],"wp:featuredmedia":[{"embeddable":true,"href":"https:\/\/www.signalsfence.com\/es\/wp-json\/wp\/v2\/media\/101"}],"wp:attachment":[{"href":"https:\/\/www.signalsfence.com\/es\/wp-json\/wp\/v2\/media?parent=100"}],"wp:term":[{"taxonomy":"product_brand","embeddable":true,"href":"https:\/\/www.signalsfence.com\/es\/wp-json\/wp\/v2\/product_brand?post=100"},{"taxonomy":"product_cat","embeddable":true,"href":"https:\/\/www.signalsfence.com\/es\/wp-json\/wp\/v2\/product_cat?post=100"},{"taxonomy":"product_tag","embeddable":true,"href":"https:\/\/www.signalsfence.com\/es\/wp-json\/wp\/v2\/product_tag?post=100"}],"curies":[{"name":"wp","href":"https:\/\/api.w.org\/{rel}","templated":true}]}}