{"id":52,"date":"2023-01-01T06:13:53","date_gmt":"2023-01-01T06:13:53","guid":{"rendered":"https:\/\/www.signalsfence.com\/?post_type=product&#038;p=52"},"modified":"2023-01-01T07:06:53","modified_gmt":"2023-01-01T07:06:53","slug":"18-bands-real-full-band-rf-signal-jammer-portable-handheld-cell-phone-2g-3g-4g-5g-wifi-bluetooth-gps-lojack-walkie-talkie-remote-control-signal-jammer-with-arm-bag","status":"publish","type":"product","link":"https:\/\/www.signalsfence.com\/de\/produkt\/18-bands-real-full-band-rf-signal-jammer-portable-handheld-cell-phone-2g-3g-4g-5g-wifi-bluetooth-gps-lojack-walkie-talkie-remote-control-signal-jammer-with-arm-bag\/","title":{"rendered":"18 B\u00e4nder echter Vollband-HF-Signalst\u00f6rsender Tragbarer Handhandy 2G 3G 4G 5G &amp; WiFi \/ Bluetooth &amp; GPS &amp; LoJack &amp; Walkie-Talkie &amp; Fernbedienungssignalst\u00f6rsender (mit Armbeutel)"},"content":{"rendered":"<p class=\"translation-block\">Antenne: 18 St\u00fcck omnidirektionale Antennen <br>\nEinzigen ausgang power: + 30dBm\/1 watt <br>\nBatterietyp: Eingebauter 7,8 V 12500 mAh Li-Ionen-Akku, kann kontinuierlich <br>\narbeiten Sie 2 Stunden lang mit voller Ladung<br>\nStromversorgung (Ladeger\u00e4t): AC-Ladeger\u00e4t (Eingang: AC100-240V) &amp; Auto <br>\nLadeger\u00e4t (DC 12V Zigarettenanz\u00fcnder im Auto)<br>\nGr\u00f6\u00dfe: 195*130*48 mm (ohne antennen) Antenne (L): 166mm\/<br>\nHohe Verst\u00e4rkung: 2dBi <br>\nProdukt Gewicht: 2,3 kg<\/p>","protected":false},"excerpt":{"rendered":"<p>2022 Neuestes Modell! Hei\u00dfer Verkauf!<br \/>\nStauender Radius: \u2264 25m (@-75dBm, h\u00e4ngt noch von der Signalst\u00e4rke im gegebenen Bereich) ab<br \/>\nFrequenzb\u00e4nder (f\u00fcr alle Europ\u00e4ischen l\u00e4nder &amp; UK &amp; Mittlerer Osten &amp; Afrika, kann angepasst werden):<br \/>\n1. GSM 900 \/ CDMA 850 \/ RC868 \/ RC915 \/ LoRa: 850-960MHz<br \/>\n2. GSM 1800 \/ DCS \/ PCS \/ 4G FDD-LTE 1800: 1805-1990MHz<br \/>\n3. 3G \/ WCDMA \/ UMTS 2100: 2110-2170MHz<br \/>\n4. 2.4G WiFi \/ Bluetooth: 2400-2500MHz<br \/>\n5. GPS L1 \/ Galileo E1 \/ Glonass L1 \/ BeiDou B1: 1520-1620MHz<br \/>\n6. 4G FDD-LTE 800: 758-826MHz (5G 700 included)<br \/>\n7. 4G FDD&amp;TD-LTE 2600: 2570-2690MHz<br \/>\n8. RC315: 315MHz<br \/>\n9. RC433: 433MHz<br \/>\n10. RC868: 868MHz<br \/>\n11. GPS L2+L5 \/Galileo E5a+E5b+E6 \/Glonass L2+L3 \/BeiDou B2+B3:<br \/>\n1160-1300MHz<br \/>\n12. LoJack \/ VHF radio: 135-175MHz<br \/>\n13. 5.2G WiFi: 5100-5680MHz<br \/>\n14. 5.8G WiFi: 5680-5900MHz<br \/>\n15. 5G 3500: 3400-3600MHz<br \/>\n16. 5G 3700: 3600-3800MHz<br \/>\n17. GPS L3+L4: 1300-1400MHz<br \/>\n18. UHF radio \/ RC433: 400-470MHz<\/p>","protected":false},"featured_media":62,"comment_status":"open","ping_status":"closed","template":"","meta":[],"product_brand":[],"product_cat":[15],"product_tag":[],"class_list":{"0":"post-52","1":"product","2":"type-product","3":"status-publish","4":"has-post-thumbnail","6":"product_cat-wifi-jammer","8":"first","9":"instock","10":"sale","11":"shipping-taxable","12":"purchasable","13":"product-type-simple"},"_links":{"self":[{"href":"https:\/\/www.signalsfence.com\/de\/wp-json\/wp\/v2\/product\/52","targetHints":{"allow":["GET"]}}],"collection":[{"href":"https:\/\/www.signalsfence.com\/de\/wp-json\/wp\/v2\/product"}],"about":[{"href":"https:\/\/www.signalsfence.com\/de\/wp-json\/wp\/v2\/types\/product"}],"replies":[{"embeddable":true,"href":"https:\/\/www.signalsfence.com\/de\/wp-json\/wp\/v2\/comments?post=52"}],"wp:featuredmedia":[{"embeddable":true,"href":"https:\/\/www.signalsfence.com\/de\/wp-json\/wp\/v2\/media\/62"}],"wp:attachment":[{"href":"https:\/\/www.signalsfence.com\/de\/wp-json\/wp\/v2\/media?parent=52"}],"wp:term":[{"taxonomy":"product_brand","embeddable":true,"href":"https:\/\/www.signalsfence.com\/de\/wp-json\/wp\/v2\/product_brand?post=52"},{"taxonomy":"product_cat","embeddable":true,"href":"https:\/\/www.signalsfence.com\/de\/wp-json\/wp\/v2\/product_cat?post=52"},{"taxonomy":"product_tag","embeddable":true,"href":"https:\/\/www.signalsfence.com\/de\/wp-json\/wp\/v2\/product_tag?post=52"}],"curies":[{"name":"wp","href":"https:\/\/api.w.org\/{rel}","templated":true}]}}