{"id":212,"date":"2023-04-26T11:44:20","date_gmt":"2023-04-26T11:44:20","guid":{"rendered":"https:\/\/www.signalsfence.com\/?post_type=product&#038;p=212"},"modified":"2025-05-29T15:07:18","modified_gmt":"2025-05-29T15:07:18","slug":"5g-gsm-jammer-wifi-5ghz-bluetooth-2-4g-gps-jammer-with-10-antennas","status":"publish","type":"product","link":"https:\/\/www.signalsfence.com\/de\/produkt\/5g-gsm-jammer-wifi-5ghz-bluetooth-2-4g-gps-jammer-with-10-antennas\/","title":{"rendered":"5G GSM Jammer WiFI 5Ghz Bluetooth 2.4G GPS Jammer mit 10 Antennen"},"content":{"rendered":"<p>Akku: Ni-Mh-Akku: 4500MAh Betriebszeit 1,0 Stunden +<br \/>\nGutes K\u00fchlsystem mit K\u00fchlk\u00f6rper und L\u00fcfter im Inneren, tem niedriger als 45\u2103<br \/>\nKann w\u00e4hrend des Aufladens der Batterie verwendet werden<br \/>\nUnterst\u00fctzung Stromversorgung durch Zigarettenladeger\u00e4t im Auto<br \/>\nAlle Sendefrequenzen werden nur f\u00fcr den Downlink verwendet.<br \/>\nStromversorgung\uff1a50\/60Hz\/AC 100 ~ 240V zu DC 12V<br \/>\nAbmessungen: 145 x 95 x 45mm ohne Antennen<br \/>\nGewicht 1,0 kg<\/p>\n<p>Packungsinhalt:<br \/>\n1pc Portable Signal Jammer<br \/>\n1St\u00fcck AC-Ladeger\u00e4t<br \/>\n1St\u00fcck Autoladeger\u00e4t<br \/>\n10St\u00fcck Antenne<\/p>","protected":false},"excerpt":{"rendered":"<p>2G-F\u00e4higkeiten: GSM 900, GSM 1800<br \/>\n3G-F\u00e4higkeiten: UMTS 900, UMTS 2100<br \/>\n4G-F\u00e4higkeiten: LTE 700 (B28), LTE 800 (B20), LTE 900 (B8 - Telekom und Vodafone), LTE 1800 (B3), LTE 2100 (B1), LTE 2600 (B7, B38 - Vodafone)<br \/>\n5G-F\u00e4higkeiten: 5G 3500<br \/>\nGPS L1 + Glonass L1: 1560-1620MHz<br \/>\nWFi 2.4GHz: 2400-2500MHz<br \/>\nWiFi 5.8G 11.a: 5.7-.5.9GHz<br \/>\nGPS L2 + Glonass L2: 1220-1280MHz<\/p>\n<p>Jamming Bereich: Radius 1m bis 10 Meter (f\u00fcr UAV-Drohnen 20m bis 100m)<br \/>\nDie St\u00f6rungsdistanz variiert immer in Abh\u00e4ngigkeit von der Signalst\u00e4rke und dem Standort<br \/>\nJedes Band kann ein- und ausgeschaltet werden, ohne den Betrieb der anderen B\u00e4nder zu beeinflussen.<\/p>","protected":false},"featured_media":213,"comment_status":"open","ping_status":"closed","template":"","meta":[],"product_brand":[],"product_cat":[23,15,20,25,19],"product_tag":[],"class_list":{"0":"post-212","1":"product","2":"type-product","3":"status-publish","4":"has-post-thumbnail","6":"product_cat-cell-phone-jammer","7":"product_cat-wifi-jammer","8":"product_cat-bluetooth-jammer","9":"product_cat-camera-jammer","10":"product_cat-gps-jammer","12":"first","13":"instock","14":"sale","15":"shipping-taxable","16":"purchasable","17":"product-type-simple"},"_links":{"self":[{"href":"https:\/\/www.signalsfence.com\/de\/wp-json\/wp\/v2\/product\/212","targetHints":{"allow":["GET"]}}],"collection":[{"href":"https:\/\/www.signalsfence.com\/de\/wp-json\/wp\/v2\/product"}],"about":[{"href":"https:\/\/www.signalsfence.com\/de\/wp-json\/wp\/v2\/types\/product"}],"replies":[{"embeddable":true,"href":"https:\/\/www.signalsfence.com\/de\/wp-json\/wp\/v2\/comments?post=212"}],"wp:featuredmedia":[{"embeddable":true,"href":"https:\/\/www.signalsfence.com\/de\/wp-json\/wp\/v2\/media\/213"}],"wp:attachment":[{"href":"https:\/\/www.signalsfence.com\/de\/wp-json\/wp\/v2\/media?parent=212"}],"wp:term":[{"taxonomy":"product_brand","embeddable":true,"href":"https:\/\/www.signalsfence.com\/de\/wp-json\/wp\/v2\/product_brand?post=212"},{"taxonomy":"product_cat","embeddable":true,"href":"https:\/\/www.signalsfence.com\/de\/wp-json\/wp\/v2\/product_cat?post=212"},{"taxonomy":"product_tag","embeddable":true,"href":"https:\/\/www.signalsfence.com\/de\/wp-json\/wp\/v2\/product_tag?post=212"}],"curies":[{"name":"wp","href":"https:\/\/api.w.org\/{rel}","templated":true}]}}